{"id":69483,"date":"2024-11-21T10:40:30","date_gmt":"2024-11-21T09:40:30","guid":{"rendered":"https:\/\/onesportmallorca.com\/?post_type=product&#038;p=69483"},"modified":"2025-03-25T19:34:40","modified_gmt":"2025-03-25T18:34:40","slug":"zapatillas-joma-r6000-men02-blanco-turquesa-rr600s2502","status":"publish","type":"product","link":"https:\/\/onesportmallorca.com\/ca\/producto\/zapatillas-joma-r6000-men02-blanco-turquesa-rr600s2502\/","title":{"rendered":"Zapatillas Joma R6000 MEN02 BLANCO TURQUESA (RR600S2502)"},"content":{"rendered":"<p>Zapatillas de running para hombre. Modelo de zapatillas mixtas destacado por su polivalencia, ya que podr\u00e1s darle diferentes usos como: entrenamiento, para rodar, para prepararse para una competici\u00f3n o para recuperaci\u00f3n. Su alta reactividad las convierte en perfectas para los runners m\u00e1s r\u00e1pidos.<\/p>\n<p>Upper elaborado en mesh con un elegante acabado en Jacquard personalizado, acompa\u00f1ado por perforaciones VTS destinadas a la ventilaci\u00f3n el sudor. As\u00ed, el pie se mantendr\u00e1 a temperatura constante durante toda la carrera. El sistema de ajuste termosellado JOMA SPORTECH adapta la zapatilla al pie y brinda buena sujeci\u00f3n sin a\u00f1adir apenas peso extra. Leng\u00fceta acolchada y unida al corte para mayor comodidad.<\/p>\n<p>Mediasuela con drop de 8 mm, elaborada con FLY REACTIVE. Este material ultraligero y reactivo brinda la m\u00e1xima reactividad y amortiguaci\u00f3n. Adem\u00e1s, la pieza STABILIS del tal\u00f3n estabiliza la zona y le da m\u00e1s firmeza.<\/p>\n<p>Suela de caucho DURABILITY de buena resistencia a la abrasi\u00f3n en asfalto.<\/p>\n<ul class=\"featuresul\">\n<li>Corte con mesh transpirable VTS<\/li>\n<li>Corte con sistema de ajuste termosellado SPORTECH<\/li>\n<li>Mediasuela con tecnolog\u00eda FLY REACTIVE y STABILIS<\/li>\n<li>Suela caucho DURABILITY<\/li>\n<li>Drop 8 mm<\/li>\n<li>Ritmo r\u00e1pido: menor de 4&#8242; por km<\/li>\n<li>Intensidad de uso: entrenamiento<\/li>\n<li>Superficie de uso: asfalto<\/li>\n<li>Rendimiento: alto premium<\/li>\n<\/ul>\n","protected":false},"excerpt":{"rendered":"<p>Zapatillas de running para hombre. Modelo de zapatillas mixtas destacado por su polivalencia, ya que podr\u00e1s darle diferentes usos como:<\/p>\n","protected":false},"featured_media":69555,"template":"","meta":[],"product_brand":[],"product_cat":[6383,2239],"product_tag":[],"class_list":{"0":"post-69483","1":"product","2":"type-product","3":"status-publish","4":"has-post-thumbnail","6":"product_cat-joma-ca","7":"product_cat-calcat","9":"first","10":"instock","11":"sale","12":"taxable","13":"shipping-taxable","14":"purchasable","15":"product-type-variable","16":"has-default-attributes","17":"rtwpvg-product"},"supplier_id":null,"supplier_sku":"","barcode":null,"atum_controlled":true,"out_stock_date":null,"out_stock_threshold":null,"inheritable":true,"inbound_stock":0,"stock_on_hold":0,"sold_today":8,"sales_last_days":8,"reserved_stock":0,"customer_returns":0,"warehouse_damage":0,"lost_in_post":0,"other_logs":0,"out_stock_days":null,"lost_sales":0,"has_location":true,"update_date":"2026-01-12T12:49:50","atum_locations":[{"id":6282,"name":"Tienda Onesport","slug":"tienda_onesport"}],"atum_stock_status":"outofstock","restock_status":false,"low_stock_amount":"","sales_update_date":"2025-06-02T18:02:41","calc_backorders":null,"_links":{"self":[{"href":"https:\/\/onesportmallorca.com\/ca\/wp-json\/wp\/v2\/product\/69483","targetHints":{"allow":["GET"]}}],"collection":[{"href":"https:\/\/onesportmallorca.com\/ca\/wp-json\/wp\/v2\/product"}],"about":[{"href":"https:\/\/onesportmallorca.com\/ca\/wp-json\/wp\/v2\/types\/product"}],"wp:featuredmedia":[{"embeddable":true,"href":"https:\/\/onesportmallorca.com\/ca\/wp-json\/wp\/v2\/media\/69555"}],"wp:attachment":[{"href":"https:\/\/onesportmallorca.com\/ca\/wp-json\/wp\/v2\/media?parent=69483"}],"wp:term":[{"taxonomy":"product_brand","embeddable":true,"href":"https:\/\/onesportmallorca.com\/ca\/wp-json\/wp\/v2\/product_brand?post=69483"},{"taxonomy":"product_cat","embeddable":true,"href":"https:\/\/onesportmallorca.com\/ca\/wp-json\/wp\/v2\/product_cat?post=69483"},{"taxonomy":"product_tag","embeddable":true,"href":"https:\/\/onesportmallorca.com\/ca\/wp-json\/wp\/v2\/product_tag?post=69483"}],"curies":[{"name":"wp","href":"https:\/\/api.w.org\/{rel}","templated":true}]}}