{"id":69386,"date":"2024-11-21T10:14:00","date_gmt":"2024-11-21T09:14:00","guid":{"rendered":"https:\/\/onesportmallorca.com\/?post_type=product&#038;p=69386"},"modified":"2025-02-21T12:55:24","modified_gmt":"2025-02-21T11:55:24","slug":"zapatillas-joma-r2000-2511-amarillo-fluor","status":"publish","type":"product","link":"https:\/\/onesportmallorca.com\/ca\/producto\/zapatillas-joma-r2000-2511-amarillo-fluor\/","title":{"rendered":"Zapatillas Joma R2000 2511 AMARILLO FL\u00daOR (RR200S2511)"},"content":{"rendered":"<p>Zapatillas de running. Contin\u00faa el modelo m\u00e1s c\u00f3modo, completo y polivalente de Joma, premiado por Runnea a la zapatilla revelaci\u00f3n del a\u00f1o 2023. Gracias a su versatilidad, se adaptan a varios usos y perfiles de corredor: para rodar, para recuperaci\u00f3n, para entrenamiento, para prepararse para una competici\u00f3n, entre otros.<\/p>\n<p>Upper s\u00faper ligero y transpirable con acabado en Jacquard personalizado y perforaciones VTS. Gracias a esta tecnolog\u00eda, la ventilaci\u00f3n del sudor est\u00e1 asegurada para que el pie se mantenga a temperatura constante. Sistema de ajuste termosellado JOMA SPORTECH, que sujeta el pie sin a\u00f1adir peso.<\/p>\n<p>Mediasuela reactiva con drop 10 mm y construida con el sistema de doble densidad DUAL REACTIVE: en la parte trasera lleva la tecnolog\u00eda FLY REACTIVE, un material ligero que aporta la m\u00e1xima reactividad y buena amortiguaci\u00f3n; y en la parte delantera lleva phylon para dotar de estabilidad a las deportivas.<\/p>\n<p>&nbsp;<\/p>\n<p>Suela de caucho DURABILITY para soportar la abrasi\u00f3n sobre el asfalto.<\/p>\n<ul class=\"featuresul\">\n<li>Corte con mesh transpirable VTS<\/li>\n<li>Corte con sistema de ajuste termosellado SPORTECH<\/li>\n<li>Mediasuela DUAL REACTIVE con tecnolog\u00eda FLY REACTIVE<\/li>\n<li>Suela caucho DURABILITY<\/li>\n<li>Reactividad m\u00e1xima<\/li>\n<\/ul>\n<ul class=\"featuresul\">\n<li>Drop 10 mm<\/li>\n<li>Peso 260 gr<\/li>\n<li>Ritmo r\u00e1pido: menor de 4&#8242; por km<\/li>\n<li>Intensidad de uso: entrenamiento y competici\u00f3n<\/li>\n<li>Superficie de uso: asfalto y pista<\/li>\n<li>Rendimiento: alto premium<\/li>\n<\/ul>\n","protected":false},"excerpt":{"rendered":"<p>Zapatillas de running. Contin\u00faa el modelo m\u00e1s c\u00f3modo, completo y polivalente de Joma, premiado por Runnea a la zapatilla revelaci\u00f3n<\/p>\n","protected":false},"featured_media":69427,"template":"","meta":[],"product_brand":[7223],"product_cat":[6383,2239],"product_tag":[],"class_list":{"0":"post-69386","1":"product","2":"type-product","3":"status-publish","4":"has-post-thumbnail","6":"product_brand-joma","7":"product_cat-joma-ca","8":"product_cat-calcat","10":"first","11":"instock","12":"taxable","13":"shipping-taxable","14":"purchasable","15":"product-type-variable","16":"has-default-attributes","17":"rtwpvg-product"},"supplier_id":null,"supplier_sku":"","barcode":null,"atum_controlled":true,"out_stock_date":null,"out_stock_threshold":null,"inheritable":true,"inbound_stock":0,"stock_on_hold":0,"sold_today":1,"sales_last_days":1,"reserved_stock":0,"customer_returns":0,"warehouse_damage":0,"lost_in_post":0,"other_logs":0,"out_stock_days":null,"lost_sales":0,"has_location":true,"update_date":"2025-06-02T18:02:41","atum_locations":[{"id":6282,"name":"Tienda Onesport","slug":"tienda_onesport"}],"atum_stock_status":"instock","restock_status":false,"low_stock_amount":"","sales_update_date":"2025-06-02T18:02:41","calc_backorders":null,"_links":{"self":[{"href":"https:\/\/onesportmallorca.com\/ca\/wp-json\/wp\/v2\/product\/69386","targetHints":{"allow":["GET"]}}],"collection":[{"href":"https:\/\/onesportmallorca.com\/ca\/wp-json\/wp\/v2\/product"}],"about":[{"href":"https:\/\/onesportmallorca.com\/ca\/wp-json\/wp\/v2\/types\/product"}],"wp:featuredmedia":[{"embeddable":true,"href":"https:\/\/onesportmallorca.com\/ca\/wp-json\/wp\/v2\/media\/69427"}],"wp:attachment":[{"href":"https:\/\/onesportmallorca.com\/ca\/wp-json\/wp\/v2\/media?parent=69386"}],"wp:term":[{"taxonomy":"product_brand","embeddable":true,"href":"https:\/\/onesportmallorca.com\/ca\/wp-json\/wp\/v2\/product_brand?post=69386"},{"taxonomy":"product_cat","embeddable":true,"href":"https:\/\/onesportmallorca.com\/ca\/wp-json\/wp\/v2\/product_cat?post=69386"},{"taxonomy":"product_tag","embeddable":true,"href":"https:\/\/onesportmallorca.com\/ca\/wp-json\/wp\/v2\/product_tag?post=69386"}],"curies":[{"name":"wp","href":"https:\/\/api.w.org\/{rel}","templated":true}]}}