{"id":67295,"date":"2023-01-22T23:28:26","date_gmt":"2023-01-22T22:28:26","guid":{"rendered":"https:\/\/onesportmallorca.com\/producto\/on-cloudflow-3-m-meadow-white-35-98687-m\/"},"modified":"2024-12-04T14:47:26","modified_gmt":"2024-12-04T13:47:26","slug":"on-cloudflow-3-m-meadow-white-35-98687-m","status":"publish","type":"product","link":"https:\/\/onesportmallorca.com\/ca\/producto\/on-cloudflow-3-m-meadow-white-35-98687-m\/","title":{"rendered":"On Cloudflow 3 M Meadow | White (35.98687 M)"},"content":{"rendered":"<h2 class=\"_imageTitle_1v335_89\">Velocidad a tu alcance<\/h2>\n<p class=\"_description_1v335_110\">Quer\u00edas m\u00e1s velocidad, as\u00ed que nos las ingeniamos para conseguirlo. Hemos a\u00f1adido un Speedboard\u00ae de mezcla de nailon en forma de cuchara m\u00e1s r\u00edgido, fuerte y ligero que su predecesor. Adem\u00e1s, su potente propulsi\u00f3n te catapultar\u00e1 hacia nuevas marcas personales. En pocas palabras: lo sentir\u00e1s.<\/p>\n<p>&nbsp;<\/p>\n<h2 class=\"_imageTitle_1v335_89\">Siente la ligereza<\/h2>\n<p class=\"_description_1v335_110\">La parte superior de tejido ultraligero se inspira en nuestras zapatillas m\u00e1s r\u00e1pidas: las Cloudboom Echo. \u00bfEl resultado? Una transpirabilidad y un rendimiento sin igual que hacen que acelerar el ritmo sea m\u00e1s f\u00e1cil que nunca.<\/p>\n<p>&nbsp;<\/p>\n<h2 class=\"_imageTitle_1v335_89\">Suavidad \u00f3ptima<\/h2>\n<p class=\"_description_1v335_110\">La superespuma de doble densidad CloudTec\u00ae en Helion\u2122, ahora en toda la zapatilla, absorbe mejor los impactos para que disfrutes de una pisada m\u00e1s amortiguada. Adem\u00e1s, brinda una comodidad y reactividad inmejorables en cada zancada. Esto se convierte en m\u00e1s velocidad durante m\u00e1s tiempo. \u00bfTe atreves?<\/p>\n<p>&nbsp;<\/p>\n<h2 class=\"_title_pjr0g_58\">Detalles del producto<\/h2>\n<ul class=\"_usps_pjr0g_76\">\n<li class=\"\">\n<p class=\"_usp_pjr0g_76\">Peso: 246g<\/p>\n<\/li>\n<li class=\"\">\n<p class=\"_usp_pjr0g_76\">Parte superior ligera y transpirable: vive la velocidad<\/p>\n<\/li>\n<li class=\"\">\n<p class=\"_usp_pjr0g_76\">Superespuma Helion\u2122: amortiguaci\u00f3n ultrarreactiva<\/p>\n<\/li>\n<li class=\"\">\n<p class=\"_usp_pjr0g_76\">Inspiradas en las m\u00e1s r\u00e1pidas: las Cloudboom Echo<\/p>\n<\/li>\n<li class=\"\">\n<p class=\"_usp_pjr0g_76\">Mayor propulsi\u00f3n: dale a tu pisada la reactividad que desea<\/p>\n<\/li>\n<\/ul>\n","protected":false},"excerpt":{"rendered":"<p>Velocidad a tu alcance Quer\u00edas m\u00e1s velocidad, as\u00ed que nos las ingeniamos para conseguirlo. Hemos a\u00f1adido un Speedboard\u00ae de mezcla<\/p>\n","protected":false},"featured_media":26262,"template":"","meta":[],"product_brand":[],"product_cat":[2239],"product_tag":[],"class_list":{"0":"post-67295","1":"product","2":"type-product","3":"status-publish","4":"has-post-thumbnail","6":"product_cat-calcat","8":"first","9":"outofstock","10":"sale","11":"taxable","12":"shipping-taxable","13":"purchasable","14":"product-type-variable","15":"rtwpvg-product"},"supplier_id":null,"supplier_sku":"","barcode":null,"atum_controlled":true,"out_stock_date":"2023-01-23 18:33:53","out_stock_threshold":null,"inheritable":true,"inbound_stock":0,"stock_on_hold":0,"sold_today":1,"sales_last_days":1,"reserved_stock":0,"customer_returns":0,"warehouse_damage":0,"lost_in_post":0,"other_logs":0,"out_stock_days":644,"lost_sales":0,"has_location":false,"update_date":"2025-10-02T16:42:50","atum_locations":[],"atum_stock_status":"instock","restock_status":false,"low_stock_amount":"","sales_update_date":"2025-10-02T16:42:50","calc_backorders":null,"_links":{"self":[{"href":"https:\/\/onesportmallorca.com\/ca\/wp-json\/wp\/v2\/product\/67295","targetHints":{"allow":["GET"]}}],"collection":[{"href":"https:\/\/onesportmallorca.com\/ca\/wp-json\/wp\/v2\/product"}],"about":[{"href":"https:\/\/onesportmallorca.com\/ca\/wp-json\/wp\/v2\/types\/product"}],"wp:featuredmedia":[{"embeddable":true,"href":"https:\/\/onesportmallorca.com\/ca\/wp-json\/wp\/v2\/media\/26262"}],"wp:attachment":[{"href":"https:\/\/onesportmallorca.com\/ca\/wp-json\/wp\/v2\/media?parent=67295"}],"wp:term":[{"taxonomy":"product_brand","embeddable":true,"href":"https:\/\/onesportmallorca.com\/ca\/wp-json\/wp\/v2\/product_brand?post=67295"},{"taxonomy":"product_cat","embeddable":true,"href":"https:\/\/onesportmallorca.com\/ca\/wp-json\/wp\/v2\/product_cat?post=67295"},{"taxonomy":"product_tag","embeddable":true,"href":"https:\/\/onesportmallorca.com\/ca\/wp-json\/wp\/v2\/product_tag?post=67295"}],"curies":[{"name":"wp","href":"https:\/\/api.w.org\/{rel}","templated":true}]}}