{"id":67259,"date":"2023-01-22T23:28:26","date_gmt":"2023-01-22T22:28:26","guid":{"rendered":"https:\/\/onesportmallorca.com\/producto\/on-cloudrunner-4-w-frost-aloe-46-99019-w\/"},"modified":"2024-12-04T14:46:33","modified_gmt":"2024-12-04T13:46:33","slug":"on-cloudrunner-4-w-frost-aloe-46-99019-w","status":"publish","type":"product","link":"https:\/\/onesportmallorca.com\/ca\/producto\/on-cloudrunner-4-w-frost-aloe-46-99019-w\/","title":{"rendered":"On Cloudrunner 4 W Frost | Aloe (46.99019 W)"},"content":{"rendered":"<h2 class=\"_imageTitle_1v335_89\">La reina de la espuma<\/h2>\n<p class=\"_description_1v335_110\">Da igual si est\u00e1s entre los pros o acabas de empezar: nuestra superespuma Helion\u2122 cambiar\u00e1 tu experiencia de running. La nueva entresuela maximiza la amortiguaci\u00f3n y logra un mayor retorno de energ\u00eda, mientras que la tecnolog\u00eda CloudTec\u00ae absorbe los impactos. No querr\u00e1s parar de sumar kil\u00f3metros.<\/p>\n<p>&nbsp;<\/p>\n<h2 class=\"_imageTitle_1v335_89\">Comodidad 360\u00ba<\/h2>\n<p class=\"_description_1v335_110\">Sujetar los pies desde la puntera hasta el tal\u00f3n mientras corres: esa es la misi\u00f3n de las Cloudrunner 2. Por arriba, el pie entra c\u00f3modamente con su leng\u00fceta acolchada. Por detr\u00e1s, el tal\u00f3n se estabiliza con el refuerzo lateral. \u00bfY por debajo? Con su nueva suela, las piedras se quedan en el camino.<\/p>\n<p>&nbsp;<\/p>\n<h2 class=\"_imageTitle_1v335_89\">Poli\u00e9ster 100% reciclado<\/h2>\n<p class=\"_description_1v335_110\">Las mejoras t\u00e9cnicas de las Cloudrunner 2 no se limitan a la comodidad y el rendimiento. A esta nueva generaci\u00f3n la hemos dotado de un upper de malla de poli\u00e9ster 100% reciclado. Un paso adelante para ti. Un paso sostenible para el planeta.<\/p>\n<p>&nbsp;<\/p>\n<h2 class=\"_title_pjr0g_58\">Detalles del producto<\/h2>\n<ul class=\"_usps_pjr0g_76\">\n<li class=\"\">\n<p class=\"_usp_pjr0g_76\">Peso: 230g<\/p>\n<\/li>\n<li class=\"\">\n<p class=\"_usp_pjr0g_76\">Zapatillas con soporte para correr con buenas sensaciones<\/p>\n<\/li>\n<li class=\"\">\n<p class=\"_usp_pjr0g_76\">Upper de malla t\u00e9cnica 100% reciclada dise\u00f1ada en Suiza<\/p>\n<\/li>\n<li class=\"\">\n<p class=\"_usp_pjr0g_76\">Entresuela de superespuma Helion\u2122 con m\u00e1s retorno de energ\u00eda<\/p>\n<\/li>\n<li class=\"\">\n<p class=\"_usp_pjr0g_76\">Suela con patr\u00f3n mejorado para no atrapar piedras al correr<\/p>\n<\/li>\n<li class=\"\">\n<p class=\"_usp_pjr0g_76\">Amortiguaci\u00f3n CloudTec\u00ae que absorbe los impactos<\/p>\n<\/li>\n<li class=\"\">\n<p class=\"_usp_pjr0g_76\">C\u00f3moda leng\u00fceta acolchada para pon\u00e9rselas f\u00e1cilmente<\/p>\n<\/li>\n<li class=\"\">\n<p class=\"_usp_pjr0g_76\">M\u00e1ximo soporte con refuerzo lateral en el tal\u00f3n y el upper<\/p>\n<\/li>\n<li class=\"\">\n<p class=\"_usp_pjr0g_76\">Trabilla en la leng\u00fceta para que no se muevan los cordones<\/p>\n<\/li>\n<\/ul>\n","protected":false},"excerpt":{"rendered":"<p>La reina de la espuma Da igual si est\u00e1s entre los pros o acabas de empezar: nuestra superespuma Helion\u2122 cambiar\u00e1<\/p>\n","protected":false},"featured_media":26265,"template":"","meta":[],"product_brand":[],"product_cat":[2239],"product_tag":[],"class_list":{"0":"post-67259","1":"product","2":"type-product","3":"status-publish","4":"has-post-thumbnail","6":"product_cat-calcat","8":"first","9":"instock","10":"taxable","11":"shipping-taxable","12":"purchasable","13":"product-type-variable","14":"rtwpvg-product"},"supplier_id":null,"supplier_sku":"","barcode":null,"atum_controlled":true,"out_stock_date":"2023-01-24 10:04:06","out_stock_threshold":null,"inheritable":true,"inbound_stock":0,"stock_on_hold":0,"sold_today":2,"sales_last_days":2,"reserved_stock":0,"customer_returns":0,"warehouse_damage":0,"lost_in_post":0,"other_logs":0,"out_stock_days":680,"lost_sales":0,"has_location":false,"update_date":"2025-10-01T21:13:49","atum_locations":[],"atum_stock_status":"instock","restock_status":false,"low_stock_amount":"","sales_update_date":"2025-10-01T21:13:49","calc_backorders":null,"_links":{"self":[{"href":"https:\/\/onesportmallorca.com\/ca\/wp-json\/wp\/v2\/product\/67259","targetHints":{"allow":["GET"]}}],"collection":[{"href":"https:\/\/onesportmallorca.com\/ca\/wp-json\/wp\/v2\/product"}],"about":[{"href":"https:\/\/onesportmallorca.com\/ca\/wp-json\/wp\/v2\/types\/product"}],"wp:featuredmedia":[{"embeddable":true,"href":"https:\/\/onesportmallorca.com\/ca\/wp-json\/wp\/v2\/media\/26265"}],"wp:attachment":[{"href":"https:\/\/onesportmallorca.com\/ca\/wp-json\/wp\/v2\/media?parent=67259"}],"wp:term":[{"taxonomy":"product_brand","embeddable":true,"href":"https:\/\/onesportmallorca.com\/ca\/wp-json\/wp\/v2\/product_brand?post=67259"},{"taxonomy":"product_cat","embeddable":true,"href":"https:\/\/onesportmallorca.com\/ca\/wp-json\/wp\/v2\/product_cat?post=67259"},{"taxonomy":"product_tag","embeddable":true,"href":"https:\/\/onesportmallorca.com\/ca\/wp-json\/wp\/v2\/product_tag?post=67259"}],"curies":[{"name":"wp","href":"https:\/\/api.w.org\/{rel}","templated":true}]}}