{"id":66569,"date":"2023-09-20T12:24:37","date_gmt":"2023-09-20T10:24:37","guid":{"rendered":"https:\/\/onesportmallorca.com\/producto\/zapatillas-adidas-barricade-fmt-cl-m-arctic-night-id1557\/"},"modified":"2024-11-29T13:45:08","modified_gmt":"2024-11-29T12:45:08","slug":"zapatillas-adidas-barricade-fmt-cl-m-arctic-night-id1557","status":"publish","type":"product","link":"https:\/\/onesportmallorca.com\/ca\/producto\/zapatillas-adidas-barricade-fmt-cl-m-arctic-night-id1557\/","title":{"rendered":"Zapatillas Adidas Barricade FMT CL M Arctic Night (ID1557)"},"content":{"rendered":"<h3 class=\"subtitle___9ljbp\">Inimitable. Imparable. Barricade<\/h3>\n<p class=\"gl-vspace\">Adu\u00e9\u00f1ate de la pista con esta zapatilla de tenis adidas Barricade. La tecnolog\u00eda Torsion System te proporciona una estabilidad que siempre juega a tu favor, mientras que el sistema de lazada asim\u00e9trico te ofrece un ajuste \u00f3ptimo en los cambios de direcci\u00f3n r\u00e1pidos y deslizamientos. La mediasuela REPETITOR aporta sujeci\u00f3n y favorece una transici\u00f3n m\u00e1s suave. Las inserciones de espuma Sensepod con tecnolog\u00eda Geofit se adaptan a la forma del tal\u00f3n y lo sujetan de forma segura hasta el \u00faltimo punto del partido. Este producto contiene al menos un 20% de materiales reciclados. Utilizando materiales reciclados, reducimos los residuos, nuestra dependencia de los recursos finitos y la huella que generan los productos que fabricamos.<\/p>\n<p>&nbsp;<\/p>\n<section class=\"content-item___3yeDy content-visibility-auto full-width-never___3eH3H overflow___16dqW visible accordion-content-item___27JBt\">\n<div id=\"navigation-target-specifications\">\n<div class=\"accordion___14pj8 accordion--open___14Ep0\" data-testid=\"accordion\">\n<div class=\"accordion__content___29x9h\">\n<div class=\"content-padding___2kVWQ\">\n<div class=\"bullets___3bsSs\" data-auto-id=\"specifications-section\">\n<ul class=\"gl-list\">\n<li class=\"gl-vspace-bpall-small\">Horma cl\u00e1sica<\/li>\n<li class=\"gl-vspace-bpall-small\">Cierre de cordones<\/li>\n<li class=\"gl-vspace-bpall-small\">Parte superior de malla transpirable<\/li>\n<li class=\"gl-vspace-bpall-small\">Tecnolog\u00eda Geofit con inserciones de espuma Sensepod para un ajuste preciso en el tal\u00f3n<\/li>\n<li class=\"gl-vspace-bpall-small\">Mediasuela REPETITOR<\/li>\n<li class=\"gl-vspace-bpall-small\">Tecnolog\u00eda Torsion System<\/li>\n<li class=\"gl-vspace-bpall-small\">Suela Adiwear<\/li>\n<li class=\"gl-vspace-bpall-small\">Contiene al menos un 20% de material reciclado<\/li>\n<\/ul>\n<\/div>\n<\/div>\n<\/div>\n<\/div>\n<\/div>\n<\/section>\n<section class=\"content-item___3yeDy content-visibility-auto full-width-always___3jSLj visible non-accordion___20roA\">\n<div id=\"navigation-target-complete-the-look\">\n<div class=\"product-recommendations-wrapper___23qZE\" data-autoid=\"product-recommendations\">\n<div class=\"_carousel-context_upsn4_2104\" role=\"section\" data-testid=\"carousel-section\"><\/div>\n<\/div>\n<\/div>\n<\/section>\n","protected":false},"excerpt":{"rendered":"<p>Inimitable. Imparable. Barricade Adu\u00e9\u00f1ate de la pista con esta zapatilla de tenis adidas Barricade. La tecnolog\u00eda Torsion System te proporciona<\/p>\n","protected":false},"featured_media":31422,"template":"","meta":[],"product_brand":[],"product_cat":[2239],"product_tag":[],"class_list":{"0":"post-66569","1":"product","2":"type-product","3":"status-publish","4":"has-post-thumbnail","6":"product_cat-calcat","8":"first","9":"outofstock","10":"taxable","11":"shipping-taxable","12":"purchasable","13":"product-type-variable","14":"rtwpvg-product"},"supplier_id":null,"supplier_sku":"","barcode":null,"atum_controlled":true,"out_stock_date":null,"out_stock_threshold":null,"inheritable":true,"inbound_stock":0,"stock_on_hold":0,"sold_today":3,"sales_last_days":3,"reserved_stock":0,"customer_returns":0,"warehouse_damage":0,"lost_in_post":0,"other_logs":0,"out_stock_days":null,"lost_sales":0,"has_location":true,"update_date":"2025-07-07T09:03:42","atum_locations":[{"id":5967,"name":"Shop Duva","slug":"shop_duva"}],"atum_stock_status":"instock","restock_status":false,"low_stock_amount":"","sales_update_date":"2025-03-27T12:57:30","calc_backorders":null,"_links":{"self":[{"href":"https:\/\/onesportmallorca.com\/ca\/wp-json\/wp\/v2\/product\/66569","targetHints":{"allow":["GET"]}}],"collection":[{"href":"https:\/\/onesportmallorca.com\/ca\/wp-json\/wp\/v2\/product"}],"about":[{"href":"https:\/\/onesportmallorca.com\/ca\/wp-json\/wp\/v2\/types\/product"}],"wp:featuredmedia":[{"embeddable":true,"href":"https:\/\/onesportmallorca.com\/ca\/wp-json\/wp\/v2\/media\/31422"}],"wp:attachment":[{"href":"https:\/\/onesportmallorca.com\/ca\/wp-json\/wp\/v2\/media?parent=66569"}],"wp:term":[{"taxonomy":"product_brand","embeddable":true,"href":"https:\/\/onesportmallorca.com\/ca\/wp-json\/wp\/v2\/product_brand?post=66569"},{"taxonomy":"product_cat","embeddable":true,"href":"https:\/\/onesportmallorca.com\/ca\/wp-json\/wp\/v2\/product_cat?post=66569"},{"taxonomy":"product_tag","embeddable":true,"href":"https:\/\/onesportmallorca.com\/ca\/wp-json\/wp\/v2\/product_tag?post=66569"}],"curies":[{"name":"wp","href":"https:\/\/api.w.org\/{rel}","templated":true}]}}