{"id":66381,"date":"2023-11-22T13:09:52","date_gmt":"2023-11-22T12:09:52","guid":{"rendered":"https:\/\/onesportmallorca.com\/producto\/ad-zapatillas-adidas-terrex-soulstride-flow-hp5565\/"},"modified":"2025-03-27T10:59:00","modified_gmt":"2025-03-27T09:59:00","slug":"ad-zapatillas-adidas-terrex-soulstride-flow-hp5565","status":"publish","type":"product","link":"https:\/\/onesportmallorca.com\/ca\/producto\/ad-zapatillas-adidas-terrex-soulstride-flow-hp5565\/","title":{"rendered":"Ad, Zapatillas Adidas Terrex Soulstride Flow (HP5565)"},"content":{"rendered":"<h3 class=\"subtitle___9ljbp\">M\u00e1s lejos y m\u00e1s r\u00e1pido<\/h3>\n<p class=\"gl-vspace\">La TERREX SOULSTRIDE FLOW es perfecta para acumular kil\u00f3metros en la monta\u00f1a. Esta zapatilla de trail running presenta una mediasuela de EVA ligera que amortigua tu zancada y te permite avanzar con comodidad. La suela con compuesto de caucho Continental\u2122 te garantiza una adherencia excepcional en superficies rocosas y embarradas, mientras que la parte superior de malla t\u00e9cnica te aporta sujeci\u00f3n, flexibilidad y ventilaci\u00f3n en las zonas donde m\u00e1s las necesitas.<\/p>\n<p>&nbsp;<\/p>\n<section class=\"content-item___3yeDy content-visibility-auto full-width-never___3eH3H overflow___16dqW visible accordion-content-item___27JBt\">\n<div id=\"navigation-target-specifications\">\n<div class=\"accordion___14pj8 accordion--open___14Ep0\" data-testid=\"accordion\">\n<div class=\"accordion__content___29x9h\">\n<div class=\"content-padding___2kVWQ\">\n<div class=\"bullets___3bsSs\" data-auto-id=\"specifications-section\">\n<ul class=\"gl-list\">\n<li class=\"gl-vspace-bpall-small\">Cierre de cordones<\/li>\n<li class=\"gl-vspace-bpall-small\">Parte superior de malla t\u00e9cnica con refuerzos sellados<\/li>\n<li class=\"gl-vspace-bpall-small\">Leng\u00fceta reforzada<\/li>\n<li class=\"gl-vspace-bpall-small\">Mediasuela REPETITOR<\/li>\n<li class=\"gl-vspace-bpall-small\">Plantilla moldeada<\/li>\n<\/ul>\n<ul class=\"gl-list\">\n<li class=\"gl-vspace-bpall-small\">Drop: 8 mm (tal\u00f3n: 32 mm \/ antepi\u00e9: 24 mm)<\/li>\n<li class=\"gl-vspace-bpall-small\">Suela con compuesto de caucho Continental\u2122<\/li>\n<li class=\"gl-vspace-bpall-small\">La parte superior contiene al menos un 50% de material reciclado<\/li>\n<li class=\"gl-vspace-bpall-small\">Color del art\u00edculo: Core Black \/ Crystal White \/ Impact Orange<\/li>\n<li class=\"gl-vspace-bpall-small\">N\u00famero de art\u00edculo: HP5565<\/li>\n<\/ul>\n<\/div>\n<\/div>\n<\/div>\n<\/div>\n<\/div>\n<\/section>\n<section class=\"content-item___3yeDy content-visibility-auto full-width-always___3jSLj visible non-accordion___20roA\">\n<div id=\"navigation-target-recommendations-1\">\n<div class=\"product-recommendations-wrapper___23qZE\" data-autoid=\"product-recommendations\">\n<div class=\"_carousel-context_upsn4_2104\" role=\"section\" data-testid=\"carousel-section\"><\/div>\n<\/div>\n<\/div>\n<\/section>\n<p>&nbsp;<\/p>\n<p>&nbsp;<\/p>\n","protected":false},"excerpt":{"rendered":"<p>M\u00e1s lejos y m\u00e1s r\u00e1pido La TERREX SOULSTRIDE FLOW es perfecta para acumular kil\u00f3metros en la monta\u00f1a. Esta zapatilla de<\/p>\n","protected":false},"featured_media":29173,"template":"","meta":[],"product_brand":[7193],"product_cat":[2239],"product_tag":[],"class_list":{"0":"post-66381","1":"product","2":"type-product","3":"status-publish","4":"has-post-thumbnail","6":"product_brand-adidas","7":"product_cat-calcat","9":"first","10":"instock","11":"sale","12":"taxable","13":"shipping-taxable","14":"purchasable","15":"product-type-variable","16":"rtwpvg-product"},"supplier_id":null,"supplier_sku":"","barcode":null,"atum_controlled":true,"out_stock_date":null,"out_stock_threshold":null,"inheritable":true,"inbound_stock":0,"stock_on_hold":0,"sold_today":2,"sales_last_days":3,"reserved_stock":0,"customer_returns":0,"warehouse_damage":0,"lost_in_post":0,"other_logs":0,"out_stock_days":null,"lost_sales":0,"has_location":true,"update_date":"2025-05-24T10:38:09","atum_locations":[{"id":5967,"name":"Shop Duva","slug":"shop_duva"}],"atum_stock_status":"instock","restock_status":false,"low_stock_amount":"","sales_update_date":"2025-04-03T11:22:42","calc_backorders":null,"_links":{"self":[{"href":"https:\/\/onesportmallorca.com\/ca\/wp-json\/wp\/v2\/product\/66381","targetHints":{"allow":["GET"]}}],"collection":[{"href":"https:\/\/onesportmallorca.com\/ca\/wp-json\/wp\/v2\/product"}],"about":[{"href":"https:\/\/onesportmallorca.com\/ca\/wp-json\/wp\/v2\/types\/product"}],"wp:featuredmedia":[{"embeddable":true,"href":"https:\/\/onesportmallorca.com\/ca\/wp-json\/wp\/v2\/media\/29173"}],"wp:attachment":[{"href":"https:\/\/onesportmallorca.com\/ca\/wp-json\/wp\/v2\/media?parent=66381"}],"wp:term":[{"taxonomy":"product_brand","embeddable":true,"href":"https:\/\/onesportmallorca.com\/ca\/wp-json\/wp\/v2\/product_brand?post=66381"},{"taxonomy":"product_cat","embeddable":true,"href":"https:\/\/onesportmallorca.com\/ca\/wp-json\/wp\/v2\/product_cat?post=66381"},{"taxonomy":"product_tag","embeddable":true,"href":"https:\/\/onesportmallorca.com\/ca\/wp-json\/wp\/v2\/product_tag?post=66381"}],"curies":[{"name":"wp","href":"https:\/\/api.w.org\/{rel}","templated":true}]}}