{"id":66309,"date":"2024-02-28T12:58:28","date_gmt":"2024-02-28T11:58:28","guid":{"rendered":"https:\/\/onesportmallorca.com\/producto\/on-cloudsurfer-w-all-black-3wd10440485-w\/"},"modified":"2024-12-04T13:59:55","modified_gmt":"2024-12-04T12:59:55","slug":"on-cloudsurfer-w-all-black-3wd10440485-w","status":"publish","type":"product","link":"https:\/\/onesportmallorca.com\/ca\/producto\/on-cloudsurfer-w-all-black-3wd10440485-w\/","title":{"rendered":"On Cloudsurfer W All Black (3WD10440485 W)"},"content":{"rendered":"<h2 class=\"_imageTitle_1v335_89\">Esto es CloudTec Phase\u2122<\/h2>\n<p class=\"_description_1v335_110\">Hemos creado una versi\u00f3n adaptada de nuestra exclusiva tecnolog\u00eda CloudTec\u00ae sin dejar nada al azar. Utilizando el An\u00e1lisis de Elementos Finitos (FEA), simulamos c\u00f3mo reacciona cada componente de la zapatilla cuando corremos. Gracias a este m\u00e9todo, hemos logrado la entresuela perfecta, que transfiere el peso del tal\u00f3n a la puntera con naturalidad: se llama CloudTec Phase\u00ae y ha dado pie a una nueva forma de entender la amortiguaci\u00f3n.<\/p>\n<p>&nbsp;<\/p>\n<h2 class=\"_imageTitle_1v335_89\">Pero, \u00bfpor qu\u00e9 Phase?<\/h2>\n<p class=\"_description_1v335_110\">Con CloudTec Phase\u00ae, los elementos Cloud generados por ordenador se comprimen uno a uno cuando el pie toca el suelo. \u00bfEl resultado? Amortiguaci\u00f3n superior y transici\u00f3n de peso ultrasuave del tal\u00f3n a la puntera.<\/p>\n<p>&nbsp;<\/p>\n<h2 class=\"_imageTitle_1v335_89\">Menos pl\u00e1stico y agua<\/h2>\n<p class=\"_description_1v335_110\">No nos subimos a la ola de la sostenibilidad. La hacemos crecer m\u00e1s y m\u00e1s. Las Cloudsurfer se ti\u00f1en con Dope Dye, un proceso que requiere un 90% menos de agua. Tambi\u00e9n eliminamos las capas de pl\u00e1stico y aumentamos el contenido total reciclado al 30%.<\/p>\n<p>&nbsp;<\/p>\n<h2 class=\"_title_pjr0g_58\">Detalles del producto<\/h2>\n<ul class=\"_usps_pjr0g_76\">\n<li class=\"\">\n<p class=\"_usp_pjr0g_76\">Peso: 245g<\/p>\n<\/li>\n<li class=\"\">\n<p class=\"_usp_pjr0g_76\">Tecnolog\u00eda CloudTec Phase\u00ae: una amortiguaci\u00f3n que se nota<\/p>\n<\/li>\n<li class=\"\">\n<p class=\"_usp_pjr0g_76\">Entresuela optimizada por ordenador para una suavidad m\u00e1xima<\/p>\n<\/li>\n<li class=\"\">\n<p class=\"_usp_pjr0g_76\">Menos pl\u00e1stico y un 30% de materiales reciclados<\/p>\n<\/li>\n<li class=\"\">\n<p class=\"_usp_pjr0g_76\">Te\u00f1idas con la tecnolog\u00eda Dope Dye para ahorrar agua<\/p>\n<\/li>\n<li class=\"\">\n<p class=\"_usp_pjr0g_76\">Superespuma Helion\u2122: tecnolog\u00eda pionera para una amortiguaci\u00f3n superior<\/p>\n<\/li>\n<li class=\"\">\n<p class=\"_usp_pjr0g_76\">Su nueva entresuela amortigua sin necesidad de Speedboard\u00ae<\/p>\n<\/li>\n<li class=\"\">\n<p class=\"_usp_pjr0g_76\">Al tener menos componentes, es m\u00e1s ligera y f\u00e1cil de reciclar<\/p>\n<\/li>\n<li class=\"\">\n<p class=\"_usp_pjr0g_76\">Finas almohadillas de goma para una tracci\u00f3n \u00f3ptima en cualquier condici\u00f3n<\/p>\n<\/li>\n<\/ul>\n","protected":false},"excerpt":{"rendered":"<p>Esto es CloudTec Phase\u2122 Hemos creado una versi\u00f3n adaptada de nuestra exclusiva tecnolog\u00eda CloudTec\u00ae sin dejar nada al azar. Utilizando<\/p>\n","protected":false},"featured_media":35642,"template":"","meta":[],"product_brand":[],"product_cat":[2239],"product_tag":[],"class_list":{"0":"post-66309","1":"product","2":"type-product","3":"status-publish","4":"has-post-thumbnail","6":"product_cat-calcat","8":"first","9":"outofstock","10":"sale","11":"taxable","12":"shipping-taxable","13":"purchasable","14":"product-type-variable","15":"rtwpvg-product"},"supplier_id":null,"supplier_sku":"","barcode":null,"atum_controlled":true,"out_stock_date":null,"out_stock_threshold":null,"inheritable":true,"inbound_stock":0,"stock_on_hold":0,"sold_today":0,"sales_last_days":0,"reserved_stock":0,"customer_returns":0,"warehouse_damage":0,"lost_in_post":0,"other_logs":0,"out_stock_days":null,"lost_sales":0,"has_location":true,"update_date":"2026-03-18T12:44:45","atum_locations":[{"id":5969,"name":"Nu'u","slug":"nuu"},{"id":5967,"name":"Shop Duva","slug":"shop_duva"}],"atum_stock_status":"instock","restock_status":false,"low_stock_amount":"","sales_update_date":"2025-12-05T13:44:23","calc_backorders":null,"_links":{"self":[{"href":"https:\/\/onesportmallorca.com\/ca\/wp-json\/wp\/v2\/product\/66309","targetHints":{"allow":["GET"]}}],"collection":[{"href":"https:\/\/onesportmallorca.com\/ca\/wp-json\/wp\/v2\/product"}],"about":[{"href":"https:\/\/onesportmallorca.com\/ca\/wp-json\/wp\/v2\/types\/product"}],"wp:featuredmedia":[{"embeddable":true,"href":"https:\/\/onesportmallorca.com\/ca\/wp-json\/wp\/v2\/media\/35642"}],"wp:attachment":[{"href":"https:\/\/onesportmallorca.com\/ca\/wp-json\/wp\/v2\/media?parent=66309"}],"wp:term":[{"taxonomy":"product_brand","embeddable":true,"href":"https:\/\/onesportmallorca.com\/ca\/wp-json\/wp\/v2\/product_brand?post=66309"},{"taxonomy":"product_cat","embeddable":true,"href":"https:\/\/onesportmallorca.com\/ca\/wp-json\/wp\/v2\/product_cat?post=66309"},{"taxonomy":"product_tag","embeddable":true,"href":"https:\/\/onesportmallorca.com\/ca\/wp-json\/wp\/v2\/product_tag?post=66309"}],"curies":[{"name":"wp","href":"https:\/\/api.w.org\/{rel}","templated":true}]}}