{"id":65864,"date":"2024-10-25T10:51:13","date_gmt":"2024-10-25T08:51:13","guid":{"rendered":"https:\/\/onesportmallorca.com\/?post_type=product&#038;p=65864"},"modified":"2024-10-28T20:57:36","modified_gmt":"2024-10-28T18:57:36","slug":"pala-padel-siux-viking-iii","status":"publish","type":"product","link":"https:\/\/onesportmallorca.com\/ca\/producto\/pala-padel-siux-viking-iii\/","title":{"rendered":"Pala Padel SIUX Viking III"},"content":{"rendered":"<p>Esta nueva versi\u00f3n contin\u00faa la l\u00ednea marcada por su predecesora, por lo que es una pala de potencia pensada para jugadores que busquen mejorar su nivel en el juego ofensivo.<\/p>\n<p>Su estructura externa est\u00e1 compuesta por fibra de vidrio y en su interior cuenta con goma EVA Soft de alta densidad, de manera que proporciona un plus de potencia. Adem\u00e1s, tambi\u00e9n consigue una buena amortiguaci\u00f3n del golpeo, reduciendo las vibraciones que llegan al brazo del jugador.<\/p>\n","protected":false},"excerpt":{"rendered":"<p>Esta nueva versi\u00f3n contin\u00faa la l\u00ednea marcada por su predecesora, por lo que es una pala de potencia pensada para<\/p>\n","protected":false},"featured_media":65888,"template":"","meta":[],"product_brand":[],"product_cat":[6556,2263],"product_tag":[],"class_list":{"0":"post-65864","1":"product","2":"type-product","3":"status-publish","4":"has-post-thumbnail","6":"product_cat-siux-ca","7":"product_cat-pala-ca","9":"first","10":"outofstock","11":"sale","12":"taxable","13":"shipping-taxable","14":"purchasable","15":"product-type-simple"},"supplier_id":null,"supplier_sku":"","barcode":null,"atum_controlled":true,"out_stock_date":"2025-02-20 16:42:06","out_stock_threshold":null,"inheritable":false,"inbound_stock":0,"stock_on_hold":0,"sold_today":0,"sales_last_days":0,"reserved_stock":0,"customer_returns":0,"warehouse_damage":0,"lost_in_post":0,"other_logs":0,"out_stock_days":87,"lost_sales":2485,"has_location":true,"update_date":"2025-05-19T14:11:42","atum_locations":[{"id":5967,"name":"Shop Duva","slug":"shop_duva"}],"atum_stock_status":"outofstock","restock_status":false,"low_stock_amount":"","sales_update_date":"2025-05-19T14:11:42","calc_backorders":null,"_links":{"self":[{"href":"https:\/\/onesportmallorca.com\/ca\/wp-json\/wp\/v2\/product\/65864","targetHints":{"allow":["GET"]}}],"collection":[{"href":"https:\/\/onesportmallorca.com\/ca\/wp-json\/wp\/v2\/product"}],"about":[{"href":"https:\/\/onesportmallorca.com\/ca\/wp-json\/wp\/v2\/types\/product"}],"wp:featuredmedia":[{"embeddable":true,"href":"https:\/\/onesportmallorca.com\/ca\/wp-json\/wp\/v2\/media\/65888"}],"wp:attachment":[{"href":"https:\/\/onesportmallorca.com\/ca\/wp-json\/wp\/v2\/media?parent=65864"}],"wp:term":[{"taxonomy":"product_brand","embeddable":true,"href":"https:\/\/onesportmallorca.com\/ca\/wp-json\/wp\/v2\/product_brand?post=65864"},{"taxonomy":"product_cat","embeddable":true,"href":"https:\/\/onesportmallorca.com\/ca\/wp-json\/wp\/v2\/product_cat?post=65864"},{"taxonomy":"product_tag","embeddable":true,"href":"https:\/\/onesportmallorca.com\/ca\/wp-json\/wp\/v2\/product_tag?post=65864"}],"curies":[{"name":"wp","href":"https:\/\/api.w.org\/{rel}","templated":true}]}}