{"id":65722,"date":"2024-10-24T13:05:55","date_gmt":"2024-10-24T11:05:55","guid":{"rendered":"https:\/\/onesportmallorca.com\/?post_type=product&#038;p=65722"},"modified":"2024-10-24T17:50:39","modified_gmt":"2024-10-24T15:50:39","slug":"mallas-endless-twice-hw-40178","status":"publish","type":"product","link":"https:\/\/onesportmallorca.com\/ca\/producto\/mallas-endless-twice-hw-40178\/","title":{"rendered":"Mallas Endless TWICE HW (40178)"},"content":{"rendered":"<p>Las Mallas Endless\u00ae Twice HW est\u00e1n elaboradas con tejido compresivo Pro-Dynamic que te proporciona m\u00e1xima comodidad y libertad de movimientos. Ligeras y de tacto suave, se adaptan perfectamente a tu cuerpo. Gracias a su tecnolog\u00eda multifilamentos, absorben el sudor y lo expulsan r\u00e1pidamente para ayudarte a estar seca y c\u00f3moda durante tu actividad. Adem\u00e1s, te protegen de las radiaciones solares con un factor de protecci\u00f3n UPF 50 en las \u00e1reas cubiertas por el tejido.<\/p>\n<p>\u00bfQu\u00e9 la hace especial?<\/p>\n<p>\u2022 Bolsillo adicional en el lado derecho dise\u00f1ado especificamente para jugadoras zurdas.<br \/>\n\u2022 Bolsillo lateral el\u00e1stico ideal para guardar la pelota, las llaves o el m\u00f3vil.<br \/>\n\u2022 Efecto Push-Up que estiliza, moldea y favorece los gl\u00fateos.<br \/>\n\u2022 Paneles posteriores con rejilla el\u00e1stica que aumentan la transpiraci\u00f3n.<br \/>\n\u2022 Dise\u00f1adas con cintura alta ergon\u00f3mica que aumenta la sujeci\u00f3n y disimula el volumen abdominal.<br \/>\n\u2022 Acabado con costuras planas ergon\u00f3micas para evitar inc\u00f3modas rozaduras.<br \/>\n\u2022 Tacto extra-suave.<br \/>\n\u2022 Se mantiene igual lavado tras lavado.<\/p>\n<p>Composici\u00f3n:<\/p>\n<p>75% Poli\u00e9ster \u2013 25% Elastano<\/p>\n","protected":false},"excerpt":{"rendered":"<p>Las Mallas Endless\u00ae Twice HW est\u00e1n elaboradas con tejido compresivo Pro-Dynamic que te proporciona m\u00e1xima comodidad y libertad de movimientos.<\/p>\n","protected":false},"featured_media":65747,"template":"","meta":[],"product_brand":[],"product_cat":[6386,2257],"product_tag":[],"class_list":{"0":"post-65722","1":"product","2":"type-product","3":"status-publish","4":"has-post-thumbnail","6":"product_cat-endless-ca","7":"product_cat-malla-ca","9":"first","10":"outofstock","11":"taxable","12":"shipping-taxable","13":"purchasable","14":"product-type-variable","15":"has-default-attributes","16":"rtwpvg-product"},"supplier_id":null,"supplier_sku":"","barcode":null,"atum_controlled":true,"out_stock_date":null,"out_stock_threshold":null,"inheritable":true,"inbound_stock":0,"stock_on_hold":0,"sold_today":1,"sales_last_days":1,"reserved_stock":0,"customer_returns":0,"warehouse_damage":0,"lost_in_post":0,"other_logs":0,"out_stock_days":null,"lost_sales":0,"has_location":false,"update_date":"2025-01-22T10:46:18","atum_locations":[],"atum_stock_status":"instock","restock_status":false,"low_stock_amount":"","sales_update_date":"2025-01-22T10:46:18","calc_backorders":null,"_links":{"self":[{"href":"https:\/\/onesportmallorca.com\/ca\/wp-json\/wp\/v2\/product\/65722","targetHints":{"allow":["GET"]}}],"collection":[{"href":"https:\/\/onesportmallorca.com\/ca\/wp-json\/wp\/v2\/product"}],"about":[{"href":"https:\/\/onesportmallorca.com\/ca\/wp-json\/wp\/v2\/types\/product"}],"wp:featuredmedia":[{"embeddable":true,"href":"https:\/\/onesportmallorca.com\/ca\/wp-json\/wp\/v2\/media\/65747"}],"wp:attachment":[{"href":"https:\/\/onesportmallorca.com\/ca\/wp-json\/wp\/v2\/media?parent=65722"}],"wp:term":[{"taxonomy":"product_brand","embeddable":true,"href":"https:\/\/onesportmallorca.com\/ca\/wp-json\/wp\/v2\/product_brand?post=65722"},{"taxonomy":"product_cat","embeddable":true,"href":"https:\/\/onesportmallorca.com\/ca\/wp-json\/wp\/v2\/product_cat?post=65722"},{"taxonomy":"product_tag","embeddable":true,"href":"https:\/\/onesportmallorca.com\/ca\/wp-json\/wp\/v2\/product_tag?post=65722"}],"curies":[{"name":"wp","href":"https:\/\/api.w.org\/{rel}","templated":true}]}}