{"id":65657,"date":"2024-10-24T12:50:30","date_gmt":"2024-10-24T10:50:30","guid":{"rendered":"https:\/\/onesportmallorca.com\/?post_type=product&#038;p=65657"},"modified":"2024-10-28T20:57:37","modified_gmt":"2024-10-28T18:57:37","slug":"chaqueta-endless-obex-w","status":"publish","type":"product","link":"https:\/\/onesportmallorca.com\/ca\/producto\/chaqueta-endless-obex-w\/","title":{"rendered":"Chaqueta Endless OBEX W"},"content":{"rendered":"<p>La chaqueta Endless\u00ae Obex es c\u00e1lida y t\u00e9cnica a partes iguales. Fabricada con tejido soft-shell de alto rendimiento, \u00e9s bi-el\u00e1stica, transpirable y s\u00faper ligera. Con ella podr\u00e1s hacer el calentamiento c\u00f3modamente, movi\u00e9ndote sin l\u00edmites. Y gracias a su interior felpado, sentir\u00e1s la calidez que necesitas cuando bajan las temperaturas.<\/p>\n<p>Qu\u00e9 la hace especial:<br \/>\n\u2022 El\u00e1stica: Dise\u00f1ado como si fuera una segunda piel, te permite moverte sin l\u00edmites.<br \/>\n\u2022 Transpirable: El tejido de secado r\u00e1pido expulsa la humedad a la superficie para que se evapore, manteniendo el cuerpo seco, fresco y c\u00f3modo durante la actividad f\u00edsica.<br \/>\n\u2022 Suave: Tacto extra-suave muy agradable.<br \/>\n\u2022 Incorpora cremallera de alta gama YKK\u00ae.<br \/>\n\u2022 Acabada con costuras planas ergon\u00f3micas para evitar inc\u00f3modas rozaduras.<\/p>\n<p>AJUSTE: Corte SlimFit ajustado. Si est\u00e1s entre 2 tallas, elige la talla m\u00e1s grande.<\/p>\n<p>Composici\u00f3n:<br \/>\nSoftShell: 80% Poliamida \u2013 20% Lycra\u00ae<\/p>\n","protected":false},"excerpt":{"rendered":"<p>La chaqueta Endless\u00ae Obex es c\u00e1lida y t\u00e9cnica a partes iguales. Fabricada con tejido soft-shell de alto rendimiento, \u00e9s bi-el\u00e1stica,<\/p>\n","protected":false},"featured_media":65698,"template":"","meta":[],"product_brand":[],"product_cat":[6386,2243],"product_tag":[],"class_list":{"0":"post-65657","1":"product","2":"type-product","3":"status-publish","4":"has-post-thumbnail","6":"product_cat-endless-ca","7":"product_cat-jaqueta","9":"first","10":"instock","11":"taxable","12":"shipping-taxable","13":"purchasable","14":"product-type-variable","15":"has-default-attributes","16":"rtwpvg-product"},"supplier_id":null,"supplier_sku":"","barcode":null,"atum_controlled":true,"out_stock_date":null,"out_stock_threshold":null,"inheritable":true,"inbound_stock":0,"stock_on_hold":0,"sold_today":1,"sales_last_days":1,"reserved_stock":0,"customer_returns":0,"warehouse_damage":0,"lost_in_post":0,"other_logs":0,"out_stock_days":null,"lost_sales":0,"has_location":true,"update_date":"2025-03-27T13:03:43","atum_locations":[{"id":6282,"name":"Tienda Onesport","slug":"tienda_onesport"}],"atum_stock_status":"outofstock","restock_status":false,"low_stock_amount":"","sales_update_date":"2025-03-27T13:03:43","calc_backorders":null,"_links":{"self":[{"href":"https:\/\/onesportmallorca.com\/ca\/wp-json\/wp\/v2\/product\/65657","targetHints":{"allow":["GET"]}}],"collection":[{"href":"https:\/\/onesportmallorca.com\/ca\/wp-json\/wp\/v2\/product"}],"about":[{"href":"https:\/\/onesportmallorca.com\/ca\/wp-json\/wp\/v2\/types\/product"}],"wp:featuredmedia":[{"embeddable":true,"href":"https:\/\/onesportmallorca.com\/ca\/wp-json\/wp\/v2\/media\/65698"}],"wp:attachment":[{"href":"https:\/\/onesportmallorca.com\/ca\/wp-json\/wp\/v2\/media?parent=65657"}],"wp:term":[{"taxonomy":"product_brand","embeddable":true,"href":"https:\/\/onesportmallorca.com\/ca\/wp-json\/wp\/v2\/product_brand?post=65657"},{"taxonomy":"product_cat","embeddable":true,"href":"https:\/\/onesportmallorca.com\/ca\/wp-json\/wp\/v2\/product_cat?post=65657"},{"taxonomy":"product_tag","embeddable":true,"href":"https:\/\/onesportmallorca.com\/ca\/wp-json\/wp\/v2\/product_tag?post=65657"}],"curies":[{"name":"wp","href":"https:\/\/api.w.org\/{rel}","templated":true}]}}