{"id":64948,"date":"2024-10-21T20:14:40","date_gmt":"2024-10-21T18:14:40","guid":{"rendered":"https:\/\/onesportmallorca.com\/?post_type=product&#038;p=64948"},"modified":"2025-02-12T09:23:56","modified_gmt":"2025-02-12T08:23:56","slug":"zapatillas-joma-trail-tr-6000-2402-blanco-naranja","status":"publish","type":"product","link":"https:\/\/onesportmallorca.com\/ca\/producto\/zapatillas-joma-trail-tr-6000-2402-blanco-naranja\/","title":{"rendered":"Zapatillas Joma TRAIL TR-6000 2402 BLANCO NARANJA"},"content":{"rendered":"<p>Zapatillas de trail running para hombre. Contin\u00faa uno de los nuevos modelos de trail running de Joma destinados a competici\u00f3n y m\u00e1ximo rendimiento. Desarrollado para correr por pistas forestales a ritmos s\u00faper r\u00e1pidos gracias a la placa de fibra de carbono CARBON PLATE.<\/p>\n<p>Upper elaborado con mesh transpirable, acabado en Jacquard personalizado con perforaciones VTS en favor de la ventilaci\u00f3n del sudor. El sistema de ajuste termosellado JOMA SPORTECH adapta las zapatillas al pie manteniendo la ligereza.<\/p>\n<p>Refuerzo termosellado PROTECTION en la puntera, que frena los golpes externos y evita que entre arenilla en el interior.<\/p>\n<p>Mediasuela es s\u00faper reactiva con drop 7 mm, elaborada con FLY REACTIVE. Este material absorbe los impactos e impulsa al trail runner. Junto con la placa de carbono, llevan al m\u00e1ximo la reactividad y el ahorro de energ\u00eda.<\/p>\n<p>Suela de caucho DURABILITY con estructura de tacos, que asegura el agarre en terrenos t\u00e9cnicos e irregulares, y el control de los movimientos.<\/p>\n<ul class=\"featuresul\">\n<li>Corte con mesh transpirable VTS<\/li>\n<li>Corte con sistema de ajuste termosellado SPORTECH<\/li>\n<li>Mediasuela con tecnolog\u00eda FLY REACTIVE y placa de carbono CARBON PLATE<\/li>\n<li>Suela caucho DURABILITY<\/li>\n<li>Refuerzo en puntera PROTECTION<\/li>\n<\/ul>\n<div class=\"col-sm-12 p-0\">\n<ul class=\"featuresul\">\n<li>Drop 8 mm<\/li>\n<li>Tacos bidireccionales para agarre en subida y bajada<\/li>\n<li>Ritmo r\u00e1pido: menor de 4&#8242; por km<\/li>\n<li>Intensidad de uso: competici\u00f3n<\/li>\n<li>Distancia media: entre 20 km y 30 km<\/li>\n<li>Distancia larga: entre 30 km y 50km<\/li>\n<\/ul>\n<\/div>\n<div class=\"col-sm-12 p-0\">\n<ul class=\"featuresul\">\n<li>Dificultad de terreno: t\u00e9cnico\/medio<\/li>\n<li>Rendimiento: alto premium<\/li>\n<\/ul>\n<\/div>\n","protected":false},"excerpt":{"rendered":"<p>Zapatillas de trail running para hombre. Contin\u00faa uno de los nuevos modelos de trail running de Joma destinados a competici\u00f3n<\/p>\n","protected":false},"featured_media":65196,"template":"","meta":[],"product_brand":[],"product_cat":[6383,2239],"product_tag":[],"class_list":{"0":"post-64948","1":"product","2":"type-product","3":"status-publish","4":"has-post-thumbnail","6":"product_cat-joma-ca","7":"product_cat-calcat","9":"first","10":"instock","11":"taxable","12":"shipping-taxable","13":"purchasable","14":"product-type-variable","15":"has-default-attributes","16":"rtwpvg-product"},"supplier_id":null,"supplier_sku":"","barcode":null,"atum_controlled":true,"out_stock_date":null,"out_stock_threshold":null,"inheritable":true,"inbound_stock":0,"stock_on_hold":0,"sold_today":4,"sales_last_days":4,"reserved_stock":0,"customer_returns":0,"warehouse_damage":0,"lost_in_post":0,"other_logs":0,"out_stock_days":null,"lost_sales":0,"has_location":true,"update_date":"2025-12-31T11:26:00","atum_locations":[{"id":6282,"name":"Tienda Onesport","slug":"tienda_onesport"}],"atum_stock_status":"instock","restock_status":false,"low_stock_amount":"","sales_update_date":"2025-06-02T18:02:42","calc_backorders":null,"_links":{"self":[{"href":"https:\/\/onesportmallorca.com\/ca\/wp-json\/wp\/v2\/product\/64948","targetHints":{"allow":["GET"]}}],"collection":[{"href":"https:\/\/onesportmallorca.com\/ca\/wp-json\/wp\/v2\/product"}],"about":[{"href":"https:\/\/onesportmallorca.com\/ca\/wp-json\/wp\/v2\/types\/product"}],"wp:featuredmedia":[{"embeddable":true,"href":"https:\/\/onesportmallorca.com\/ca\/wp-json\/wp\/v2\/media\/65196"}],"wp:attachment":[{"href":"https:\/\/onesportmallorca.com\/ca\/wp-json\/wp\/v2\/media?parent=64948"}],"wp:term":[{"taxonomy":"product_brand","embeddable":true,"href":"https:\/\/onesportmallorca.com\/ca\/wp-json\/wp\/v2\/product_brand?post=64948"},{"taxonomy":"product_cat","embeddable":true,"href":"https:\/\/onesportmallorca.com\/ca\/wp-json\/wp\/v2\/product_cat?post=64948"},{"taxonomy":"product_tag","embeddable":true,"href":"https:\/\/onesportmallorca.com\/ca\/wp-json\/wp\/v2\/product_tag?post=64948"}],"curies":[{"name":"wp","href":"https:\/\/api.w.org\/{rel}","templated":true}]}}