{"id":62089,"date":"2024-10-08T12:30:16","date_gmt":"2024-10-08T10:30:16","guid":{"rendered":"https:\/\/onesportmallorca.com\/?post_type=product&#038;p=62089"},"modified":"2025-10-28T10:57:59","modified_gmt":"2025-10-28T09:57:59","slug":"on-cloudmonster-2-2","status":"publish","type":"product","link":"https:\/\/onesportmallorca.com\/ca\/producto\/on-cloudmonster-2-2\/","title":{"rendered":"On Cloudmonster 2"},"content":{"rendered":"<h2 class=\"_imageTitle_1v335_89\">CloudTec\u00ae monstruosa<\/h2>\n<p class=\"_description_1v335_110\">Las Cloudmonster 2 est\u00e1n dotadas con la mayor CloudTec\u00ae que hemos hecho nunca. S\u00ed, has le\u00eddo bien. Por eso ofrecen una amortiguaci\u00f3n bestial, un rebote impresionante y un m\u00e1ximo retorno de energ\u00eda. C\u00e1lzate este monstruo del asfalto y descubre su incomparable propulsi\u00f3n.<\/p>\n<p>&nbsp;<\/p>\n<h2 class=\"_imageTitle_1v335_89\">M\u00e1ximo retorno de energ\u00eda<\/h2>\n<p class=\"_description_1v335_110\">Su Speedboard\u00ae con mezcla de nailon est\u00e1 rodeado por una entresuela de superespuma Helion\u2122 de doble densidad que logra aterrizajes m\u00e1s suaves y mayor absorci\u00f3n de los impactos. Su gran retorno de energ\u00eda, propulsi\u00f3n y potencia de despegue har\u00e1n que correr sobre el asfalto se vuelva irresistible.<\/p>\n<p>&nbsp;<\/p>\n<h2 class=\"_imageTitle_1v335_89\">Pasos sostenibles<\/h2>\n<p class=\"_description_1v335_110\">Hemos aumentado el material reciclado con un upper que contiene malla de poli\u00e9ster 100% reciclado. Tambi\u00e9n hemos incrementado los materiales y procesos sostenibles para alcanzar un 24% de contenido reciclado en total.<\/p>\n<p>&nbsp;<\/p>\n<h2 class=\"_title_pjr0g_58\">Detalles del producto<\/h2>\n<ul class=\"_usps_pjr0g_76\">\n<li class=\"\">\n<p class=\"_usp_pjr0g_76\">Peso: 300g<\/p>\n<\/li>\n<li class=\"\">\n<p class=\"_usp_pjr0g_76\">Speedboard\u00ae con mezcla de nailon para despegues potentes<\/p>\n<\/li>\n<li class=\"\">\n<p class=\"_usp_pjr0g_76\">M\u00e1s CloudTec\u00ae que nunca = zapatillas con amortiguaci\u00f3n extra<\/p>\n<\/li>\n<li class=\"\">\n<p class=\"_usp_pjr0g_76\">M\u00e1s amortiguaci\u00f3n y retorno de energ\u00eda<\/p>\n<\/li>\n<li class=\"\">\n<p class=\"_usp_pjr0g_76\">Superespuma Helion\u2122 de doble densidad para mayor rebote<\/p>\n<\/li>\n<li class=\"\">\n<p class=\"_usp_pjr0g_76\">M\u00e1s sostenibles<\/p>\n<\/li>\n<li class=\"\">\n<p class=\"_usp_pjr0g_76\">Speedboard\u00ae con mezcla de nailon para mayor propulsi\u00f3n<\/p>\n<\/li>\n<li class=\"\">\n<p class=\"_usp_pjr0g_76\">Upper de malla t\u00e9cnica de poli\u00e9ster 100% reciclado<\/p>\n<\/li>\n<li class=\"\">\n<p class=\"_usp_pjr0g_76\">Revestimiento en el antepi\u00e9 que absorbe los impactos<\/p>\n<\/li>\n<\/ul>\n<div>\n<h3>Materiales<\/h3>\n<p>Vamp: 100% Recycled Polyester Quarter: 100% Polyester Tongue: 100% Recycled Polyester Collar Lining: 100% Recycled Polyester Vamp Lining: 100% Recycled Polyester<\/p>\n<\/div>\n","protected":false},"excerpt":{"rendered":"<p>CloudTec\u00ae monstruosa Las Cloudmonster 2 est\u00e1n dotadas con la mayor CloudTec\u00ae que hemos hecho nunca. S\u00ed, has le\u00eddo bien. Por<\/p>\n","protected":false},"featured_media":62126,"template":"","meta":[],"product_brand":[7203],"product_cat":[6425,2239],"product_tag":[],"class_list":{"0":"post-62089","1":"product","2":"type-product","3":"status-publish","4":"has-post-thumbnail","6":"product_brand-on-running","7":"product_cat-onr-ca","8":"product_cat-calcat","10":"first","11":"instock","12":"sale","13":"taxable","14":"shipping-taxable","15":"purchasable","16":"product-type-variable","17":"has-default-attributes","18":"rtwpvg-product"},"supplier_id":null,"supplier_sku":"","barcode":null,"atum_controlled":true,"out_stock_date":null,"out_stock_threshold":null,"inheritable":true,"inbound_stock":0,"stock_on_hold":0,"sold_today":3,"sales_last_days":4,"reserved_stock":0,"customer_returns":0,"warehouse_damage":0,"lost_in_post":0,"other_logs":0,"out_stock_days":null,"lost_sales":0,"has_location":true,"update_date":"2026-04-13T11:36:58","atum_locations":[{"id":6282,"name":"Tienda Onesport","slug":"tienda_onesport"}],"atum_stock_status":"instock","restock_status":false,"low_stock_amount":"","sales_update_date":"2025-12-05T13:42:54","calc_backorders":null,"_links":{"self":[{"href":"https:\/\/onesportmallorca.com\/ca\/wp-json\/wp\/v2\/product\/62089","targetHints":{"allow":["GET"]}}],"collection":[{"href":"https:\/\/onesportmallorca.com\/ca\/wp-json\/wp\/v2\/product"}],"about":[{"href":"https:\/\/onesportmallorca.com\/ca\/wp-json\/wp\/v2\/types\/product"}],"wp:featuredmedia":[{"embeddable":true,"href":"https:\/\/onesportmallorca.com\/ca\/wp-json\/wp\/v2\/media\/62126"}],"wp:attachment":[{"href":"https:\/\/onesportmallorca.com\/ca\/wp-json\/wp\/v2\/media?parent=62089"}],"wp:term":[{"taxonomy":"product_brand","embeddable":true,"href":"https:\/\/onesportmallorca.com\/ca\/wp-json\/wp\/v2\/product_brand?post=62089"},{"taxonomy":"product_cat","embeddable":true,"href":"https:\/\/onesportmallorca.com\/ca\/wp-json\/wp\/v2\/product_cat?post=62089"},{"taxonomy":"product_tag","embeddable":true,"href":"https:\/\/onesportmallorca.com\/ca\/wp-json\/wp\/v2\/product_tag?post=62089"}],"curies":[{"name":"wp","href":"https:\/\/api.w.org\/{rel}","templated":true}]}}