{"id":61211,"date":"2024-10-03T11:17:23","date_gmt":"2024-10-03T09:17:23","guid":{"rendered":"https:\/\/onesportmallorca.com\/?post_type=product&#038;p=61211"},"modified":"2025-09-11T12:36:40","modified_gmt":"2025-09-11T10:36:40","slug":"on-cloud-5-waterproof","status":"publish","type":"product","link":"https:\/\/onesportmallorca.com\/ca\/producto\/on-cloud-5-waterproof\/","title":{"rendered":"On Cloud 5 Waterproof"},"content":{"rendered":"<h2 class=\"_imageTitle_1v335_89\">Built different<\/h2>\n<p class=\"_description_1v335_110\">Una entresuela ampliada y una configuraci\u00f3n CloudTec\u00ae actualizada hacen que los aterrizajes sean a\u00fan m\u00e1s suaves y estables. Con una membrana impermeable y transpirable. \u00a1Ah! Y olv\u00eddate de hacer nudos con nuestro sistema de atado r\u00e1pido. \u00bfQuieres cordones cl\u00e1sicos? Tambi\u00e9n vienen incluidos.<\/p>\n<p>&nbsp;<\/p>\n<h2 class=\"_imageTitle_1v335_89\">Impermeable y sostenible<\/h2>\n<p class=\"_description_1v335_110\">La membrana totalmente impermeable mantiene el clima a raya dejando que tus pies respiren. A\u00fan mejor, el control de temperatura ha sido dise\u00f1ado espec\u00edficamente para protegerte del clima. El upper est\u00e1 hecho de materiales 100 % reciclados.<\/p>\n<p>&nbsp;<\/p>\n<h2 class=\"_imageTitle_1v335_89\">Que el clima no te pare<\/h2>\n<p class=\"_description_1v335_110\">Mantente visible bajo los cielos m\u00e1s grises y en la oscuridad con los elementos reflectantes de las Cloud 5 Waterproof, cuidadosamente colocados para proporcionar una alta visibilidad en condiciones de poca luz.<\/p>\n<p>&nbsp;<\/p>\n<h2 class=\"_title_pjr0g_58\">Detalles del producto<\/h2>\n<ul class=\"_usps_pjr0g_76\">\n<li class=\"\">\n<p class=\"_usp_pjr0g_76\">Peso: 281g<\/p>\n<\/li>\n<li class=\"\">\n<p class=\"_usp_pjr0g_76\">Membrana impermeable para protegerte en los d\u00edas m\u00e1s h\u00famedos<\/p>\n<\/li>\n<li class=\"\">\n<p class=\"_usp_pjr0g_76\">Ajuste mejorado para proporcionar m\u00e1s comodidad<\/p>\n<\/li>\n<li class=\"\">\n<p class=\"_usp_pjr0g_76\">CloudTec\u00ae en espuma Zero-Gravity para aterrizajes amortiguados<\/p>\n<\/li>\n<li class=\"\">\n<p class=\"_usp_pjr0g_76\">Speedboard\u00ae que transforma la energ\u00eda en movimiento.<\/p>\n<\/li>\n<li class=\"\">\n<p class=\"_usp_pjr0g_76\">El dise\u00f1o del tal\u00f3n moldeado mantiene el pie en su sitio<\/p>\n<\/li>\n<li class=\"\">\n<p class=\"_usp_pjr0g_76\">M\u00e1s comodidad. M\u00e1s materiales reciclados.<\/p>\n<\/li>\n<\/ul>\n","protected":false},"excerpt":{"rendered":"<p>Built different Una entresuela ampliada y una configuraci\u00f3n CloudTec\u00ae actualizada hacen que los aterrizajes sean a\u00fan m\u00e1s suaves y estables.<\/p>\n","protected":false},"featured_media":61280,"template":"","meta":[],"product_brand":[7203],"product_cat":[2239],"product_tag":[],"class_list":{"0":"post-61211","1":"product","2":"type-product","3":"status-publish","4":"has-post-thumbnail","6":"product_brand-on-running","7":"product_cat-calcat","9":"first","10":"instock","11":"taxable","12":"shipping-taxable","13":"purchasable","14":"product-type-variable","15":"has-default-attributes","16":"rtwpvg-product"},"supplier_id":null,"supplier_sku":"","barcode":null,"atum_controlled":true,"out_stock_date":null,"out_stock_threshold":null,"inheritable":true,"inbound_stock":0,"stock_on_hold":0,"sold_today":2,"sales_last_days":2,"reserved_stock":0,"customer_returns":0,"warehouse_damage":0,"lost_in_post":0,"other_logs":0,"out_stock_days":null,"lost_sales":0,"has_location":true,"update_date":"2026-03-31T14:17:48","atum_locations":[{"id":6282,"name":"Tienda Onesport","slug":"tienda_onesport"}],"atum_stock_status":"instock","restock_status":false,"low_stock_amount":"","sales_update_date":"2025-12-05T13:43:13","calc_backorders":null,"_links":{"self":[{"href":"https:\/\/onesportmallorca.com\/ca\/wp-json\/wp\/v2\/product\/61211","targetHints":{"allow":["GET"]}}],"collection":[{"href":"https:\/\/onesportmallorca.com\/ca\/wp-json\/wp\/v2\/product"}],"about":[{"href":"https:\/\/onesportmallorca.com\/ca\/wp-json\/wp\/v2\/types\/product"}],"wp:featuredmedia":[{"embeddable":true,"href":"https:\/\/onesportmallorca.com\/ca\/wp-json\/wp\/v2\/media\/61280"}],"wp:attachment":[{"href":"https:\/\/onesportmallorca.com\/ca\/wp-json\/wp\/v2\/media?parent=61211"}],"wp:term":[{"taxonomy":"product_brand","embeddable":true,"href":"https:\/\/onesportmallorca.com\/ca\/wp-json\/wp\/v2\/product_brand?post=61211"},{"taxonomy":"product_cat","embeddable":true,"href":"https:\/\/onesportmallorca.com\/ca\/wp-json\/wp\/v2\/product_cat?post=61211"},{"taxonomy":"product_tag","embeddable":true,"href":"https:\/\/onesportmallorca.com\/ca\/wp-json\/wp\/v2\/product_tag?post=61211"}],"curies":[{"name":"wp","href":"https:\/\/api.w.org\/{rel}","templated":true}]}}