{"id":60367,"date":"2024-09-25T10:41:45","date_gmt":"2024-09-25T08:41:45","guid":{"rendered":"https:\/\/onesportmallorca.com\/?post_type=product&#038;p=60367"},"modified":"2025-08-21T13:56:49","modified_gmt":"2025-08-21T11:56:49","slug":"on-cloud-the-roger-advantage-m","status":"publish","type":"product","link":"https:\/\/onesportmallorca.com\/ca\/producto\/on-cloud-the-roger-advantage-m\/","title":{"rendered":"On Cloud THE ROGER Advantage M"},"content":{"rendered":"<h2 class=\"_imageTitle_1v335_89\">Amortiguaci\u00f3n que se nota<\/h2>\n<p class=\"_description_1v335_110\">No la ver\u00e1s, pero s\u00ed la sentir\u00e1s. La amortiguaci\u00f3n CloudTec\u00ae oculta se activa en cuanto siente el peso de los pies. Combinada con el Speedboard\u00ae con TPU inyectado, estas zapatillas ofrecen el equilibrio perfecto entre estabilidad, flexibilidad y retorno de energ\u00eda.<\/p>\n<p>&nbsp;<\/p>\n<div class=\"_contentCard_1v335_58 _card_8544l_64\" data-test-id=\"productHighlightCard-1\">\n<h2 class=\"_imageTitle_1v335_89\">Quedan bien con todo<\/h2>\n<p class=\"_description_1v335_110\">Nunca fue tan sencillo combinar unas zapatillas: con una est\u00e9tica inspirada en el tenis y un dise\u00f1o minimalista, dan un toque especial a cualquier outfit. Y con el upper de piel sint\u00e9tica y la leng\u00fceta t\u00e9cnica, su estilo deportivo se mimetiza con todas tus aventuras urbanas.<\/p>\n<\/div>\n<div class=\"_contentCard_1v335_58 _card_8544l_64\" data-test-id=\"productHighlightCard-2\">\n<div class=\"_imageWrapper_1v335_70\"><span class=\"_container_2p9tv_115 _loaded_2p9tv_134\"><picture><source srcset=\"https:\/\/images.ctfassets.net\/hnk2vsx53n6l\/5dMT3HSPbXoCTpazNX5sNv\/0308647f69b481366b91ce39f9790d1f\/oinzlt6zwa69qnbamvyy.png?w=3200&amp;h=4000&amp;fm=avif&amp;f=center&amp;fit=fill&amp;q=80 3200w, https:\/\/images.ctfassets.net\/hnk2vsx53n6l\/5dMT3HSPbXoCTpazNX5sNv\/0308647f69b481366b91ce39f9790d1f\/oinzlt6zwa69qnbamvyy.png?w=2880&amp;h=3600&amp;fm=avif&amp;f=center&amp;fit=fill&amp;q=80 2880w, https:\/\/images.ctfassets.net\/hnk2vsx53n6l\/5dMT3HSPbXoCTpazNX5sNv\/0308647f69b481366b91ce39f9790d1f\/oinzlt6zwa69qnbamvyy.png?w=2560&amp;h=3200&amp;fm=avif&amp;f=center&amp;fit=fill&amp;q=80 2560w, https:\/\/images.ctfassets.net\/hnk2vsx53n6l\/5dMT3HSPbXoCTpazNX5sNv\/0308647f69b481366b91ce39f9790d1f\/oinzlt6zwa69qnbamvyy.png?w=2240&amp;h=2800&amp;fm=avif&amp;f=center&amp;fit=fill&amp;q=80 2240w, https:\/\/images.ctfassets.net\/hnk2vsx53n6l\/5dMT3HSPbXoCTpazNX5sNv\/0308647f69b481366b91ce39f9790d1f\/oinzlt6zwa69qnbamvyy.png?w=1920&amp;h=2400&amp;fm=avif&amp;f=center&amp;fit=fill&amp;q=80 1920w, https:\/\/images.ctfassets.net\/hnk2vsx53n6l\/5dMT3HSPbXoCTpazNX5sNv\/0308647f69b481366b91ce39f9790d1f\/oinzlt6zwa69qnbamvyy.png?w=1600&amp;h=2000&amp;fm=avif&amp;f=center&amp;fit=fill&amp;q=80 1600w, https:\/\/images.ctfassets.net\/hnk2vsx53n6l\/5dMT3HSPbXoCTpazNX5sNv\/0308647f69b481366b91ce39f9790d1f\/oinzlt6zwa69qnbamvyy.png?w=1280&amp;h=1600&amp;fm=avif&amp;f=center&amp;fit=fill&amp;q=80 1280w, https:\/\/images.ctfassets.net\/hnk2vsx53n6l\/5dMT3HSPbXoCTpazNX5sNv\/0308647f69b481366b91ce39f9790d1f\/oinzlt6zwa69qnbamvyy.png?w=960&amp;h=1200&amp;fm=avif&amp;f=center&amp;fit=fill&amp;q=80 960w, https:\/\/images.ctfassets.net\/hnk2vsx53n6l\/5dMT3HSPbXoCTpazNX5sNv\/0308647f69b481366b91ce39f9790d1f\/oinzlt6zwa69qnbamvyy.png?w=640&amp;h=800&amp;fm=avif&amp;f=center&amp;fit=fill&amp;q=80 640w, https:\/\/images.ctfassets.net\/hnk2vsx53n6l\/5dMT3HSPbXoCTpazNX5sNv\/0308647f69b481366b91ce39f9790d1f\/oinzlt6zwa69qnbamvyy.png?w=320&amp;h=400&amp;fm=avif&amp;f=center&amp;fit=fill&amp;q=80 320w\" type=\"image\/avif\" sizes=\"(min-width: 1024px) 33vw, 100vw\" data-allow-mismatch=\"true\" \/><source srcset=\"https:\/\/images.ctfassets.net\/hnk2vsx53n6l\/5dMT3HSPbXoCTpazNX5sNv\/0308647f69b481366b91ce39f9790d1f\/oinzlt6zwa69qnbamvyy.png?w=3200&amp;h=4000&amp;fm=webp&amp;f=center&amp;fit=fill&amp;q=80 3200w, https:\/\/images.ctfassets.net\/hnk2vsx53n6l\/5dMT3HSPbXoCTpazNX5sNv\/0308647f69b481366b91ce39f9790d1f\/oinzlt6zwa69qnbamvyy.png?w=2880&amp;h=3600&amp;fm=webp&amp;f=center&amp;fit=fill&amp;q=80 2880w, https:\/\/images.ctfassets.net\/hnk2vsx53n6l\/5dMT3HSPbXoCTpazNX5sNv\/0308647f69b481366b91ce39f9790d1f\/oinzlt6zwa69qnbamvyy.png?w=2560&amp;h=3200&amp;fm=webp&amp;f=center&amp;fit=fill&amp;q=80 2560w, https:\/\/images.ctfassets.net\/hnk2vsx53n6l\/5dMT3HSPbXoCTpazNX5sNv\/0308647f69b481366b91ce39f9790d1f\/oinzlt6zwa69qnbamvyy.png?w=2240&amp;h=2800&amp;fm=webp&amp;f=center&amp;fit=fill&amp;q=80 2240w, https:\/\/images.ctfassets.net\/hnk2vsx53n6l\/5dMT3HSPbXoCTpazNX5sNv\/0308647f69b481366b91ce39f9790d1f\/oinzlt6zwa69qnbamvyy.png?w=1920&amp;h=2400&amp;fm=webp&amp;f=center&amp;fit=fill&amp;q=80 1920w, https:\/\/images.ctfassets.net\/hnk2vsx53n6l\/5dMT3HSPbXoCTpazNX5sNv\/0308647f69b481366b91ce39f9790d1f\/oinzlt6zwa69qnbamvyy.png?w=1600&amp;h=2000&amp;fm=webp&amp;f=center&amp;fit=fill&amp;q=80 1600w, https:\/\/images.ctfassets.net\/hnk2vsx53n6l\/5dMT3HSPbXoCTpazNX5sNv\/0308647f69b481366b91ce39f9790d1f\/oinzlt6zwa69qnbamvyy.png?w=1280&amp;h=1600&amp;fm=webp&amp;f=center&amp;fit=fill&amp;q=80 1280w, https:\/\/images.ctfassets.net\/hnk2vsx53n6l\/5dMT3HSPbXoCTpazNX5sNv\/0308647f69b481366b91ce39f9790d1f\/oinzlt6zwa69qnbamvyy.png?w=960&amp;h=1200&amp;fm=webp&amp;f=center&amp;fit=fill&amp;q=80 960w, https:\/\/images.ctfassets.net\/hnk2vsx53n6l\/5dMT3HSPbXoCTpazNX5sNv\/0308647f69b481366b91ce39f9790d1f\/oinzlt6zwa69qnbamvyy.png?w=640&amp;h=800&amp;fm=webp&amp;f=center&amp;fit=fill&amp;q=80 640w, https:\/\/images.ctfassets.net\/hnk2vsx53n6l\/5dMT3HSPbXoCTpazNX5sNv\/0308647f69b481366b91ce39f9790d1f\/oinzlt6zwa69qnbamvyy.png?w=320&amp;h=400&amp;fm=webp&amp;f=center&amp;fit=fill&amp;q=80 320w\" type=\"image\/webp\" sizes=\"(min-width: 1024px) 33vw, 100vw\" data-allow-mismatch=\"true\" \/><\/picture><\/span><\/div>\n<\/div>\n<div><\/div>\n<div>\n<h2 class=\"_imageTitle_1v335_89\">Las todoconfort<\/h2>\n<p class=\"_description_1v335_110\">El dise\u00f1o de calcet\u00edn interior ofrece comodidad y seguridad para tus pies, mientras que la amortiguaci\u00f3n extra en el antepi\u00e9 garantiza movimientos suaves a cada paso. \u00bfSe puede pedir m\u00e1s?: s\u00ed, una nueva posici\u00f3n de los surcos de la suela que estimula el movimiento natural del pie.<\/p>\n<\/div>\n<p>&nbsp;<\/p>\n<h2 class=\"_title_pjr0g_58\">Detalles del producto<\/h2>\n<ul class=\"_usps_pjr0g_76\">\n<li class=\"\">\n<p class=\"_usp_pjr0g_76\">Peso: 321.5g<\/p>\n<\/li>\n<li class=\"\">\n<p class=\"_usp_pjr0g_76\">Upper de piel sint\u00e9tica perforado con un acabado mate<\/p>\n<\/li>\n<li class=\"\">\n<p class=\"_usp_pjr0g_76\">Leng\u00fceta de malla que aporta un toque t\u00e9cnico<\/p>\n<\/li>\n<li class=\"\">\n<p class=\"_usp_pjr0g_76\">Speedboard\u00ae con TPU inyectado: mejor flexi\u00f3n del antepi\u00e9<\/p>\n<\/li>\n<li class=\"\">\n<p class=\"_usp_pjr0g_76\">CloudTec\u00ae oculta para una comodidad duradera<\/p>\n<\/li>\n<li class=\"\">\n<p class=\"_usp_pjr0g_76\">Detalle del logotipo THE ROGER en el tal\u00f3n<\/p>\n<\/li>\n<li class=\"\">\n<p class=\"_usp_pjr0g_76\">Los surcos estimulan el movimiento natural del pie<\/p>\n<\/li>\n<li class=\"\">\n<p class=\"_usp_pjr0g_76\">Amortiguaci\u00f3n extra en el antepi\u00e9 para m\u00e1xima suavidad<\/p>\n<\/li>\n<\/ul>\n","protected":false},"excerpt":{"rendered":"<p>Amortiguaci\u00f3n que se nota No la ver\u00e1s, pero s\u00ed la sentir\u00e1s. La amortiguaci\u00f3n CloudTec\u00ae oculta se activa en cuanto siente<\/p>\n","protected":false},"featured_media":80425,"template":"","meta":[],"product_brand":[7203],"product_cat":[6425,2239,5956],"product_tag":[],"class_list":{"0":"post-60367","1":"product","2":"type-product","3":"status-publish","4":"has-post-thumbnail","6":"product_brand-on-running","7":"product_cat-onr-ca","8":"product_cat-calcat","9":"product_cat-outlet-ca","11":"first","12":"instock","13":"sale","14":"taxable","15":"shipping-taxable","16":"purchasable","17":"product-type-variable","18":"has-default-attributes","19":"rtwpvg-product"},"supplier_id":null,"supplier_sku":"","barcode":null,"atum_controlled":true,"out_stock_date":null,"out_stock_threshold":null,"inheritable":true,"inbound_stock":0,"stock_on_hold":0,"sold_today":3,"sales_last_days":4,"reserved_stock":0,"customer_returns":0,"warehouse_damage":0,"lost_in_post":0,"other_logs":0,"out_stock_days":null,"lost_sales":0,"has_location":true,"update_date":"2026-02-03T18:02:17","atum_locations":[{"id":5967,"name":"Shop Duva","slug":"shop_duva"},{"id":6282,"name":"Tienda Onesport","slug":"tienda_onesport"}],"atum_stock_status":"instock","restock_status":false,"low_stock_amount":"","sales_update_date":"2025-12-05T13:43:18","calc_backorders":null,"_links":{"self":[{"href":"https:\/\/onesportmallorca.com\/ca\/wp-json\/wp\/v2\/product\/60367","targetHints":{"allow":["GET"]}}],"collection":[{"href":"https:\/\/onesportmallorca.com\/ca\/wp-json\/wp\/v2\/product"}],"about":[{"href":"https:\/\/onesportmallorca.com\/ca\/wp-json\/wp\/v2\/types\/product"}],"wp:featuredmedia":[{"embeddable":true,"href":"https:\/\/onesportmallorca.com\/ca\/wp-json\/wp\/v2\/media\/80425"}],"wp:attachment":[{"href":"https:\/\/onesportmallorca.com\/ca\/wp-json\/wp\/v2\/media?parent=60367"}],"wp:term":[{"taxonomy":"product_brand","embeddable":true,"href":"https:\/\/onesportmallorca.com\/ca\/wp-json\/wp\/v2\/product_brand?post=60367"},{"taxonomy":"product_cat","embeddable":true,"href":"https:\/\/onesportmallorca.com\/ca\/wp-json\/wp\/v2\/product_cat?post=60367"},{"taxonomy":"product_tag","embeddable":true,"href":"https:\/\/onesportmallorca.com\/ca\/wp-json\/wp\/v2\/product_tag?post=60367"}],"curies":[{"name":"wp","href":"https:\/\/api.w.org\/{rel}","templated":true}]}}