{"id":60234,"date":"2024-09-24T11:32:12","date_gmt":"2024-09-24T09:32:12","guid":{"rendered":"https:\/\/onesportmallorca.com\/?post_type=product&#038;p=60234"},"modified":"2025-07-01T11:42:53","modified_gmt":"2025-07-01T09:42:53","slug":"zapatillas-brooks-ghost-16-w-blue-pink-moroccan-blue","status":"publish","type":"product","link":"https:\/\/onesportmallorca.com\/ca\/producto\/zapatillas-brooks-ghost-16-w-blue-pink-moroccan-blue\/","title":{"rendered":"Zapatillas Brooks Ghost 16 W Blue\/Pink\/Moroccan Blue"},"content":{"rendered":"<p class=\"p2\">\n<p class=\"p2\">COMODIDAD LIGERA<\/p>\n<p class=\"p2\"><strong>Amortiguaci\u00f3n c\u00f3moda<\/strong><\/p>\n<p class=\"p2\">Nuestra amortiguaci\u00f3n DNA LOFT v3 con nitr\u00f3geno infusionado proporciona una ligera comodidad bajo los pies.<\/p>\n<p>&nbsp;<\/p>\n<p class=\"p2\">ENCUENTRA TU RITMO<\/p>\n<p class=\"p2\"><strong>Transiciones c\u00f3modas<\/strong><\/p>\n<p class=\"p2\">La c\u00f3moda mediasuela y la tecnolog\u00eda Segmented Crash Pad promueve un flujo sencillo entre el aterrizaje y el despegue del pie.<\/p>\n<p>&nbsp;<\/p>\n<p class=\"p2\">AJUSTE PARA SENTIRSE BIEN<\/p>\n<p class=\"p2\"><strong>Upper mejorado<\/strong><\/p>\n<p class=\"p2\">El upper de malla t\u00e9cnica Air Mesh combina elasticidad y estructura con la transpirabilidad justa.<\/p>\n","protected":false},"excerpt":{"rendered":"<p>COMODIDAD LIGERA Amortiguaci\u00f3n c\u00f3moda Nuestra amortiguaci\u00f3n DNA LOFT v3 con nitr\u00f3geno infusionado proporciona una ligera comodidad bajo los pies. &nbsp;<\/p>\n","protected":false},"featured_media":60261,"template":"","meta":[],"product_brand":[7210],"product_cat":[6409,2239],"product_tag":[],"class_list":{"0":"post-60234","1":"product","2":"type-product","3":"status-publish","4":"has-post-thumbnail","6":"product_brand-brooks","7":"product_cat-brooks-ca","8":"product_cat-calcat","10":"first","11":"outofstock","12":"sale","13":"taxable","14":"shipping-taxable","15":"purchasable","16":"product-type-variable","17":"rtwpvg-product"},"supplier_id":null,"supplier_sku":"","barcode":null,"atum_controlled":true,"out_stock_date":null,"out_stock_threshold":null,"inheritable":true,"inbound_stock":0,"stock_on_hold":0,"sold_today":1,"sales_last_days":1,"reserved_stock":0,"customer_returns":0,"warehouse_damage":0,"lost_in_post":0,"other_logs":0,"out_stock_days":null,"lost_sales":0,"has_location":true,"update_date":"2025-11-09T16:23:41","atum_locations":[{"id":6282,"name":"Tienda Onesport","slug":"tienda_onesport"}],"atum_stock_status":"instock","restock_status":false,"low_stock_amount":"","sales_update_date":"2025-07-01T09:46:26","calc_backorders":null,"_links":{"self":[{"href":"https:\/\/onesportmallorca.com\/ca\/wp-json\/wp\/v2\/product\/60234","targetHints":{"allow":["GET"]}}],"collection":[{"href":"https:\/\/onesportmallorca.com\/ca\/wp-json\/wp\/v2\/product"}],"about":[{"href":"https:\/\/onesportmallorca.com\/ca\/wp-json\/wp\/v2\/types\/product"}],"wp:featuredmedia":[{"embeddable":true,"href":"https:\/\/onesportmallorca.com\/ca\/wp-json\/wp\/v2\/media\/60261"}],"wp:attachment":[{"href":"https:\/\/onesportmallorca.com\/ca\/wp-json\/wp\/v2\/media?parent=60234"}],"wp:term":[{"taxonomy":"product_brand","embeddable":true,"href":"https:\/\/onesportmallorca.com\/ca\/wp-json\/wp\/v2\/product_brand?post=60234"},{"taxonomy":"product_cat","embeddable":true,"href":"https:\/\/onesportmallorca.com\/ca\/wp-json\/wp\/v2\/product_cat?post=60234"},{"taxonomy":"product_tag","embeddable":true,"href":"https:\/\/onesportmallorca.com\/ca\/wp-json\/wp\/v2\/product_tag?post=60234"}],"curies":[{"name":"wp","href":"https:\/\/api.w.org\/{rel}","templated":true}]}}