{"id":59436,"date":"2024-09-17T17:57:31","date_gmt":"2024-09-17T15:57:31","guid":{"rendered":"https:\/\/onesportmallorca.com\/?post_type=product&#038;p=59436"},"modified":"2024-12-03T14:13:09","modified_gmt":"2024-12-03T13:13:09","slug":"sandalia-hoka-u-ora-athletic-slide","status":"publish","type":"product","link":"https:\/\/onesportmallorca.com\/ca\/producto\/sandalia-hoka-u-ora-athletic-slide\/","title":{"rendered":"Sandalia Hoka U Ora Athletic Slide"},"content":{"rendered":"<h2 class=\"description__title\">The Rundown<\/h2>\n<div id=\"description-info\" class=\"description__info\">\n<div class=\"content\">\n<div class=\"short-description__full\"><strong>Felicidad despu\u00e9s de la carrera.<\/strong><\/p>\n<p>Partiendo de nuestra querida sandalia de recuperaci\u00f3n ORA, hemos a\u00f1adido unos gr\u00e1ficos llamativos para llevar el estilo HOKA m\u00e1s all\u00e1 de la l\u00ednea de meta. Esta c\u00f3moda versi\u00f3n del ic\u00f3nico modelo est\u00e1 pensada para el tiempo libre y cuenta con una plantilla de ca\u00f1a de az\u00facar. Como la sandalia original, la ORA Athletic se basa en una suela con geometr\u00eda de doble densidad moldeada por inyecci\u00f3n que proporciona comodidad a todo el pie y tiene una silueta vanguardista.<\/p><\/div>\n<\/div>\n<div id=\"description-info-more-content\" class=\"product-description-view-more\">\n<div class=\"description-techspecs description-techspecs--bestfor\">\n<h4 class=\"description-techspecs__title title\">Uso<\/h4>\n<div class=\"description-techspecs__items collapsible-recommendations\">\n<div class=\"description-techspecs__item\">Recuperaci\u00f3n<\/div>\n<div><\/div>\n<\/div>\n<\/div>\n<div class=\"description-techspecs description-techspecs--features \">\n<h4 class=\"description-techspecs__title\">Caracter\u00edsticas:<\/h4>\n<div class=\"description-techspecs__items\">\n<ul class=\"features-container\">\n<li class=\"feature-item\">Cubierta suave con gr\u00e1ficos HOKA<\/li>\n<li class=\"feature-item\">Geometr\u00eda de doble densidad<\/li>\n<li class=\"feature-item\">Entresuela de EVA con un 35\u00a0% de ca\u00f1a de az\u00facar moldeada por inyecci\u00f3n<\/li>\n<li class=\"feature-item\">MetaRocker\u2122 suave<\/li>\n<li class=\"feature-item\">Suela de EVA moldeada por inyecci\u00f3n<\/li>\n<\/ul>\n<ul class=\"features-container features-extended collapse show\">\n<li class=\"feature-item\">Veganas<\/li>\n<\/ul>\n<\/div>\n<\/div>\n<\/div>\n<\/div>\n","protected":false},"excerpt":{"rendered":"<p>The Rundown Felicidad despu\u00e9s de la carrera. Partiendo de nuestra querida sandalia de recuperaci\u00f3n ORA, hemos a\u00f1adido unos gr\u00e1ficos llamativos<\/p>\n","protected":false},"featured_media":59459,"template":"","meta":[],"product_brand":[],"product_cat":[6395,6567],"product_tag":[],"class_list":{"0":"post-59436","1":"product","2":"type-product","3":"status-publish","4":"has-post-thumbnail","6":"product_cat-hoka-ca","7":"product_cat-sandalia-ca","9":"first","10":"instock","11":"taxable","12":"shipping-taxable","13":"purchasable","14":"product-type-variable","15":"has-default-attributes","16":"rtwpvg-product"},"supplier_id":null,"supplier_sku":"","barcode":null,"atum_controlled":true,"out_stock_date":null,"out_stock_threshold":null,"inheritable":true,"inbound_stock":0,"stock_on_hold":0,"sold_today":1,"sales_last_days":2,"reserved_stock":0,"customer_returns":0,"warehouse_damage":0,"lost_in_post":0,"other_logs":0,"out_stock_days":null,"lost_sales":0,"has_location":true,"update_date":"2025-09-04T10:54:16","atum_locations":[{"id":6282,"name":"Tienda Onesport","slug":"tienda_onesport"}],"atum_stock_status":"instock","restock_status":false,"low_stock_amount":"","sales_update_date":"2025-06-05T11:22:22","calc_backorders":null,"_links":{"self":[{"href":"https:\/\/onesportmallorca.com\/ca\/wp-json\/wp\/v2\/product\/59436","targetHints":{"allow":["GET"]}}],"collection":[{"href":"https:\/\/onesportmallorca.com\/ca\/wp-json\/wp\/v2\/product"}],"about":[{"href":"https:\/\/onesportmallorca.com\/ca\/wp-json\/wp\/v2\/types\/product"}],"wp:featuredmedia":[{"embeddable":true,"href":"https:\/\/onesportmallorca.com\/ca\/wp-json\/wp\/v2\/media\/59459"}],"wp:attachment":[{"href":"https:\/\/onesportmallorca.com\/ca\/wp-json\/wp\/v2\/media?parent=59436"}],"wp:term":[{"taxonomy":"product_brand","embeddable":true,"href":"https:\/\/onesportmallorca.com\/ca\/wp-json\/wp\/v2\/product_brand?post=59436"},{"taxonomy":"product_cat","embeddable":true,"href":"https:\/\/onesportmallorca.com\/ca\/wp-json\/wp\/v2\/product_cat?post=59436"},{"taxonomy":"product_tag","embeddable":true,"href":"https:\/\/onesportmallorca.com\/ca\/wp-json\/wp\/v2\/product_tag?post=59436"}],"curies":[{"name":"wp","href":"https:\/\/api.w.org\/{rel}","templated":true}]}}