{"id":57931,"date":"2024-09-09T17:10:17","date_gmt":"2024-09-09T15:10:17","guid":{"rendered":"https:\/\/onesportmallorca.com\/?post_type=product&#038;p=57931"},"modified":"2025-03-26T18:08:48","modified_gmt":"2025-03-26T17:08:48","slug":"zapatillas-bullpadel-beker-24i","status":"publish","type":"product","link":"https:\/\/onesportmallorca.com\/ca\/producto\/zapatillas-bullpadel-beker-24i\/","title":{"rendered":"Zapatillas Bullpadel Beker 24I"},"content":{"rendered":"<p><strong>Tecnolog\u00edas Calazado<\/strong><\/p>\n<p>MID STAB<br \/>\nEstabilizador central. Fabricado en TPU. Mejora el equilibrio y refuerza la estructura central del arco del pie.<\/p>\n<p>THERMO SEALED<br \/>\nTecnolog\u00eda sin costuras efecto \u201cguante\u201d. Al evitar cosido de piezas separadas, eliminamos peso. Dota al calzado de flexibilidad y resistencia. El mesh aporta transpirabilidad y flexibilidad.<\/p>\n<p>STITCH INSOLE<br \/>\nInsole. Goma EVA con refuerzo textil. Unido al phylon de la media-suela, mejora la amortiguaci\u00f3n y el confort.<\/p>\n<p>BREATHMESH<br \/>\nForro interior \u201cmesh\u201d textil que aporta confort. Mejora la transpirabilidad.<\/p>\n<p>HERRINGBONE SOLE<br \/>\nSuela de caucho de alta densidad. Dibujo en espiga, espec\u00edfico para las superficies de p\u00e1del. Su dise\u00f1o favorece el m\u00e1ximo agarre y la flexi\u00f3n del pie. Profundidad de 3 mm.<\/p>\n<p>&nbsp;<\/p>\n","protected":false},"excerpt":{"rendered":"<p>Tecnolog\u00edas Calazado MID STAB Estabilizador central. Fabricado en TPU. Mejora el equilibrio y refuerza la estructura central del arco del<\/p>\n","protected":false},"featured_media":57960,"template":"","meta":[],"product_brand":[],"product_cat":[6415,2239,5956],"product_tag":[],"class_list":{"0":"post-57931","1":"product","2":"type-product","3":"status-publish","4":"has-post-thumbnail","6":"product_cat-bullpadel-ca","7":"product_cat-calcat","8":"product_cat-outlet-ca","10":"first","11":"outofstock","12":"sale","13":"taxable","14":"shipping-taxable","15":"purchasable","16":"product-type-variable","17":"has-default-attributes","18":"rtwpvg-product"},"supplier_id":null,"supplier_sku":"","barcode":null,"atum_controlled":true,"out_stock_date":null,"out_stock_threshold":null,"inheritable":true,"inbound_stock":0,"stock_on_hold":0,"sold_today":4,"sales_last_days":4,"reserved_stock":0,"customer_returns":0,"warehouse_damage":0,"lost_in_post":0,"other_logs":0,"out_stock_days":null,"lost_sales":0,"has_location":true,"update_date":"2025-06-07T11:07:18","atum_locations":[{"id":5967,"name":"Shop Duva","slug":"shop_duva"}],"atum_stock_status":"instock","restock_status":false,"low_stock_amount":"","sales_update_date":"2025-03-26T17:06:14","calc_backorders":null,"_links":{"self":[{"href":"https:\/\/onesportmallorca.com\/ca\/wp-json\/wp\/v2\/product\/57931","targetHints":{"allow":["GET"]}}],"collection":[{"href":"https:\/\/onesportmallorca.com\/ca\/wp-json\/wp\/v2\/product"}],"about":[{"href":"https:\/\/onesportmallorca.com\/ca\/wp-json\/wp\/v2\/types\/product"}],"wp:featuredmedia":[{"embeddable":true,"href":"https:\/\/onesportmallorca.com\/ca\/wp-json\/wp\/v2\/media\/57960"}],"wp:attachment":[{"href":"https:\/\/onesportmallorca.com\/ca\/wp-json\/wp\/v2\/media?parent=57931"}],"wp:term":[{"taxonomy":"product_brand","embeddable":true,"href":"https:\/\/onesportmallorca.com\/ca\/wp-json\/wp\/v2\/product_brand?post=57931"},{"taxonomy":"product_cat","embeddable":true,"href":"https:\/\/onesportmallorca.com\/ca\/wp-json\/wp\/v2\/product_cat?post=57931"},{"taxonomy":"product_tag","embeddable":true,"href":"https:\/\/onesportmallorca.com\/ca\/wp-json\/wp\/v2\/product_tag?post=57931"}],"curies":[{"name":"wp","href":"https:\/\/api.w.org\/{rel}","templated":true}]}}