{"id":57586,"date":"2024-09-06T10:41:38","date_gmt":"2024-09-06T08:41:38","guid":{"rendered":"https:\/\/onesportmallorca.com\/?post_type=product&#038;p=57586"},"modified":"2026-03-10T14:10:26","modified_gmt":"2026-03-10T13:10:26","slug":"on-cloudsurfer-next","status":"publish","type":"product","link":"https:\/\/onesportmallorca.com\/ca\/producto\/on-cloudsurfer-next\/","title":{"rendered":"On Cloudsurfer Next"},"content":{"rendered":"<h2 class=\"_imageTitle_1v335_89\">Fluye con potencia<\/h2>\n<p class=\"_description_1v335_110\">A la hora de aterrizar, la entresuela CloudTec Phase\u00ae se comprime secuencialmente para crear una transici\u00f3n fluida del tal\u00f3n a la puntera. Y a la de despegar, la superespuma Helion\u2122 te catapulta con m\u00e1ximo rebote. \u00bfEl resultado? Carreras din\u00e1micas que fluyen con menos esfuerzo.<\/p>\n<p>&nbsp;<\/p>\n<h2 class=\"_imageTitle_1v335_89\">Siempre hacia delante<\/h2>\n<p class=\"_description_1v335_110\">Volar en cada carrera no tiene por qu\u00e9 ser tan dif\u00edcil. La nueva geometr\u00eda del rocker delantero de las Cloudsurfer Next transmite la potencia al antepi\u00e9. Son ligeras, reactivas y est\u00e1n hechas para absorber los impactos, por si quieres correr a diario.<\/p>\n<p>&nbsp;<\/p>\n<h2 class=\"_imageTitle_1v335_89\">Siente que vuelas<\/h2>\n<p class=\"_description_1v335_110\">Cuanto m\u00e1s subes el ritmo (y pasar\u00e1 casi sin enterarte), m\u00e1s se agarran al suelo las almohadillas de goma de la suela. Inspiradas en nuestras zapatillas de competici\u00f3n, las Cloudsurfer Next tienen un upper ultraligero transpirable que se amolda a cada curva del pie. M\u00e1s confort, m\u00e1s seguridad.<\/p>\n<p>&nbsp;<\/p>\n<h2 class=\"_title_pjr0g_58\">Detalles del producto<\/h2>\n<ul class=\"_usps_pjr0g_76\">\n<li class=\"\">\n<p class=\"_usp_pjr0g_76\">Peso: 273g<\/p>\n<\/li>\n<li class=\"\">\n<p class=\"_usp_pjr0g_76\">Entresuela de superespuma Helion\u2122: m\u00e1s reactiva, m\u00e1s rebote<\/p>\n<\/li>\n<li class=\"\">\n<p class=\"_usp_pjr0g_76\">CloudTec Phase\u00ae para una transici\u00f3n suave tal\u00f3n-puntera<\/p>\n<\/li>\n<li class=\"\">\n<p class=\"_usp_pjr0g_76\">Upper tejido y ligero inspirado en el calzado de competici\u00f3n<\/p>\n<\/li>\n<li class=\"\">\n<p class=\"_usp_pjr0g_76\">Rocker delantero muy \u00e1gil para despegues potentes<\/p>\n<\/li>\n<li class=\"\">\n<p class=\"_usp_pjr0g_76\">F\u00e1ciles de poner, se adaptan a distintas formas de pie<\/p>\n<\/li>\n<li class=\"\">\n<p class=\"_usp_pjr0g_76\">Almohadillas de goma en la suela para un mayor agarre<\/p>\n<\/li>\n<li class=\"\">\n<p class=\"_usp_pjr0g_76\">Carreras din\u00e1micas en modo f\u00e1cil<\/p>\n<\/li>\n<li class=\"\">\n<p class=\"_usp_pjr0g_76\">Silueta inspirada en nuestras zapatillas m\u00e1s veloces<\/p>\n<\/li>\n<\/ul>\n","protected":false},"excerpt":{"rendered":"<p>Fluye con potencia A la hora de aterrizar, la entresuela CloudTec Phase\u00ae se comprime secuencialmente para crear una transici\u00f3n fluida<\/p>\n","protected":false},"featured_media":57621,"template":"","meta":[],"product_brand":[7203],"product_cat":[6425,2239],"product_tag":[],"class_list":{"0":"post-57586","1":"product","2":"type-product","3":"status-publish","4":"has-post-thumbnail","6":"product_brand-on-running","7":"product_cat-onr-ca","8":"product_cat-calcat","10":"first","11":"instock","12":"sale","13":"taxable","14":"shipping-taxable","15":"purchasable","16":"product-type-variable","17":"has-default-attributes","18":"rtwpvg-product"},"supplier_id":null,"supplier_sku":"","barcode":null,"atum_controlled":true,"out_stock_date":null,"out_stock_threshold":null,"inheritable":true,"inbound_stock":0,"stock_on_hold":0,"sold_today":18,"sales_last_days":20,"reserved_stock":0,"customer_returns":0,"warehouse_damage":0,"lost_in_post":0,"other_logs":0,"out_stock_days":null,"lost_sales":0,"has_location":true,"update_date":"2026-03-31T08:08:43","atum_locations":[{"id":6282,"name":"Tienda Onesport","slug":"tienda_onesport"}],"atum_stock_status":"instock","restock_status":false,"low_stock_amount":"","sales_update_date":"2025-12-05T13:19:52","calc_backorders":null,"_links":{"self":[{"href":"https:\/\/onesportmallorca.com\/ca\/wp-json\/wp\/v2\/product\/57586","targetHints":{"allow":["GET"]}}],"collection":[{"href":"https:\/\/onesportmallorca.com\/ca\/wp-json\/wp\/v2\/product"}],"about":[{"href":"https:\/\/onesportmallorca.com\/ca\/wp-json\/wp\/v2\/types\/product"}],"wp:featuredmedia":[{"embeddable":true,"href":"https:\/\/onesportmallorca.com\/ca\/wp-json\/wp\/v2\/media\/57621"}],"wp:attachment":[{"href":"https:\/\/onesportmallorca.com\/ca\/wp-json\/wp\/v2\/media?parent=57586"}],"wp:term":[{"taxonomy":"product_brand","embeddable":true,"href":"https:\/\/onesportmallorca.com\/ca\/wp-json\/wp\/v2\/product_brand?post=57586"},{"taxonomy":"product_cat","embeddable":true,"href":"https:\/\/onesportmallorca.com\/ca\/wp-json\/wp\/v2\/product_cat?post=57586"},{"taxonomy":"product_tag","embeddable":true,"href":"https:\/\/onesportmallorca.com\/ca\/wp-json\/wp\/v2\/product_tag?post=57586"}],"curies":[{"name":"wp","href":"https:\/\/api.w.org\/{rel}","templated":true}]}}