{"id":57351,"date":"2024-09-05T09:42:40","date_gmt":"2024-09-05T07:42:40","guid":{"rendered":"https:\/\/onesportmallorca.com\/?post_type=product&#038;p=57351"},"modified":"2025-03-26T11:50:11","modified_gmt":"2025-03-26T10:50:11","slug":"on-cloud-5-w-heather-fossil-59-97685-w","status":"publish","type":"product","link":"https:\/\/onesportmallorca.com\/ca\/producto\/on-cloud-5-w-heather-fossil-59-97685-w\/","title":{"rendered":"On Cloud 5 W Heather | Fossil (59.97685 W)"},"content":{"rendered":"<h2 class=\"_imageTitle_1v335_89\">Comodidad de alto nivel<\/h2>\n<p class=\"_description_1v335_110\">Experimenta una gran comodidad con nuestra amortiguaci\u00f3n patentada CloudTec\u00ae en espuma Zero-Gravity. Dise\u00f1ada para proporcionar aterrizajes suaves y despegues potentes.<\/p>\n<p>&nbsp;<\/p>\n<h2 class=\"_imageTitle_1v335_89\">Built different<\/h2>\n<p class=\"_description_1v335_110\">Menos peso. M\u00e1s sostenibilidad. Hemos mejorado su fabricaci\u00f3n con un 44 % de materiales reciclados, una malla antimicrobiana transpirable y refuerzos sellados.<\/p>\n<p>&nbsp;<\/p>\n<h2 class=\"_imageTitle_1v335_89\">Sistema Speed-lacing<\/h2>\n<p class=\"_description_1v335_110\">Olv\u00eddate de atarte los cordones. El sistema de atado r\u00e1pido de las Cloud hace que las zapatillas se ajusten a tu pie en un instante. \u00bfEres m\u00e1s de cordones cl\u00e1sicos? No te preocupes, tambi\u00e9n se incluyen un par de ellos.<\/p>\n<p>&nbsp;<\/p>\n<h2 class=\"_title_pjr0g_58\">Detalles del producto<\/h2>\n<ul class=\"_usps_pjr0g_76\">\n<li class=\"\">\n<p class=\"_usp_pjr0g_76\">Peso: 203g<\/p>\n<\/li>\n<li class=\"\">\n<p class=\"_usp_pjr0g_76\">Silueta redise\u00f1ada, con nuevos materiales y tecnolog\u00eda<\/p>\n<\/li>\n<li class=\"\">\n<p class=\"_usp_pjr0g_76\">Malla antimicrobiana transpirable con refuerzos encintados<\/p>\n<\/li>\n<li class=\"\">\n<p class=\"_usp_pjr0g_76\">CloudTec\u00ae en espuma Zero-Gravity para aterrizajes amortiguados<\/p>\n<\/li>\n<li class=\"\">\n<p class=\"_usp_pjr0g_76\">Speedboard\u00ae que transforma la energ\u00eda en movimiento<\/p>\n<\/li>\n<li class=\"\">\n<p class=\"_usp_pjr0g_76\">El dise\u00f1o del tal\u00f3n moldeado mantiene el pie en su sitio<\/p>\n<\/li>\n<li class=\"\">\n<p class=\"_usp_pjr0g_76\">M\u00e1s comodidad. M\u00e1s materiales reciclados.<\/p>\n<\/li>\n<\/ul>\n","protected":false},"excerpt":{"rendered":"<p>Comodidad de alto nivel Experimenta una gran comodidad con nuestra amortiguaci\u00f3n patentada CloudTec\u00ae en espuma Zero-Gravity. Dise\u00f1ada para proporcionar aterrizajes<\/p>\n","protected":false},"featured_media":57386,"template":"","meta":[],"product_brand":[],"product_cat":[6425,2239,5956],"product_tag":[7168],"class_list":{"0":"post-57351","1":"product","2":"type-product","3":"status-publish","4":"has-post-thumbnail","6":"product_cat-onr-ca","7":"product_cat-calcat","8":"product_cat-outlet-ca","9":"product_tag-outlet-ca","11":"first","12":"outofstock","13":"sale","14":"taxable","15":"shipping-taxable","16":"purchasable","17":"product-type-variable","18":"has-default-attributes","19":"rtwpvg-product"},"supplier_id":null,"supplier_sku":"","barcode":null,"atum_controlled":true,"out_stock_date":null,"out_stock_threshold":null,"inheritable":true,"inbound_stock":0,"stock_on_hold":0,"sold_today":1,"sales_last_days":1,"reserved_stock":0,"customer_returns":0,"warehouse_damage":0,"lost_in_post":0,"other_logs":0,"out_stock_days":null,"lost_sales":0,"has_location":true,"update_date":"2025-12-05T13:43:22","atum_locations":[{"id":6282,"name":"Tienda Onesport","slug":"tienda_onesport"}],"atum_stock_status":"instock","restock_status":false,"low_stock_amount":"","sales_update_date":"2025-12-05T13:43:22","calc_backorders":null,"_links":{"self":[{"href":"https:\/\/onesportmallorca.com\/ca\/wp-json\/wp\/v2\/product\/57351","targetHints":{"allow":["GET"]}}],"collection":[{"href":"https:\/\/onesportmallorca.com\/ca\/wp-json\/wp\/v2\/product"}],"about":[{"href":"https:\/\/onesportmallorca.com\/ca\/wp-json\/wp\/v2\/types\/product"}],"wp:featuredmedia":[{"embeddable":true,"href":"https:\/\/onesportmallorca.com\/ca\/wp-json\/wp\/v2\/media\/57386"}],"wp:attachment":[{"href":"https:\/\/onesportmallorca.com\/ca\/wp-json\/wp\/v2\/media?parent=57351"}],"wp:term":[{"taxonomy":"product_brand","embeddable":true,"href":"https:\/\/onesportmallorca.com\/ca\/wp-json\/wp\/v2\/product_brand?post=57351"},{"taxonomy":"product_cat","embeddable":true,"href":"https:\/\/onesportmallorca.com\/ca\/wp-json\/wp\/v2\/product_cat?post=57351"},{"taxonomy":"product_tag","embeddable":true,"href":"https:\/\/onesportmallorca.com\/ca\/wp-json\/wp\/v2\/product_tag?post=57351"}],"curies":[{"name":"wp","href":"https:\/\/api.w.org\/{rel}","templated":true}]}}