{"id":54952,"date":"2024-08-26T11:20:18","date_gmt":"2024-08-26T09:20:18","guid":{"rendered":"https:\/\/onesportmallorca.com\/?post_type=product&#038;p=54952"},"modified":"2025-09-19T19:10:56","modified_gmt":"2025-09-19T17:10:56","slug":"zapatilla-hoka-w-rincon-4-1155131","status":"publish","type":"product","link":"https:\/\/onesportmallorca.com\/ca\/producto\/zapatilla-hoka-w-rincon-4-1155131\/","title":{"rendered":"Zapatilla Hoka W RINCON 4 (1155131)"},"content":{"rendered":"<h2 class=\"description__title\">The Rundown<\/h2>\n<div id=\"description-info\" class=\"description__info\">\n<div class=\"content\">\n<div class=\"short-description__full\">\n<p><strong>Amortiguaci\u00f3n, nivel nube; duraci\u00f3n, m\u00e1xima.<\/strong><\/p>\n<p>Famosas por su asombrosa relaci\u00f3n entre peso y amortiguaci\u00f3n, las Rincon\u00a04 estrenan un nuevo look para garantizar que la suavidad ultraligera que las lanz\u00f3 a la fama sea (casi) infinita. La espuma renovada mejora el rebote y prolonga su vida \u00fatil, al tiempo que trabaja con la EVA vulcanizada para que cada paso que das sea m\u00e1s suave que el anterior. Con un dise\u00f1o duradero de suela exterior y un ajuste m\u00e1s ce\u00f1ido al pie que antes, estas deportivas de uso diario no a\u00f1aden nada de peso a tus carreras, solo a\u00f1os de uso.<\/p>\n<p class=\"description__product-id\">N.\u00ba de art\u00edculo\u00a0<span class=\"product-id\">1155131<\/span><\/p>\n<\/div>\n<\/div>\n<div id=\"description-info-more-content\" class=\"product-description-view-more\">\n<div class=\"description-techspecs description-techspecs--bestfor\">\n<h4 class=\"description-techspecs__title title\">Uso<\/h4>\n<div class=\"description-techspecs__items collapsible-recommendations\">\n<div class=\"description-techspecs__item\">Carretera<\/div>\n<div><\/div>\n<\/div>\n<\/div>\n<div class=\"description-techspecs description-techspecs--features \">\n<h4 class=\"description-techspecs__title\">Caracter\u00edsticas:<\/h4>\n<div class=\"description-techspecs__items\">\n<ul class=\"features-container\">\n<li class=\"feature-item\">Jacquard t\u00e9cnico doble<\/li>\n<li class=\"feature-item\">Leng\u00fceta acolchada<\/li>\n<li class=\"feature-item\">Entresuela de dos capas<\/li>\n<li class=\"feature-item\">Estructura Active Foot Frame\u2122 centrada en la parte trasera del pie<\/li>\n<li class=\"feature-item\">MetaRocker\u2122 suave<\/li>\n<\/ul>\n<ul class=\"features-container features-extended collapse show\">\n<li class=\"feature-item\">Suela exterior de EVA vulcanizada<\/li>\n<li class=\"feature-item\">Dise\u00f1o podular de suela exterior<\/li>\n<li class=\"feature-item\">Veganas<\/li>\n<\/ul>\n<\/div>\n<\/div>\n<\/div>\n<\/div>\n","protected":false},"excerpt":{"rendered":"<p>The Rundown Amortiguaci\u00f3n, nivel nube; duraci\u00f3n, m\u00e1xima. Famosas por su asombrosa relaci\u00f3n entre peso y amortiguaci\u00f3n, las Rincon\u00a04 estrenan un<\/p>\n","protected":false},"featured_media":54981,"template":"","meta":[],"product_brand":[],"product_cat":[6395,2239],"product_tag":[],"class_list":{"0":"post-54952","1":"product","2":"type-product","3":"status-publish","4":"has-post-thumbnail","6":"product_cat-hoka-ca","7":"product_cat-calcat","9":"first","10":"outofstock","11":"sale","12":"taxable","13":"shipping-taxable","14":"purchasable","15":"product-type-variable","16":"has-default-attributes","17":"rtwpvg-product"},"supplier_id":null,"supplier_sku":"","barcode":null,"atum_controlled":true,"out_stock_date":null,"out_stock_threshold":null,"inheritable":true,"inbound_stock":0,"stock_on_hold":0,"sold_today":2,"sales_last_days":3,"reserved_stock":0,"customer_returns":0,"warehouse_damage":0,"lost_in_post":0,"other_logs":0,"out_stock_days":null,"lost_sales":0,"has_location":true,"update_date":"2026-01-05T10:58:14","atum_locations":[{"id":5969,"name":"Nu'u","slug":"nuu"}],"atum_stock_status":"instock","restock_status":false,"low_stock_amount":"","sales_update_date":"2025-06-05T11:22:22","calc_backorders":null,"_links":{"self":[{"href":"https:\/\/onesportmallorca.com\/ca\/wp-json\/wp\/v2\/product\/54952","targetHints":{"allow":["GET"]}}],"collection":[{"href":"https:\/\/onesportmallorca.com\/ca\/wp-json\/wp\/v2\/product"}],"about":[{"href":"https:\/\/onesportmallorca.com\/ca\/wp-json\/wp\/v2\/types\/product"}],"wp:featuredmedia":[{"embeddable":true,"href":"https:\/\/onesportmallorca.com\/ca\/wp-json\/wp\/v2\/media\/54981"}],"wp:attachment":[{"href":"https:\/\/onesportmallorca.com\/ca\/wp-json\/wp\/v2\/media?parent=54952"}],"wp:term":[{"taxonomy":"product_brand","embeddable":true,"href":"https:\/\/onesportmallorca.com\/ca\/wp-json\/wp\/v2\/product_brand?post=54952"},{"taxonomy":"product_cat","embeddable":true,"href":"https:\/\/onesportmallorca.com\/ca\/wp-json\/wp\/v2\/product_cat?post=54952"},{"taxonomy":"product_tag","embeddable":true,"href":"https:\/\/onesportmallorca.com\/ca\/wp-json\/wp\/v2\/product_tag?post=54952"}],"curies":[{"name":"wp","href":"https:\/\/api.w.org\/{rel}","templated":true}]}}