{"id":53442,"date":"2024-08-20T12:29:45","date_gmt":"2024-08-20T10:29:45","guid":{"rendered":"https:\/\/onesportmallorca.com\/?post_type=product&#038;p=53442"},"modified":"2024-11-26T12:34:10","modified_gmt":"2024-11-26T11:34:10","slug":"dmt23-sh10-road","status":"publish","type":"product","link":"https:\/\/onesportmallorca.com\/ca\/producto\/dmt23-sh10-road\/","title":{"rendered":"DMT23 SH10 Road"},"content":{"rendered":"<p>DESCRIPCI\u00d3N<\/p>\n<p>La SH10 combina el incre\u00edble ajuste y la m\u00e1xima comodidad de una construcci\u00f3n Engineered 3D Knit con una mayor capacidad de ajuste y el soporte de una estructura h\u00edbrida \u00fanica. El tejido de la parte delantera es a\u00fan m\u00e1s eficiente gracias al sistema de ajuste LPZ BOA\u00ae de doble dial. Adem\u00e1s, el empeine y el tal\u00f3n con una construcci\u00f3n de microfibra garantizan un soporte a\u00fan mayor.<\/p>\n<p>&nbsp;<\/p>\n<p>CARACTER\u00cdSTICAS T\u00c9CNICAS<\/p>\n<p>\u25cf Sistema de cierre regulable independiente.<\/p>\n<p>\u25cf Empeine h\u00edbrido 3D Engineered Knit + microfibra.<\/p>\n<p>\u25cf Estructuras de punto y grosor variables para una comodidad m\u00e1xima.<\/p>\n<p>\u25cf Cincha integrada.<\/p>\n<p>\u25cf Sistema de cierre de tal\u00f3n y cincha de microfibra.<\/p>\n<p>\u25cf Double L6 Dial Z BOA\u00ae Fit System.<\/p>\n<p>\u25cf Suela de carbono Air Tech.<\/p>\n<p>\u25cf Ajuste de calas delanteras y traseras de 8 mm.<\/p>\n<p>\u25cf Logotipos reflectantes.<\/p>\n<p>\u25cf Nuevo contrafuerte de tal\u00f3n inyectado.<\/p>\n","protected":false},"excerpt":{"rendered":"<p>DESCRIPCI\u00d3N La SH10 combina el incre\u00edble ajuste y la m\u00e1xima comodidad de una construcci\u00f3n Engineered 3D Knit con una mayor<\/p>\n","protected":false},"featured_media":53412,"template":"","meta":[],"product_brand":[],"product_cat":[6442,6441,2239,6435],"product_tag":[],"class_list":{"0":"post-53442","1":"product","2":"type-product","3":"status-publish","4":"has-post-thumbnail","6":"product_cat-marca-ca","7":"product_cat-dmt-ca","8":"product_cat-calcat","9":"product_cat-calzado-ciclismo-ca","11":"first","12":"outofstock","13":"taxable","14":"shipping-taxable","15":"purchasable","16":"product-type-variable","17":"has-default-attributes","18":"rtwpvg-product"},"supplier_id":null,"supplier_sku":"","barcode":null,"atum_controlled":true,"out_stock_date":null,"out_stock_threshold":null,"inheritable":true,"inbound_stock":0,"stock_on_hold":0,"sold_today":1,"sales_last_days":1,"reserved_stock":0,"customer_returns":0,"warehouse_damage":0,"lost_in_post":0,"other_logs":0,"out_stock_days":null,"lost_sales":0,"has_location":true,"update_date":"2025-06-20T09:24:39","atum_locations":[{"id":6282,"name":"Tienda Onesport","slug":"tienda_onesport"}],"atum_stock_status":"instock","restock_status":false,"low_stock_amount":"","sales_update_date":"2025-06-20T09:24:39","calc_backorders":null,"_links":{"self":[{"href":"https:\/\/onesportmallorca.com\/ca\/wp-json\/wp\/v2\/product\/53442","targetHints":{"allow":["GET"]}}],"collection":[{"href":"https:\/\/onesportmallorca.com\/ca\/wp-json\/wp\/v2\/product"}],"about":[{"href":"https:\/\/onesportmallorca.com\/ca\/wp-json\/wp\/v2\/types\/product"}],"wp:featuredmedia":[{"embeddable":true,"href":"https:\/\/onesportmallorca.com\/ca\/wp-json\/wp\/v2\/media\/53412"}],"wp:attachment":[{"href":"https:\/\/onesportmallorca.com\/ca\/wp-json\/wp\/v2\/media?parent=53442"}],"wp:term":[{"taxonomy":"product_brand","embeddable":true,"href":"https:\/\/onesportmallorca.com\/ca\/wp-json\/wp\/v2\/product_brand?post=53442"},{"taxonomy":"product_cat","embeddable":true,"href":"https:\/\/onesportmallorca.com\/ca\/wp-json\/wp\/v2\/product_cat?post=53442"},{"taxonomy":"product_tag","embeddable":true,"href":"https:\/\/onesportmallorca.com\/ca\/wp-json\/wp\/v2\/product_tag?post=53442"}],"curies":[{"name":"wp","href":"https:\/\/api.w.org\/{rel}","templated":true}]}}