{"id":52707,"date":"2023-04-19T11:49:15","date_gmt":"2023-04-19T09:49:15","guid":{"rendered":"https:\/\/onesportmallorca.com\/producto\/zapatilla-hoka-w-zinal-deep-lake-ceramic-1119400-dlcr\/"},"modified":"2025-06-11T19:39:52","modified_gmt":"2025-06-11T17:39:52","slug":"zapatilla-hoka-w-zinal-deep-lake-ceramic-1119400-dlcr","status":"publish","type":"product","link":"https:\/\/onesportmallorca.com\/ca\/producto\/zapatilla-hoka-w-zinal-deep-lake-ceramic-1119400-dlcr\/","title":{"rendered":"Zapatilla Hoka ZINAL Deep Lake &#8211; Ceramic (DLCR)"},"content":{"rendered":"<h2 class=\"description__title\">The Rundown<\/h2>\n<div id=\"description-info\" class=\"description__info\">\n<div class=\"content\">\n<div class=\"short-description__full\"><strong>Vuela en la monta\u00f1a.<\/strong><\/div>\n<\/div>\n<\/div>\n<p>Las zapatillas HOKA Zinal se presentan como una mezcla en velocidad y agilidad, unas zapatillas con respuesta y para terrenos t\u00e9cnicos. Ataca el terreno t\u00e9cnico con confianza y agarre con este modelo Zinal. Dise\u00f1ado para distancias m\u00e1s cortas, este \u00e1gil modelo ofrece la combinaci\u00f3n perfecta de velocidad y agilidad. Hecho a partir de hilo reciclado, se ha dise\u00f1ado una parte superior de malla despojada con una leng\u00fceta reforzada para mantener escombros. Con la entresuela Profly de doble densidad con espuma ultraligera en la parte superior y recubierta de goma EVA en la parte inferior, el Zinal est\u00e1 terminado con una suela Vibram Litebase.<\/p>\n<h4>Caracter\u00edsticas:<\/h4>\n<p>&#8211; Para terrenos t\u00e9cnicos<br \/>\n&#8211; Tipo corredor: corredores ligeros, m\u00e1s bien musculados<br \/>\n&#8211; Tipo carrera: dependiendo del usuario, para una corta distancia quiz\u00e1s un poco extendida, hasta los 30Km<br \/>\n&#8211; Tipo terreno: terrenos compactos<br \/>\n&#8211; Mediasuela Profly de doble densidad<br \/>\n&#8211; Suela Vibram Megagrip Litebase<br \/>\n&#8211; Con goma en la puntera y tal\u00f3n<br \/>\n&#8211; Peso 242 g<br \/>\n&#8211; Suela en el tal\u00f3n: 22 mm<br \/>\n&#8211; Suela en el antepi\u00e9: 18 mm<br \/>\n&#8211; Drop: 5 mm<\/p>\n<h4>Tecnolog\u00edas:<\/h4>\n<p>&#8211; Vibram Litebase Megagrip:<br \/>\nLa suela ligera Vibram Litebase para trailrunning con compuesto Megagrip y tacos en forma de flecha mejoran la velocidad, el agarre y el frenado; la superficie combada de los neum\u00e1ticos aumenta la flexibilidad; el compuesto ultraligero y de alta resistencia Eccevai es excelente para el trail running de larga distancia y en terrenos mixtos.<\/p>\n<p>Las media suela con esta tecnolog\u00eda cuentan con un tal\u00f3n m\u00e1s suave para una mayor amortiguaci\u00f3n y un antepi\u00e9 firme que otorga propulsi\u00f3n en cada zancada. La fusi\u00f3n de las dos cosas resulta en una carrera m\u00e1s r\u00e1pida y c\u00f3moda.<\/p>\n","protected":false},"excerpt":{"rendered":"<p>The Rundown Vuela en la monta\u00f1a. Las zapatillas HOKA Zinal se presentan como una mezcla en velocidad y agilidad, unas<\/p>\n","protected":false},"featured_media":28939,"template":"","meta":[],"product_brand":[7224],"product_cat":[6395,2239,5956],"product_tag":[],"class_list":{"0":"post-52707","1":"product","2":"type-product","3":"status-publish","4":"has-post-thumbnail","6":"product_brand-hoka","7":"product_cat-hoka-ca","8":"product_cat-calcat","9":"product_cat-outlet-ca","11":"first","12":"outofstock","13":"sale","14":"taxable","15":"shipping-taxable","16":"purchasable","17":"product-type-variable","18":"has-default-attributes","19":"rtwpvg-product"},"supplier_id":null,"supplier_sku":"","barcode":null,"atum_controlled":true,"out_stock_date":"2023-04-25 11:25:00","out_stock_threshold":null,"inheritable":true,"inbound_stock":0,"stock_on_hold":0,"sold_today":2,"sales_last_days":3,"reserved_stock":0,"customer_returns":0,"warehouse_damage":0,"lost_in_post":0,"other_logs":0,"out_stock_days":778,"lost_sales":0,"has_location":true,"update_date":"2025-10-27T09:06:30","atum_locations":[{"id":5967,"name":"Shop Duva","slug":"shop_duva"}],"atum_stock_status":"instock","restock_status":false,"low_stock_amount":"","sales_update_date":"2025-06-05T11:22:27","calc_backorders":null,"_links":{"self":[{"href":"https:\/\/onesportmallorca.com\/ca\/wp-json\/wp\/v2\/product\/52707","targetHints":{"allow":["GET"]}}],"collection":[{"href":"https:\/\/onesportmallorca.com\/ca\/wp-json\/wp\/v2\/product"}],"about":[{"href":"https:\/\/onesportmallorca.com\/ca\/wp-json\/wp\/v2\/types\/product"}],"wp:featuredmedia":[{"embeddable":true,"href":"https:\/\/onesportmallorca.com\/ca\/wp-json\/wp\/v2\/media\/28939"}],"wp:attachment":[{"href":"https:\/\/onesportmallorca.com\/ca\/wp-json\/wp\/v2\/media?parent=52707"}],"wp:term":[{"taxonomy":"product_brand","embeddable":true,"href":"https:\/\/onesportmallorca.com\/ca\/wp-json\/wp\/v2\/product_brand?post=52707"},{"taxonomy":"product_cat","embeddable":true,"href":"https:\/\/onesportmallorca.com\/ca\/wp-json\/wp\/v2\/product_cat?post=52707"},{"taxonomy":"product_tag","embeddable":true,"href":"https:\/\/onesportmallorca.com\/ca\/wp-json\/wp\/v2\/product_tag?post=52707"}],"curies":[{"name":"wp","href":"https:\/\/api.w.org\/{rel}","templated":true}]}}