{"id":48057,"date":"2024-07-22T12:34:53","date_gmt":"2024-07-22T10:34:53","guid":{"rendered":"https:\/\/onesportmallorca.com\/?post_type=product&#038;p=48057"},"modified":"2024-12-09T18:56:11","modified_gmt":"2024-12-09T17:56:11","slug":"dmt25-km4-xc-marathon-black","status":"publish","type":"product","link":"https:\/\/onesportmallorca.com\/ca\/producto\/dmt25-km4-xc-marathon-black\/","title":{"rendered":"DMT25 KM4 XC Marathon Black"},"content":{"rendered":"<p>Las KM4 son las aliadas perfectas de los amantes de la bicicleta de monta\u00f1a. Ofrecen comodidad, transpirabilidad y ligereza, lo que las convierte en indispensables para todas tus aventuras ciclistas.<\/p>\n<p>CARACTER\u00cdSTICAS T\u00c9CNICAS<br \/>\nParte superior de malla. Leng\u00fceta de microfibra.<\/p>\n<p>Sistema de cierre BOA L6.<\/p>\n<p>Suela de nailon aireado.<\/p>\n<p>Peso de 330 g en la talla 42.<\/p>\n<p>Ojales ajustables de 8 mm.<\/p>\n<p>Para una limpieza m\u00e1s eficaz y segura de las KM4, recomendamos limpiarlas con jab\u00f3n suave y un pa\u00f1o h\u00famedo. No utilice disolventes, diluyentes de pintura ni productos qu\u00edmicos agresivos. Para m\u00e1s informaci\u00f3n sobre c\u00f3mo mantener las zapatillas en perfecto estado, consulte el apartado correspondiente.<\/p>\n","protected":false},"excerpt":{"rendered":"<p>Las KM4 son las aliadas perfectas de los amantes de la bicicleta de monta\u00f1a. Ofrecen comodidad, transpirabilidad y ligereza, lo<\/p>\n","protected":false},"featured_media":48102,"template":"","meta":[],"product_brand":[],"product_cat":[6442,6441,2239,6435],"product_tag":[],"class_list":{"0":"post-48057","1":"product","2":"type-product","3":"status-publish","4":"has-post-thumbnail","6":"product_cat-marca-ca","7":"product_cat-dmt-ca","8":"product_cat-calcat","9":"product_cat-calzado-ciclismo-ca","11":"first","12":"instock","13":"taxable","14":"shipping-taxable","15":"purchasable","16":"product-type-variable","17":"has-default-attributes","18":"rtwpvg-product"},"supplier_id":null,"supplier_sku":"","barcode":null,"atum_controlled":true,"out_stock_date":null,"out_stock_threshold":null,"inheritable":true,"inbound_stock":0,"stock_on_hold":0,"sold_today":2,"sales_last_days":2,"reserved_stock":0,"customer_returns":0,"warehouse_damage":0,"lost_in_post":0,"other_logs":0,"out_stock_days":null,"lost_sales":0,"has_location":true,"update_date":"2025-10-22T11:07:33","atum_locations":[{"id":6282,"name":"Tienda Onesport","slug":"tienda_onesport"}],"atum_stock_status":"instock","restock_status":false,"low_stock_amount":"","sales_update_date":"2025-06-20T09:24:39","calc_backorders":null,"_links":{"self":[{"href":"https:\/\/onesportmallorca.com\/ca\/wp-json\/wp\/v2\/product\/48057","targetHints":{"allow":["GET"]}}],"collection":[{"href":"https:\/\/onesportmallorca.com\/ca\/wp-json\/wp\/v2\/product"}],"about":[{"href":"https:\/\/onesportmallorca.com\/ca\/wp-json\/wp\/v2\/types\/product"}],"wp:featuredmedia":[{"embeddable":true,"href":"https:\/\/onesportmallorca.com\/ca\/wp-json\/wp\/v2\/media\/48102"}],"wp:attachment":[{"href":"https:\/\/onesportmallorca.com\/ca\/wp-json\/wp\/v2\/media?parent=48057"}],"wp:term":[{"taxonomy":"product_brand","embeddable":true,"href":"https:\/\/onesportmallorca.com\/ca\/wp-json\/wp\/v2\/product_brand?post=48057"},{"taxonomy":"product_cat","embeddable":true,"href":"https:\/\/onesportmallorca.com\/ca\/wp-json\/wp\/v2\/product_cat?post=48057"},{"taxonomy":"product_tag","embeddable":true,"href":"https:\/\/onesportmallorca.com\/ca\/wp-json\/wp\/v2\/product_tag?post=48057"}],"curies":[{"name":"wp","href":"https:\/\/api.w.org\/{rel}","templated":true}]}}