{"id":45552,"date":"2024-07-10T13:33:24","date_gmt":"2024-07-10T11:33:24","guid":{"rendered":"https:\/\/onesportmallorca.com\/?post_type=product&#038;p=45552"},"modified":"2025-03-26T19:30:01","modified_gmt":"2025-03-26T18:30:01","slug":"zapatillas-joma-trail-tr-7000-2417-verde-negro","status":"publish","type":"product","link":"https:\/\/onesportmallorca.com\/ca\/producto\/zapatillas-joma-trail-tr-7000-2417-verde-negro\/","title":{"rendered":"Zapatillas Joma TRAIL TR-7000 2417 VERDE NEGRO"},"content":{"rendered":"<p>Nuevo modelo de zapatilla espec\u00edfica de competici\u00f3n de trail running. Las TR-7000 solamente aportan altas prestaciones en carreras por pista forestal. Equipada con la m\u00e1xima reactividad, amortiguaci\u00f3n y agarre a terrenos irregulares. Uso recomendado en trail runners con ritmo de carrera r\u00e1pido (menor de 4 minutos\/km) con muy buena t\u00e9cnica sobre terrenos de baja dificultad. Est\u00e1 testada por atletas profesionales, como Miguel Heras en pruebas internacionales como Transgrancanaria.<\/p>\n<p>Upper elaborado con nylon acabado en Jacquard personalizado. Se le han a\u00f1adido microperforaciones con el sistema VTS, que permite la entrada y salida de aire para conseguir una correcta ventilaci\u00f3n del sudor. As\u00ed, ser\u00e1 m\u00e1s f\u00e1cil que la temperatura del pie se mantenga constante. Ajuste \u00f3ptimo y m\u00e1xima sujeci\u00f3n de la mano de la tecnolog\u00eda JOMA SPORTECH, que inserta TPU termosellado en zonas estrat\u00e9gicas sin a\u00f1adir apenas peso.<\/p>\n<p>Refuerzo PROTECTION en la puntera y en los laterales para proteger frente los golpes externos y evitar que entre arenilla en las zapatillas.<\/p>\n<p>Mediasuela muy reactiva con drop 8 mm. La parte trasera es de FLY REACTIVE, una tecnolog\u00eda compuesta por un material esponjoso y ligero, que absorbe los impactos y recupera su forma r\u00e1pidamente para dotar al trail runner de impulso. La parte delantera es de phylon estable.<\/p>\n<p>La suela es de caucho DURABILITY con estructura de tacos de agarre al terreno para controlar mejor los movimientos, sobre todo en descensos.<\/p>\n<p>Peso: 250 gramos.<\/p>\n<ul class=\"featuresul\">\n<li>Corte de nylon Jacquard con TPU. Tiene tecnolog\u00edas SPORTECH y VTS<\/li>\n<li>Mediasuela de phylon FLY REACTIVE<\/li>\n<li>Suela caucho DURABILITY<\/li>\n<li>Refuerzo en lateral y en puntera<\/li>\n<\/ul>\n<ul class=\"featuresul\">\n<li>Ritmo r\u00e1pido: menor de 4&#8242; por km<\/li>\n<li>Indicada para: peso medio &#8211; bajo<\/li>\n<li>Intensidad de uso: competici\u00f3n<\/li>\n<li>Distancia media: entre 20 km y 30 km<\/li>\n<li>Dificultad de terreno: t\u00e9cnico\/medio<\/li>\n<\/ul>\n","protected":false},"excerpt":{"rendered":"<p>Nuevo modelo de zapatilla espec\u00edfica de competici\u00f3n de trail running. Las TR-7000 solamente aportan altas prestaciones en carreras por pista<\/p>\n","protected":false},"featured_media":45535,"template":"","meta":[],"product_brand":[],"product_cat":[6383,2239],"product_tag":[],"class_list":{"0":"post-45552","1":"product","2":"type-product","3":"status-publish","4":"has-post-thumbnail","6":"product_cat-joma-ca","7":"product_cat-calcat","9":"first","10":"outofstock","11":"sale","12":"taxable","13":"shipping-taxable","14":"purchasable","15":"product-type-variable","16":"has-default-attributes","17":"rtwpvg-product"},"supplier_id":null,"supplier_sku":"","barcode":null,"atum_controlled":true,"out_stock_date":null,"out_stock_threshold":null,"inheritable":true,"inbound_stock":0,"stock_on_hold":0,"sold_today":0,"sales_last_days":1,"reserved_stock":0,"customer_returns":0,"warehouse_damage":0,"lost_in_post":0,"other_logs":0,"out_stock_days":null,"lost_sales":0,"has_location":true,"update_date":"2026-01-08T12:18:34","atum_locations":[{"id":6282,"name":"Tienda Onesport","slug":"tienda_onesport"}],"atum_stock_status":"instock","restock_status":false,"low_stock_amount":"","sales_update_date":"2025-06-02T18:02:42","calc_backorders":null,"_links":{"self":[{"href":"https:\/\/onesportmallorca.com\/ca\/wp-json\/wp\/v2\/product\/45552","targetHints":{"allow":["GET"]}}],"collection":[{"href":"https:\/\/onesportmallorca.com\/ca\/wp-json\/wp\/v2\/product"}],"about":[{"href":"https:\/\/onesportmallorca.com\/ca\/wp-json\/wp\/v2\/types\/product"}],"wp:featuredmedia":[{"embeddable":true,"href":"https:\/\/onesportmallorca.com\/ca\/wp-json\/wp\/v2\/media\/45535"}],"wp:attachment":[{"href":"https:\/\/onesportmallorca.com\/ca\/wp-json\/wp\/v2\/media?parent=45552"}],"wp:term":[{"taxonomy":"product_brand","embeddable":true,"href":"https:\/\/onesportmallorca.com\/ca\/wp-json\/wp\/v2\/product_brand?post=45552"},{"taxonomy":"product_cat","embeddable":true,"href":"https:\/\/onesportmallorca.com\/ca\/wp-json\/wp\/v2\/product_cat?post=45552"},{"taxonomy":"product_tag","embeddable":true,"href":"https:\/\/onesportmallorca.com\/ca\/wp-json\/wp\/v2\/product_tag?post=45552"}],"curies":[{"name":"wp","href":"https:\/\/api.w.org\/{rel}","templated":true}]}}