{"id":42851,"date":"2024-06-28T11:14:35","date_gmt":"2024-06-28T09:14:35","guid":{"rendered":"https:\/\/onesportmallorca.com\/?post_type=product&#038;p=42851"},"modified":"2025-09-26T11:42:54","modified_gmt":"2025-09-26T09:42:54","slug":"pantalon-corto-adidas-otr-b-negro-iy0704","status":"publish","type":"product","link":"https:\/\/onesportmallorca.com\/ca\/producto\/pantalon-corto-adidas-otr-b-negro-iy0704\/","title":{"rendered":"Pantal\u00f3n corto Adidas OTR B Negro (IY0704)"},"content":{"rendered":"<h3 class=\"subtitle___9ljbp\">LA CARRERA ES TUYA<\/h3>\n<p class=\"gl-vspace\">Este pantal\u00f3n corto de running adidas te ofrece la comodidad y confianza que necesitas en tus entrenamientos de intervalos, tus tiradas de ritmo constante o tus carreras de larga distancia. La tecnolog\u00eda transpirable AEROREADY mantiene la piel seca kil\u00f3metro tras kil\u00f3metro para que puedas aumentar el ritmo sin preocupaciones. Los detalles reflectantes te hacen m\u00e1s visible en condiciones de poca luz y los bolsillos con cremallera te permiten guardar tus cosas con seguridad. Este producto contiene al menos un 70% de materiales reciclados. Utilizando materiales reciclados, reducimos los residuos, nuestra dependencia de los recursos finitos y la huella que generan los productos que fabricamos.<\/p>\n","protected":false},"excerpt":{"rendered":"<p>LA CARRERA ES TUYA Este pantal\u00f3n corto de running adidas te ofrece la comodidad y confianza que necesitas en tus<\/p>\n","protected":false},"featured_media":42829,"template":"","meta":[],"product_brand":[7193],"product_cat":[5950,2684],"product_tag":[],"class_list":{"0":"post-42851","1":"product","2":"type-product","3":"status-publish","4":"has-post-thumbnail","6":"product_brand-adidas","7":"product_cat-roba","8":"product_cat-pantalon-ca","10":"first","11":"instock","12":"taxable","13":"shipping-taxable","14":"purchasable","15":"product-type-variable","16":"has-default-attributes","17":"rtwpvg-product"},"supplier_id":null,"supplier_sku":"","barcode":null,"atum_controlled":true,"out_stock_date":null,"out_stock_threshold":null,"inheritable":true,"inbound_stock":0,"stock_on_hold":0,"sold_today":3,"sales_last_days":3,"reserved_stock":0,"customer_returns":0,"warehouse_damage":0,"lost_in_post":0,"other_logs":0,"out_stock_days":null,"lost_sales":0,"has_location":true,"update_date":"2026-01-09T09:16:56","atum_locations":[{"id":6282,"name":"Tienda Onesport","slug":"tienda_onesport"}],"atum_stock_status":"outofstock","restock_status":false,"low_stock_amount":"","sales_update_date":"2024-10-16T08:22:26","calc_backorders":null,"_links":{"self":[{"href":"https:\/\/onesportmallorca.com\/ca\/wp-json\/wp\/v2\/product\/42851","targetHints":{"allow":["GET"]}}],"collection":[{"href":"https:\/\/onesportmallorca.com\/ca\/wp-json\/wp\/v2\/product"}],"about":[{"href":"https:\/\/onesportmallorca.com\/ca\/wp-json\/wp\/v2\/types\/product"}],"wp:featuredmedia":[{"embeddable":true,"href":"https:\/\/onesportmallorca.com\/ca\/wp-json\/wp\/v2\/media\/42829"}],"wp:attachment":[{"href":"https:\/\/onesportmallorca.com\/ca\/wp-json\/wp\/v2\/media?parent=42851"}],"wp:term":[{"taxonomy":"product_brand","embeddable":true,"href":"https:\/\/onesportmallorca.com\/ca\/wp-json\/wp\/v2\/product_brand?post=42851"},{"taxonomy":"product_cat","embeddable":true,"href":"https:\/\/onesportmallorca.com\/ca\/wp-json\/wp\/v2\/product_cat?post=42851"},{"taxonomy":"product_tag","embeddable":true,"href":"https:\/\/onesportmallorca.com\/ca\/wp-json\/wp\/v2\/product_tag?post=42851"}],"curies":[{"name":"wp","href":"https:\/\/api.w.org\/{rel}","templated":true}]}}