{"id":42535,"date":"2023-09-21T23:25:13","date_gmt":"2023-09-21T21:25:13","guid":{"rendered":"https:\/\/onesportmallorca.com\/producto\/zapatillas-adidas-terrex-trailrideer-acemar-neg-hr1157\/"},"modified":"2025-06-11T19:42:25","modified_gmt":"2025-06-11T17:42:25","slug":"zapatillas-adidas-terrex-trailrideer-acemar-neg-hr1157","status":"publish","type":"product","link":"https:\/\/onesportmallorca.com\/ca\/producto\/zapatillas-adidas-terrex-trailrideer-acemar-neg-hr1157\/","title":{"rendered":"Zapatillas Adidas Terrex TrailRider Acemar\/Neg (HR1157)"},"content":{"rendered":"<div class=\"highlight___3fa4r\">\n<div class=\"highlight-text___lgoJI\">\n<h3 class=\"highlight-text__headline___25B2G\">Contiene materiales reciclados<\/h3>\n<p>La parte superior contiene al menos un 50% de material reciclado. Su objetivo es plantear otra soluci\u00f3n m\u00e1s que ayude a eliminar los residuos pl\u00e1sticos.<\/p>\n<\/div>\n<\/div>\n<div class=\"highlight___3fa4r\">\n<div class=\"highlight-text___lgoJI\">\n<h3 class=\"highlight-text__headline___25B2G\">La ligereza es velocidad<\/h3>\n<p>La tecnolog\u00eda adidas Lightstrike ofrece una amortiguaci\u00f3n ultraligera para una velocidad nunca vista.<\/p>\n<\/div>\n<\/div>\n<div class=\"highlight___3fa4r\">\n<div class=\"highlight-text___lgoJI\">\n<h3 class=\"highlight-text__headline___25B2G\">Estabilidad todoterreno<\/h3>\n<p>La placa protectora de TPU ligero amortigua el impacto contra los terrenos pedregosos.<\/p>\n<\/div>\n<\/div>\n<div class=\"highlight___3fa4r\">\n<div class=\"highlight-text___lgoJI\">\n<h3 class=\"highlight-text__headline___25B2G\">Suela todoterreno<\/h3>\n<p>La suela de caucho Continental\u2122 proporciona una adherencia \u00f3ptima en terrenos mojados y secos.<\/p>\n<\/div>\n<h3><\/h3>\n<h3 class=\"subtitle___9ljbp\">Siente la ligereza<\/h3>\n<p class=\"gl-vspace\">Siente la llamada de la naturaleza. Prep\u00e1rate para correr por caminos de monta\u00f1a y ampliar tus horizontes. Esta zapatilla de trail running adidas Terrex combina la amortiguaci\u00f3n ligera, agarre, sujeci\u00f3n y resistencia al desgaste que necesitas para afrontar condiciones clim\u00e1ticas diversas. La leng\u00fceta reforzada evita la entrada de grava o barro mientras corres con ella. La placa protectora de TPU en la mediasuela te permite moverte con confianza por senderos rocosos y la suela de caucho Continental\u2122 proporciona una adherencia \u00f3ptima en terrenos mojados y secos.<\/p>\n<\/div>\n<ul class=\"gl-list\">\n<li class=\"gl-vspace-bpall-small\">Cierre de cordones<\/li>\n<li class=\"gl-vspace-bpall-small\">Parte superior textil con refuerzos sint\u00e9ticos sin costuras<\/li>\n<li class=\"gl-vspace-bpall-small\">Leng\u00fceta reforzada<\/li>\n<li class=\"gl-vspace-bpall-small\">Amortiguaci\u00f3n Lightstrike<\/li>\n<li class=\"gl-vspace-bpall-small\">Placa protectora de TPU<\/li>\n<li class=\"gl-vspace-bpall-small\">Suela con compuesto de caucho Continental\u2122<\/li>\n<li class=\"gl-vspace-bpall-small\">La parte superior contiene al menos un 50% de material reciclado<\/li>\n<li class=\"gl-vspace-bpall-small\">Color del art\u00edculo: Wonder Steel \/ Core Black \/ Impact Orange<\/li>\n<li class=\"gl-vspace-bpall-small\">N\u00famero de art\u00edculo: HR1157<\/li>\n<\/ul>\n","protected":false},"excerpt":{"rendered":"<p>Contiene materiales reciclados La parte superior contiene al menos un 50% de material reciclado. Su objetivo es plantear otra soluci\u00f3n<\/p>\n","protected":false},"featured_media":31799,"template":"","meta":[],"product_brand":[7193],"product_cat":[6404,2239,5956],"product_tag":[],"class_list":{"0":"post-42535","1":"product","2":"type-product","3":"status-publish","4":"has-post-thumbnail","6":"product_brand-adidas","7":"product_cat-adidas-ca","8":"product_cat-calcat","9":"product_cat-outlet-ca","11":"first","12":"instock","13":"sale","14":"taxable","15":"shipping-taxable","16":"purchasable","17":"product-type-variable","18":"rtwpvg-product"},"supplier_id":null,"supplier_sku":"","barcode":null,"atum_controlled":true,"out_stock_date":null,"out_stock_threshold":null,"inheritable":true,"inbound_stock":0,"stock_on_hold":0,"sold_today":1,"sales_last_days":1,"reserved_stock":0,"customer_returns":0,"warehouse_damage":0,"lost_in_post":0,"other_logs":0,"out_stock_days":null,"lost_sales":0,"has_location":true,"update_date":"2025-06-11T17:42:02","atum_locations":[{"id":6282,"name":"Tienda Onesport","slug":"tienda_onesport"}],"atum_stock_status":"instock","restock_status":false,"low_stock_amount":"","sales_update_date":"2025-06-11T17:42:02","calc_backorders":null,"_links":{"self":[{"href":"https:\/\/onesportmallorca.com\/ca\/wp-json\/wp\/v2\/product\/42535","targetHints":{"allow":["GET"]}}],"collection":[{"href":"https:\/\/onesportmallorca.com\/ca\/wp-json\/wp\/v2\/product"}],"about":[{"href":"https:\/\/onesportmallorca.com\/ca\/wp-json\/wp\/v2\/types\/product"}],"wp:featuredmedia":[{"embeddable":true,"href":"https:\/\/onesportmallorca.com\/ca\/wp-json\/wp\/v2\/media\/31799"}],"wp:attachment":[{"href":"https:\/\/onesportmallorca.com\/ca\/wp-json\/wp\/v2\/media?parent=42535"}],"wp:term":[{"taxonomy":"product_brand","embeddable":true,"href":"https:\/\/onesportmallorca.com\/ca\/wp-json\/wp\/v2\/product_brand?post=42535"},{"taxonomy":"product_cat","embeddable":true,"href":"https:\/\/onesportmallorca.com\/ca\/wp-json\/wp\/v2\/product_cat?post=42535"},{"taxonomy":"product_tag","embeddable":true,"href":"https:\/\/onesportmallorca.com\/ca\/wp-json\/wp\/v2\/product_tag?post=42535"}],"curies":[{"name":"wp","href":"https:\/\/api.w.org\/{rel}","templated":true}]}}