{"id":42358,"date":"2024-06-26T14:33:13","date_gmt":"2024-06-26T12:33:13","guid":{"rendered":"https:\/\/onesportmallorca.com\/?post_type=product&#038;p=42358"},"modified":"2025-09-22T19:49:25","modified_gmt":"2025-09-22T17:49:25","slug":"calcetin-x-bionic-core-sport-crew","status":"publish","type":"product","link":"https:\/\/onesportmallorca.com\/ca\/producto\/calcetin-x-bionic-core-sport-crew\/","title":{"rendered":"Calcet\u00edn X-Bionic CORE SPORT Crew"},"content":{"rendered":"<p>X-Socks\u00ae ofrece calcetines funcionales para deportes como correr, montar en bicicleta y deportes de invierno. Su l\u00ednea Core es ideal para principiantes, ofreciendo comodidad y soporte asequibles. Los X-Socks\u00ae Core Sport est\u00e1n hechos de poliamida y polipropileno para transpirabilidad y durabilidad. Ofrecen amortiguaci\u00f3n en la suela, banda de compresi\u00f3n con junta t\u00f3rica, Aktiv-Bund\u00ae y protecci\u00f3n en \u00e1reas clave. La estructura de malla permite una termorregulaci\u00f3n agradable para la piel, evita olores e irritaci\u00f3n, y los canales Airflow y Air-Conditioning Channel\u00ae permiten la circulaci\u00f3n de aire fresco. Elija X-SOCKS\u00ae CORE SPORT CREW para el bienestar de sus pies.<\/p>\n","protected":false},"excerpt":{"rendered":"<p>X-Socks\u00ae ofrece calcetines funcionales para deportes como correr, montar en bicicleta y deportes de invierno. Su l\u00ednea Core es ideal<\/p>\n","protected":false},"featured_media":42328,"template":"","meta":[],"product_brand":[7301],"product_cat":[6875,2233],"product_tag":[],"class_list":{"0":"post-42358","1":"product","2":"type-product","3":"status-publish","4":"has-post-thumbnail","6":"product_brand-x-bionic","7":"product_cat-x-bionic-ca","8":"product_cat-mitjons","10":"first","11":"instock","12":"taxable","13":"shipping-taxable","14":"purchasable","15":"product-type-variable","16":"has-default-attributes","17":"rtwpvg-product"},"supplier_id":null,"supplier_sku":"","barcode":null,"atum_controlled":true,"out_stock_date":null,"out_stock_threshold":null,"inheritable":true,"inbound_stock":0,"stock_on_hold":0,"sold_today":2,"sales_last_days":2,"reserved_stock":0,"customer_returns":0,"warehouse_damage":0,"lost_in_post":0,"other_logs":0,"out_stock_days":null,"lost_sales":0,"has_location":true,"update_date":"2026-04-01T16:20:16","atum_locations":[{"id":6282,"name":"Tienda Onesport","slug":"tienda_onesport"}],"atum_stock_status":"instock","restock_status":false,"low_stock_amount":"","sales_update_date":"2025-09-25T16:50:39","calc_backorders":null,"_links":{"self":[{"href":"https:\/\/onesportmallorca.com\/ca\/wp-json\/wp\/v2\/product\/42358","targetHints":{"allow":["GET"]}}],"collection":[{"href":"https:\/\/onesportmallorca.com\/ca\/wp-json\/wp\/v2\/product"}],"about":[{"href":"https:\/\/onesportmallorca.com\/ca\/wp-json\/wp\/v2\/types\/product"}],"wp:featuredmedia":[{"embeddable":true,"href":"https:\/\/onesportmallorca.com\/ca\/wp-json\/wp\/v2\/media\/42328"}],"wp:attachment":[{"href":"https:\/\/onesportmallorca.com\/ca\/wp-json\/wp\/v2\/media?parent=42358"}],"wp:term":[{"taxonomy":"product_brand","embeddable":true,"href":"https:\/\/onesportmallorca.com\/ca\/wp-json\/wp\/v2\/product_brand?post=42358"},{"taxonomy":"product_cat","embeddable":true,"href":"https:\/\/onesportmallorca.com\/ca\/wp-json\/wp\/v2\/product_cat?post=42358"},{"taxonomy":"product_tag","embeddable":true,"href":"https:\/\/onesportmallorca.com\/ca\/wp-json\/wp\/v2\/product_tag?post=42358"}],"curies":[{"name":"wp","href":"https:\/\/api.w.org\/{rel}","templated":true}]}}