{"id":39955,"date":"2024-07-03T10:27:35","date_gmt":"2024-07-03T08:27:35","guid":{"rendered":"https:\/\/onesportmallorca.com\/?post_type=product&#038;p=39955"},"modified":"2025-03-26T19:25:09","modified_gmt":"2025-03-26T18:25:09","slug":"zapatillas-joma-trail-tr-9000-negro-multicolor","status":"publish","type":"product","link":"https:\/\/onesportmallorca.com\/ca\/producto\/zapatillas-joma-trail-tr-9000-negro-multicolor\/","title":{"rendered":"Zapatillas Joma TRAIL TR-9000 Negro Multicolor"},"content":{"rendered":"<p>Las TR-9 nacieron como las primeras zapatillas de competici\u00f3n de trail de Joma. Partiendo de un modelo de running, la reactividad, la ligereza y la velocidad se han traspasado ahora a las TR-9. Su suela con extra de agarre permite correr por terrenos irregulares de baja dificultad a un ritmo r\u00e1pido.<\/p>\n<p>Upper elaborado en mesh transpirable con un elegante acabado en Jacquard personalizado. Se ha a\u00f1adido la tecnolog\u00eda de ventilaci\u00f3n VTS, que consiste en peque\u00f1as perforaciones que permiten la evacuaci\u00f3n del sudor. En zonas estrat\u00e9gicas, lleva el sistema de ajuste termosellado y ligero JOMA SPORTECH.<\/p>\n<p>Refuerzo termosellado PROTECTION en la puntera para proteger la zona de golpes externos y alargar su durabilidad.<\/p>\n<p>Mediasuela con drop 6 mm elaborada con FLY REACTIVE, un material ligero que impulsa al runner y suaviza los impactos. Lleva un STABILIS en el enfranque para evitar torsiones y posibles lesiones.<\/p>\n<p>Suela de caucho DURABILITY con tacos de agarre.<\/p>\n<ul class=\"featuresul\">\n<li>Corte con mesh transpirable VTS<\/li>\n<li>Corte con sistema de ajuste termosellado SPORTECH<\/li>\n<li>Mediasuela con tecnolog\u00eda FLY REACTIVE y STABILIS<\/li>\n<li>Suela caucho DURABILITY<\/li>\n<li>Refuerzo en puntera PROTECTION<\/li>\n<\/ul>\n<ul class=\"featuresul\">\n<li>Drop 6 mm<\/li>\n<li>Ritmo r\u00e1pido: menor de 4&#8242; por km<\/li>\n<li>Intensidad de uso: competici\u00f3n<\/li>\n<li>Distancia corta: hasta 20 km<\/li>\n<li>Dificultad del terreno: bajo<\/li>\n<li>Rendimiento: alto premium<\/li>\n<\/ul>\n","protected":false},"excerpt":{"rendered":"<p>Las TR-9 nacieron como las primeras zapatillas de competici\u00f3n de trail de Joma. Partiendo de un modelo de running, la<\/p>\n","protected":false},"featured_media":39959,"template":"","meta":[],"product_brand":[],"product_cat":[6383,2239],"product_tag":[],"class_list":{"0":"post-39955","1":"product","2":"type-product","3":"status-publish","4":"has-post-thumbnail","6":"product_cat-joma-ca","7":"product_cat-calcat","9":"first","10":"outofstock","11":"sale","12":"taxable","13":"shipping-taxable","14":"purchasable","15":"product-type-variable","16":"has-default-attributes","17":"rtwpvg-product"},"supplier_id":null,"supplier_sku":"","barcode":null,"atum_controlled":true,"out_stock_date":null,"out_stock_threshold":null,"inheritable":true,"inbound_stock":0,"stock_on_hold":0,"sold_today":0,"sales_last_days":1,"reserved_stock":0,"customer_returns":0,"warehouse_damage":0,"lost_in_post":0,"other_logs":0,"out_stock_days":null,"lost_sales":0,"has_location":true,"update_date":"2025-06-02T18:02:44","atum_locations":[{"id":6282,"name":"Tienda Onesport","slug":"tienda_onesport"}],"atum_stock_status":"instock","restock_status":false,"low_stock_amount":"","sales_update_date":"2025-06-02T18:02:44","calc_backorders":null,"_links":{"self":[{"href":"https:\/\/onesportmallorca.com\/ca\/wp-json\/wp\/v2\/product\/39955","targetHints":{"allow":["GET"]}}],"collection":[{"href":"https:\/\/onesportmallorca.com\/ca\/wp-json\/wp\/v2\/product"}],"about":[{"href":"https:\/\/onesportmallorca.com\/ca\/wp-json\/wp\/v2\/types\/product"}],"wp:featuredmedia":[{"embeddable":true,"href":"https:\/\/onesportmallorca.com\/ca\/wp-json\/wp\/v2\/media\/39959"}],"wp:attachment":[{"href":"https:\/\/onesportmallorca.com\/ca\/wp-json\/wp\/v2\/media?parent=39955"}],"wp:term":[{"taxonomy":"product_brand","embeddable":true,"href":"https:\/\/onesportmallorca.com\/ca\/wp-json\/wp\/v2\/product_brand?post=39955"},{"taxonomy":"product_cat","embeddable":true,"href":"https:\/\/onesportmallorca.com\/ca\/wp-json\/wp\/v2\/product_cat?post=39955"},{"taxonomy":"product_tag","embeddable":true,"href":"https:\/\/onesportmallorca.com\/ca\/wp-json\/wp\/v2\/product_tag?post=39955"}],"curies":[{"name":"wp","href":"https:\/\/api.w.org\/{rel}","templated":true}]}}