{"id":38663,"date":"2023-06-01T11:14:20","date_gmt":"2023-06-01T09:14:20","guid":{"rendered":"https:\/\/onesportmallorca.com\/producto\/sandalia-hoka-m-ora-recovery-flip-black-grey-1099675-bdggr\/"},"modified":"2025-06-05T13:23:17","modified_gmt":"2025-06-05T11:23:17","slug":"sandalia-hoka-m-ora-recovery-flip-black-grey-1099675-bdggr","status":"publish","type":"product","link":"https:\/\/onesportmallorca.com\/ca\/producto\/sandalia-hoka-m-ora-recovery-flip-black-grey-1099675-bdggr\/","title":{"rendered":"Sandalia Hoka ORA Recovery Flip"},"content":{"rendered":"<h2 class=\"description__title\">The Rundown<\/h2>\n<div id=\"description-info\" class=\"description__info\">\n<div class=\"content\">\n<div class=\"js-short-description-expander short-description-expander short-description-expander--show\">\n<div id=\"short-description-full\" class=\"short-description-expander__full collapse show\">\n<p>Lo has dado todo en la carrera y ahora tus pies te est\u00e1n pidiendo mimos y cuanto antes, mejor. Para eso est\u00e1n las Ora Flip. Hemos creado unas chanclas con una entresuela extragrande y Meta-Rocker HOKA, adem\u00e1s de mejores tiras para los dedos, con un ajuste m\u00e1s ergon\u00f3mico. Envuelven el pie y ofrecen una elegante comodidad y apoyo. Siente c\u00f3mo se recuperan tus pies cansados. No hace falta que nos des las gracias.<\/p>\n<p class=\"description__product-id\">N.\u00ba de art\u00edculo\u00a0<span class=\"product-id\">1099675 (M) \/ 1117910 (W)<\/span><\/p>\n<\/div>\n<div class=\"description-techspecs description-techspecs--bestfor\">\n<div class=\"description-techspecs__title title\">Uso<\/div>\n<div class=\"description-techspecs__items collapsible-recommendations\">\n<div class=\"description-techspecs__item\">Recuperaci\u00f3n<\/div>\n<\/div>\n<\/div>\n<div class=\"description-techspecs description-techspecs--features \">\n<div class=\"description-techspecs__title\">Caracter\u00edsticas:<\/div>\n<div class=\"description-techspecs__items\">\n<ul class=\"features-container\">\n<li class=\"feature-item\">La l\u00e1mina superior blanda de EVA proporciona una comodidad inmediata en cada pisada<\/li>\n<li class=\"feature-item\">La tira de punto aporta comodidad y absorbe la humedad<\/li>\n<li class=\"feature-item\">Tira del dedo actualizada para mejorar el ajuste y la comodidad<\/li>\n<li class=\"feature-item\">MetaRocker\u2122 en posici\u00f3n de fase inicial que ofrece una pisada suave<\/li>\n<li class=\"feature-item\">La confecci\u00f3n de capa doble incorpora una capa superior suave y una entresuela\/suela exterior resistente para una mayor durabilidad y estabilidad<\/li>\n<li class=\"feature-item\">Ranuras en puntos estrat\u00e9gicos que aumentan la comodidad y la tracci\u00f3n<\/li>\n<li class=\"feature-item\">Veganas<\/li>\n<\/ul>\n<\/div>\n<\/div>\n<\/div>\n<\/div>\n<\/div>\n","protected":false},"excerpt":{"rendered":"<p>The Rundown Lo has dado todo en la carrera y ahora tus pies te est\u00e1n pidiendo mimos y cuanto antes,<\/p>\n","protected":false},"featured_media":76983,"template":"","meta":[],"product_brand":[7224],"product_cat":[6395,2239,6567],"product_tag":[],"class_list":{"0":"post-38663","1":"product","2":"type-product","3":"status-publish","4":"has-post-thumbnail","6":"product_brand-hoka","7":"product_cat-hoka-ca","8":"product_cat-calcat","9":"product_cat-sandalia-ca","11":"first","12":"instock","13":"taxable","14":"shipping-taxable","15":"purchasable","16":"product-type-variable","17":"has-default-attributes","18":"rtwpvg-product"},"supplier_id":null,"supplier_sku":"","barcode":null,"atum_controlled":true,"out_stock_date":null,"out_stock_threshold":null,"inheritable":true,"inbound_stock":0,"stock_on_hold":0,"sold_today":2,"sales_last_days":2,"reserved_stock":0,"customer_returns":0,"warehouse_damage":0,"lost_in_post":0,"other_logs":0,"out_stock_days":null,"lost_sales":0,"has_location":true,"update_date":"2025-07-07T11:08:44","atum_locations":[{"id":6282,"name":"Tienda Onesport","slug":"tienda_onesport"}],"atum_stock_status":"instock","restock_status":false,"low_stock_amount":"","sales_update_date":"2025-06-05T11:22:27","calc_backorders":null,"_links":{"self":[{"href":"https:\/\/onesportmallorca.com\/ca\/wp-json\/wp\/v2\/product\/38663","targetHints":{"allow":["GET"]}}],"collection":[{"href":"https:\/\/onesportmallorca.com\/ca\/wp-json\/wp\/v2\/product"}],"about":[{"href":"https:\/\/onesportmallorca.com\/ca\/wp-json\/wp\/v2\/types\/product"}],"wp:featuredmedia":[{"embeddable":true,"href":"https:\/\/onesportmallorca.com\/ca\/wp-json\/wp\/v2\/media\/76983"}],"wp:attachment":[{"href":"https:\/\/onesportmallorca.com\/ca\/wp-json\/wp\/v2\/media?parent=38663"}],"wp:term":[{"taxonomy":"product_brand","embeddable":true,"href":"https:\/\/onesportmallorca.com\/ca\/wp-json\/wp\/v2\/product_brand?post=38663"},{"taxonomy":"product_cat","embeddable":true,"href":"https:\/\/onesportmallorca.com\/ca\/wp-json\/wp\/v2\/product_cat?post=38663"},{"taxonomy":"product_tag","embeddable":true,"href":"https:\/\/onesportmallorca.com\/ca\/wp-json\/wp\/v2\/product_tag?post=38663"}],"curies":[{"name":"wp","href":"https:\/\/api.w.org\/{rel}","templated":true}]}}