{"id":37062,"date":"2024-05-07T13:01:45","date_gmt":"2024-05-07T11:01:45","guid":{"rendered":"https:\/\/onesportmallorca.com\/producto\/zapatillas-kswiss-speedex-padel-w-wht-arc-neon-99084104\/"},"modified":"2024-12-03T12:09:10","modified_gmt":"2024-12-03T11:09:10","slug":"zapatillas-kswiss-speedex-padel-w-wht-arc-neon-99084104","status":"publish","type":"product","link":"https:\/\/onesportmallorca.com\/ca\/producto\/zapatillas-kswiss-speedex-padel-w-wht-arc-neon-99084104\/","title":{"rendered":"Zapatillas Kswiss Speedex Padel W WHT\/ARC\/NEON (99084104)"},"content":{"rendered":"<p><strong>Detalles<\/strong><\/p>\n<p>La nueva SpeedEx Padel es la opci\u00f3n perfecta para los jugadores principiantes de p\u00e1del. Es una zapatilla ligera y fiable que ofrece un gran soporte y comodidad. Este nuevo dise\u00f1o moderno te permitir\u00e1 jugar con estilo y estar listo para dominar la cancha.<\/p>\n<p>\u2022Parte superior de cuero<\/p>\n<p>\u2022Forro de cuello de tela<\/p>\n<p>\u2022Suela de goma<\/p>\n<p>\u2022Entresuela de CMEVA<\/p>\n<p>\u2022Forro de plantilla de EVA troquelada<\/p>\n<p>\u2022Cierre con cordones<\/p>\n","protected":false},"excerpt":{"rendered":"<p>Detalles La nueva SpeedEx Padel es la opci\u00f3n perfecta para los jugadores principiantes de p\u00e1del. Es una zapatilla ligera y<\/p>\n","protected":false},"featured_media":36977,"template":"","meta":[],"product_brand":[],"product_cat":[2239],"product_tag":[],"class_list":{"0":"post-37062","1":"product","2":"type-product","3":"status-publish","4":"has-post-thumbnail","6":"product_cat-calcat","8":"first","9":"outofstock","10":"taxable","11":"shipping-taxable","12":"purchasable","13":"product-type-variable","14":"rtwpvg-product"},"supplier_id":null,"supplier_sku":"","barcode":null,"atum_controlled":true,"out_stock_date":null,"out_stock_threshold":null,"inheritable":true,"inbound_stock":0,"stock_on_hold":0,"sold_today":3,"sales_last_days":3,"reserved_stock":0,"customer_returns":0,"warehouse_damage":0,"lost_in_post":0,"other_logs":0,"out_stock_days":null,"lost_sales":0,"has_location":true,"update_date":"2025-09-26T16:23:36","atum_locations":[{"id":5967,"name":"Shop Duva","slug":"shop_duva"}],"atum_stock_status":"instock","restock_status":false,"low_stock_amount":"","sales_update_date":"2025-05-27T09:10:17","calc_backorders":null,"_links":{"self":[{"href":"https:\/\/onesportmallorca.com\/ca\/wp-json\/wp\/v2\/product\/37062","targetHints":{"allow":["GET"]}}],"collection":[{"href":"https:\/\/onesportmallorca.com\/ca\/wp-json\/wp\/v2\/product"}],"about":[{"href":"https:\/\/onesportmallorca.com\/ca\/wp-json\/wp\/v2\/types\/product"}],"wp:featuredmedia":[{"embeddable":true,"href":"https:\/\/onesportmallorca.com\/ca\/wp-json\/wp\/v2\/media\/36977"}],"wp:attachment":[{"href":"https:\/\/onesportmallorca.com\/ca\/wp-json\/wp\/v2\/media?parent=37062"}],"wp:term":[{"taxonomy":"product_brand","embeddable":true,"href":"https:\/\/onesportmallorca.com\/ca\/wp-json\/wp\/v2\/product_brand?post=37062"},{"taxonomy":"product_cat","embeddable":true,"href":"https:\/\/onesportmallorca.com\/ca\/wp-json\/wp\/v2\/product_cat?post=37062"},{"taxonomy":"product_tag","embeddable":true,"href":"https:\/\/onesportmallorca.com\/ca\/wp-json\/wp\/v2\/product_tag?post=37062"}],"curies":[{"name":"wp","href":"https:\/\/api.w.org\/{rel}","templated":true}]}}