{"id":35398,"date":"2024-02-28T12:58:58","date_gmt":"2024-02-28T11:58:58","guid":{"rendered":"https:\/\/onesportmallorca.com\/?post_type=product&#038;p=35398"},"modified":"2025-08-04T10:03:42","modified_gmt":"2025-08-04T08:03:42","slug":"on-cloud-5-m-midnight-white-59-98916-m","status":"publish","type":"product","link":"https:\/\/onesportmallorca.com\/ca\/producto\/on-cloud-5-m-midnight-white-59-98916-m\/","title":{"rendered":"On Cloud 5 M Midnight | White (59.98916 M)"},"content":{"rendered":"<p>El favorito de los fan\u00e1ticos redise\u00f1ado para un ajuste mejorado y a\u00fan m\u00e1s comodidad que nunca.<\/p>\n<p><strong>Comodidad de siguiente nivel<\/strong><br \/>\nExperimente una comodidad incre\u00edble con nuestra amortiguaci\u00f3n patentada CloudTec\u00ae en espuma Zero-Gravity. Dise\u00f1ada para aterrizajes suaves y despegues potentes.<\/p>\n<p><strong>Dise\u00f1ada de manera diferente<\/strong><br \/>\nLiviana. Ligera en impacto ambiental. Actualizada con un 44 % de materiales reciclados, malla antimicrobiana transpirable y refuerzos con cinta.<\/p>\n<p><strong>Sistema de cordones r\u00e1pidos<\/strong><br \/>\nOlv\u00eddese de hacer nudos. El sistema de cordones r\u00e1pidos de Cloud lo fija al instante. \u00bfQuiere cordones cl\u00e1sicos? Tambi\u00e9n hay un par de esos en la caja.<\/p>\n<p><strong>Caracter\u00edsticas principales<\/strong><br \/>\nPeso: 250 g<\/p>\n<p>Silueta actualizada con nuevos materiales y caracter\u00edsticas t\u00e9cnicas<\/p>\n<p>Malla transpirable con refuerzos con cinta<\/p>\n<p>CloudTec\u00ae en espuma Zero-Gravity para un aterrizaje amortiguado<\/p>\n<p>Speedboard\u00ae actualizado transforma la energ\u00eda en movimiento hacia adelante<\/p>\n<p>El dise\u00f1o del tal\u00f3n moldeado mantiene el pie firmemente en su lugar<\/p>\n","protected":false},"excerpt":{"rendered":"<p>El favorito de los fan\u00e1ticos redise\u00f1ado para un ajuste mejorado y a\u00fan m\u00e1s comodidad que nunca. Comodidad de siguiente nivel<\/p>\n","protected":false},"featured_media":35443,"template":"","meta":[],"product_brand":[],"product_cat":[2239],"product_tag":[],"class_list":{"0":"post-35398","1":"product","2":"type-product","3":"status-publish","4":"has-post-thumbnail","6":"product_cat-calcat","8":"first","9":"outofstock","10":"taxable","11":"shipping-taxable","12":"purchasable","13":"product-type-variable","14":"rtwpvg-product"},"supplier_id":null,"supplier_sku":"","barcode":null,"atum_controlled":true,"out_stock_date":null,"out_stock_threshold":null,"inheritable":true,"inbound_stock":0,"stock_on_hold":0,"sold_today":1,"sales_last_days":2,"reserved_stock":0,"customer_returns":0,"warehouse_damage":0,"lost_in_post":0,"other_logs":0,"out_stock_days":null,"lost_sales":0,"has_location":true,"update_date":"2025-12-05T13:44:12","atum_locations":[{"id":5967,"name":"Shop Duva","slug":"shop_duva"}],"atum_stock_status":"instock","restock_status":false,"low_stock_amount":"","sales_update_date":"2025-12-05T13:44:12","calc_backorders":null,"_links":{"self":[{"href":"https:\/\/onesportmallorca.com\/ca\/wp-json\/wp\/v2\/product\/35398","targetHints":{"allow":["GET"]}}],"collection":[{"href":"https:\/\/onesportmallorca.com\/ca\/wp-json\/wp\/v2\/product"}],"about":[{"href":"https:\/\/onesportmallorca.com\/ca\/wp-json\/wp\/v2\/types\/product"}],"wp:featuredmedia":[{"embeddable":true,"href":"https:\/\/onesportmallorca.com\/ca\/wp-json\/wp\/v2\/media\/35443"}],"wp:attachment":[{"href":"https:\/\/onesportmallorca.com\/ca\/wp-json\/wp\/v2\/media?parent=35398"}],"wp:term":[{"taxonomy":"product_brand","embeddable":true,"href":"https:\/\/onesportmallorca.com\/ca\/wp-json\/wp\/v2\/product_brand?post=35398"},{"taxonomy":"product_cat","embeddable":true,"href":"https:\/\/onesportmallorca.com\/ca\/wp-json\/wp\/v2\/product_cat?post=35398"},{"taxonomy":"product_tag","embeddable":true,"href":"https:\/\/onesportmallorca.com\/ca\/wp-json\/wp\/v2\/product_tag?post=35398"}],"curies":[{"name":"wp","href":"https:\/\/api.w.org\/{rel}","templated":true}]}}