{"id":34658,"date":"2024-01-30T02:30:10","date_gmt":"2024-01-30T01:30:10","guid":{"rendered":"https:\/\/onesportmallorca.com\/?post_type=product&#038;p=34658"},"modified":"2025-03-26T12:12:53","modified_gmt":"2025-03-26T11:12:53","slug":"zapatilla-hoka-w-rincon-3-dusk-cloudless-1119396-ddl","status":"publish","type":"product","link":"https:\/\/onesportmallorca.com\/ca\/producto\/zapatilla-hoka-w-rincon-3-dusk-cloudless-1119396-ddl\/","title":{"rendered":"Zapatilla Hoka W RINCON 3 Dusk \/ Cloudless (1119396 DDL)"},"content":{"rendered":"<h2 class=\"description__title\"><span style=\"vertical-align: inherit;\"><span style=\"vertical-align: inherit;\">El resumen<\/span><\/span><\/h2>\n<div id=\"description-info\" class=\"description__info\">\n<div class=\"content\">\n<div class=\"short-description__full\">\n<p><strong>Siente la velocidad de la luz.<\/strong><\/p>\n<p>Las Rincon 3, que ofrecen la mejor relaci\u00f3n amortiguaci\u00f3n\/peso del mercado, vuelven con un modelo sorprendentemente ligero. Este nuevo dise\u00f1o presenta una leng\u00fceta asim\u00e9trica, una trabilla m\u00e1s fina y un empeine de malla con ventilaci\u00f3n para ofrecer la m\u00e1xima transpirabilidad. La espuma extraligera de la entresuela incorpora orificios din\u00e1micos y una cobertura de goma mejorada para aumentar la durabilidad.<\/p>\n<\/div>\n<\/div>\n<div id=\"description-info-more-content\" class=\"product-description-view-more\">\n<div class=\"description-techspecs description-techspecs--bestfor\">\n<h4 class=\"description-techspecs__title title\"><span style=\"vertical-align: inherit;\"><span style=\"vertical-align: inherit;\">Usar<\/span><\/span><\/h4>\n<div class=\"description-techspecs__items collapsible-recommendations\">\n<div class=\"description-techspecs__item\">Carretera<\/div>\n<div class=\"description-techspecs__item\"><span style=\"vertical-align: inherit;\"><span style=\"vertical-align: inherit;\">Pista<\/span><\/span><\/div>\n<\/div>\n<\/div>\n<div class=\"description-techspecs description-techspecs--features \">\n<h4 class=\"description-techspecs__title\"><span style=\"vertical-align: inherit;\"><span style=\"vertical-align: inherit;\">Caracter\u00edsticas:<\/span><\/span><\/h4>\n<div class=\"description-techspecs__items\">\n<ul class=\"features-container\">\n<li class=\"feature-item\">Empeine transpirable<\/li>\n<li class=\"feature-item\">Leng\u00fceta asim\u00e9trica<\/li>\n<li class=\"feature-item\">Entresuela de espuma moldeada por compresi\u00f3n<\/li>\n<li class=\"feature-item\">Meta-Rocker\u2122 en posici\u00f3n de fase inicial<\/li>\n<li class=\"feature-item\">Goma ligera por zonas<\/li>\n<\/ul>\n<ul class=\"features-container features-extended collapse show\">\n<li class=\"feature-item\"><span style=\"vertical-align: inherit;\"><span style=\"vertical-align: inherit;\">Vegano<\/span><\/span><\/li>\n<li class=\"feature-item\">Plantilla de EVA moldeada<\/li>\n<\/ul>\n<\/div>\n<\/div>\n<\/div>\n<\/div>\n","protected":false},"excerpt":{"rendered":"<p>El resumen Siente la velocidad de la luz. Las Rincon 3, que ofrecen la mejor relaci\u00f3n amortiguaci\u00f3n\/peso del mercado, vuelven<\/p>\n","protected":false},"featured_media":34707,"template":"","meta":[],"product_brand":[7224],"product_cat":[6395,2239],"product_tag":[],"class_list":{"0":"post-34658","1":"product","2":"type-product","3":"status-publish","4":"has-post-thumbnail","6":"product_brand-hoka","7":"product_cat-hoka-ca","8":"product_cat-calcat","10":"first","11":"outofstock","12":"sale","13":"taxable","14":"shipping-taxable","15":"purchasable","16":"product-type-variable","17":"has-default-attributes","18":"rtwpvg-product"},"supplier_id":null,"supplier_sku":"","barcode":null,"atum_controlled":true,"out_stock_date":null,"out_stock_threshold":null,"inheritable":true,"inbound_stock":0,"stock_on_hold":0,"sold_today":1,"sales_last_days":1,"reserved_stock":0,"customer_returns":0,"warehouse_damage":0,"lost_in_post":0,"other_logs":0,"out_stock_days":null,"lost_sales":0,"has_location":true,"update_date":"2025-12-05T13:44:25","atum_locations":[{"id":5967,"name":"Shop Duva","slug":"shop_duva"}],"atum_stock_status":"instock","restock_status":false,"low_stock_amount":"","sales_update_date":"2025-12-05T13:44:25","calc_backorders":null,"_links":{"self":[{"href":"https:\/\/onesportmallorca.com\/ca\/wp-json\/wp\/v2\/product\/34658","targetHints":{"allow":["GET"]}}],"collection":[{"href":"https:\/\/onesportmallorca.com\/ca\/wp-json\/wp\/v2\/product"}],"about":[{"href":"https:\/\/onesportmallorca.com\/ca\/wp-json\/wp\/v2\/types\/product"}],"wp:featuredmedia":[{"embeddable":true,"href":"https:\/\/onesportmallorca.com\/ca\/wp-json\/wp\/v2\/media\/34707"}],"wp:attachment":[{"href":"https:\/\/onesportmallorca.com\/ca\/wp-json\/wp\/v2\/media?parent=34658"}],"wp:term":[{"taxonomy":"product_brand","embeddable":true,"href":"https:\/\/onesportmallorca.com\/ca\/wp-json\/wp\/v2\/product_brand?post=34658"},{"taxonomy":"product_cat","embeddable":true,"href":"https:\/\/onesportmallorca.com\/ca\/wp-json\/wp\/v2\/product_cat?post=34658"},{"taxonomy":"product_tag","embeddable":true,"href":"https:\/\/onesportmallorca.com\/ca\/wp-json\/wp\/v2\/product_tag?post=34658"}],"curies":[{"name":"wp","href":"https:\/\/api.w.org\/{rel}","templated":true}]}}