{"id":32897,"date":"2023-09-28T14:02:49","date_gmt":"2023-09-28T12:02:49","guid":{"rendered":"https:\/\/onesportmallorca.com\/?post_type=product&#038;p=32897"},"modified":"2025-03-25T14:18:36","modified_gmt":"2025-03-25T13:18:36","slug":"on-cloud-x3-w-orchid-iron-60-98098-w","status":"publish","type":"product","link":"https:\/\/onesportmallorca.com\/ca\/producto\/on-cloud-x3-w-orchid-iron-60-98098-w\/","title":{"rendered":"On Cloud X3 W Orchid | Iron (60.98098 W)"},"content":{"rendered":"<h2 class=\"_imageTitle_1v335_89\">Agilidad y dinamismo<\/h2>\n<p class=\"_description_1v335_110\">\u00bfEres de entrenamientos cruzados? Pasa del gym directamente a los 5 km con las Cloud X 3 AD. El Speedboard\u00ae integral te impulsa m\u00e1s, los paneles laterales y su base ancha aseguran tus pies y, por si fuera poco, las almohadillas de agarre en la suela mejoran la tracci\u00f3n en movimientos laterales.<\/p>\n<p>&nbsp;<\/p>\n<h2 class=\"_imageTitle_1v335_89\">Listas para responder<\/h2>\n<p class=\"_description_1v335_110\">Bajo tus pies, la amortiguaci\u00f3n CloudTec\u00ae con superespuma Helion\u2122 que garantiza movimientos fluidos. Y, en la zona del cuello, relleno extra para mayor confort. No encontrar\u00e1s ninguna raz\u00f3n para quit\u00e1rtelas.<\/p>\n<p>&nbsp;<\/p>\n<h2 class=\"_imageTitle_1v335_89\">Resistencia transpirable<\/h2>\n<p class=\"_description_1v335_110\">Por fuera, upper de malla transpirable de poli\u00e9ster 100% reciclado. Por dentro, forro con un 50% de bamb\u00fa para que los pies siempre est\u00e9n secos aunque lo des todo. Y el toque final: una puntera reforzada que protege los dedos y hace que duren y duren. Como tus entrenamientos.<\/p>\n<p>&nbsp;<\/p>\n<h2 class=\"_title_pjr0g_58\">Detalles del producto<\/h2>\n<ul class=\"_usps_pjr0g_76\">\n<li class=\"\">\n<p class=\"_usp_pjr0g_76\">Peso: 219g<\/p>\n<\/li>\n<li class=\"\">\n<p class=\"_usp_pjr0g_76\">Ligeras y transpirables con upper de malla<\/p>\n<\/li>\n<li class=\"\">\n<p class=\"_usp_pjr0g_76\">Amortiguaci\u00f3n CloudTec\u00ae para mayor confort y soporte<\/p>\n<\/li>\n<li class=\"\">\n<p class=\"_usp_pjr0g_76\">Laterales altos y plataforma ancha que dan m\u00e1s estabilidad<\/p>\n<\/li>\n<li class=\"\">\n<p class=\"_usp_pjr0g_76\">Speedboard\u00ae del largo de la suela para catapultarte<\/p>\n<\/li>\n<li class=\"\">\n<p class=\"_usp_pjr0g_76\">M\u00e1s confort y sujeci\u00f3n gracias al relleno del cuello<\/p>\n<\/li>\n<li class=\"\">\n<p class=\"_usp_pjr0g_76\">Sensaci\u00f3n reactiva para movimientos potentes y fluidos<\/p>\n<\/li>\n<li class=\"\">\n<p class=\"_usp_pjr0g_76\">Almohadillas de caucho en la suela para una mayor tracci\u00f3n<\/p>\n<\/li>\n<li class=\"\">\n<p class=\"_usp_pjr0g_76\">Puntera reforzada para proteger los pies mientras entrenas<\/p>\n<\/li>\n<\/ul>\n","protected":false},"excerpt":{"rendered":"<p>Agilidad y dinamismo \u00bfEres de entrenamientos cruzados? Pasa del gym directamente a los 5 km con las Cloud X 3<\/p>\n","protected":false},"featured_media":32917,"template":"","meta":[],"product_brand":[],"product_cat":[6425,2239,5956],"product_tag":[],"class_list":{"0":"post-32897","1":"product","2":"type-product","3":"status-publish","4":"has-post-thumbnail","6":"product_cat-onr-ca","7":"product_cat-calcat","8":"product_cat-outlet-ca","10":"first","11":"outofstock","12":"sale","13":"taxable","14":"shipping-taxable","15":"purchasable","16":"product-type-variable","17":"has-default-attributes","18":"rtwpvg-product"},"supplier_id":null,"supplier_sku":"","barcode":null,"atum_controlled":true,"out_stock_date":null,"out_stock_threshold":null,"inheritable":true,"inbound_stock":0,"stock_on_hold":0,"sold_today":1,"sales_last_days":1,"reserved_stock":0,"customer_returns":0,"warehouse_damage":0,"lost_in_post":0,"other_logs":0,"out_stock_days":null,"lost_sales":0,"has_location":true,"update_date":"2025-12-05T13:38:49","atum_locations":[{"id":6282,"name":"Tienda Onesport","slug":"tienda_onesport"}],"atum_stock_status":"instock","restock_status":false,"low_stock_amount":"","sales_update_date":"2025-12-05T13:38:49","calc_backorders":null,"_links":{"self":[{"href":"https:\/\/onesportmallorca.com\/ca\/wp-json\/wp\/v2\/product\/32897","targetHints":{"allow":["GET"]}}],"collection":[{"href":"https:\/\/onesportmallorca.com\/ca\/wp-json\/wp\/v2\/product"}],"about":[{"href":"https:\/\/onesportmallorca.com\/ca\/wp-json\/wp\/v2\/types\/product"}],"wp:featuredmedia":[{"embeddable":true,"href":"https:\/\/onesportmallorca.com\/ca\/wp-json\/wp\/v2\/media\/32917"}],"wp:attachment":[{"href":"https:\/\/onesportmallorca.com\/ca\/wp-json\/wp\/v2\/media?parent=32897"}],"wp:term":[{"taxonomy":"product_brand","embeddable":true,"href":"https:\/\/onesportmallorca.com\/ca\/wp-json\/wp\/v2\/product_brand?post=32897"},{"taxonomy":"product_cat","embeddable":true,"href":"https:\/\/onesportmallorca.com\/ca\/wp-json\/wp\/v2\/product_cat?post=32897"},{"taxonomy":"product_tag","embeddable":true,"href":"https:\/\/onesportmallorca.com\/ca\/wp-json\/wp\/v2\/product_tag?post=32897"}],"curies":[{"name":"wp","href":"https:\/\/api.w.org\/{rel}","templated":true}]}}