{"id":32691,"date":"2023-09-28T13:01:09","date_gmt":"2023-09-28T11:01:09","guid":{"rendered":"https:\/\/onesportmallorca.com\/?post_type=product&#038;p=32691"},"modified":"2024-12-20T10:06:03","modified_gmt":"2024-12-20T09:06:03","slug":"on-cloudgo-m-frost-hay-55-98234-m","status":"publish","type":"product","link":"https:\/\/onesportmallorca.com\/ca\/producto\/on-cloudgo-m-frost-hay-55-98234-m\/","title":{"rendered":"On Cloudgo M Frost | Hay (55.98234 M)"},"content":{"rendered":"<h2 class=\"_imageTitle_1v335_89\">Mejora tu comodidad<\/h2>\n<p class=\"_description_1v335_110\">Desde tu primera carrera, las Cloudgo te ofrecen confort y soporte a otro nivel. Su tecnolog\u00eda de amortiguaci\u00f3n CloudTec\u00ae y el asombroso retorno de energ\u00eda del nuevo Speedboard\u00ae de TPU har\u00e1n que alcances niveles insospechados con estas ligeras zapatillas. Que empiece el juego.<\/p>\n<p>&nbsp;<\/p>\n<h2 class=\"_imageTitle_1v335_89\">Tecnolog\u00eda a otro nivel<\/h2>\n<p class=\"_description_1v335_110\">La amortiguaci\u00f3n CloudTec\u00ae y el Speedboard\u00ae de TPU hacen posible la suavidad de los aterrizajes de las Cloudgo, su protecci\u00f3n frente a los impactos y elevado retorno de energ\u00eda. Hemos potenciado la sostenibilidad con una malla t\u00e9cnica de poli\u00e9ster elaborada con 85-90\u00a0% de materiales reciclados.<\/p>\n<p>&nbsp;<\/p>\n<h2 class=\"_imageTitle_1v335_89\">Maestras de la motivaci\u00f3n<\/h2>\n<p class=\"_description_1v335_110\">Empezar a correr, o alcanzar un nuevo objetivo, siempre es duro. Por eso, las Cloudgo est\u00e1n pensadas para empujarte a la superaci\u00f3n. Con una amortiguaci\u00f3n m\u00e1s suave y un rocker en el antepi\u00e9 para facilitar el movimiento de rodadura, las Cloudgo est\u00e1n hechas para dominar el juego del running.<\/p>\n<p>&nbsp;<\/p>\n<h2 class=\"_title_pjr0g_58\">Detalles del producto<\/h2>\n<ul class=\"_usps_pjr0g_76\">\n<li class=\"\">\n<p class=\"_usp_pjr0g_76\">Peso: 256g<\/p>\n<\/li>\n<li class=\"\">\n<p class=\"_usp_pjr0g_76\">Amortiguaci\u00f3n suave y m\u00e1s retorno de energ\u00eda con CloudTec\u00ae.<\/p>\n<\/li>\n<li class=\"\">\n<p class=\"_usp_pjr0g_76\">Materiales ligeros y una comodidad excepcional a cada paso.<\/p>\n<\/li>\n<li class=\"\">\n<p class=\"_usp_pjr0g_76\">M\u00e1s suavidad con Speedboard\u00ae de TPU y rocker en el antepi\u00e9.<\/p>\n<\/li>\n<li class=\"\">\n<p class=\"_usp_pjr0g_76\">Malla t\u00e9cnica de poli\u00e9ster y suela exterior cerrada.<\/p>\n<\/li>\n<li class=\"\">\n<p class=\"_usp_pjr0g_76\">Superespuma Helion\u2122 para capacidad de respuesta y confort.<\/p>\n<\/li>\n<li class=\"\">\n<p class=\"_usp_pjr0g_76\">Materiales de alta calidad, hasta un 30\u00a0% reciclados.<\/p>\n<\/li>\n<\/ul>\n","protected":false},"excerpt":{"rendered":"<p>Mejora tu comodidad Desde tu primera carrera, las Cloudgo te ofrecen confort y soporte a otro nivel. Su tecnolog\u00eda de<\/p>\n","protected":false},"featured_media":32726,"template":"","meta":[],"product_brand":[],"product_cat":[2239,5956],"product_tag":[],"class_list":{"0":"post-32691","1":"product","2":"type-product","3":"status-publish","4":"has-post-thumbnail","6":"product_cat-calcat","7":"product_cat-outlet-ca","9":"first","10":"outofstock","11":"sale","12":"taxable","13":"shipping-taxable","14":"purchasable","15":"product-type-variable","16":"has-default-attributes","17":"rtwpvg-product"},"supplier_id":null,"supplier_sku":"","barcode":null,"atum_controlled":true,"out_stock_date":null,"out_stock_threshold":null,"inheritable":true,"inbound_stock":0,"stock_on_hold":0,"sold_today":1,"sales_last_days":1,"reserved_stock":0,"customer_returns":0,"warehouse_damage":0,"lost_in_post":0,"other_logs":0,"out_stock_days":null,"lost_sales":0,"has_location":true,"update_date":"2025-12-05T13:44:32","atum_locations":[{"id":5967,"name":"Shop Duva","slug":"shop_duva"}],"atum_stock_status":"outofstock","restock_status":false,"low_stock_amount":"","sales_update_date":"2025-12-05T13:44:32","calc_backorders":null,"_links":{"self":[{"href":"https:\/\/onesportmallorca.com\/ca\/wp-json\/wp\/v2\/product\/32691","targetHints":{"allow":["GET"]}}],"collection":[{"href":"https:\/\/onesportmallorca.com\/ca\/wp-json\/wp\/v2\/product"}],"about":[{"href":"https:\/\/onesportmallorca.com\/ca\/wp-json\/wp\/v2\/types\/product"}],"wp:featuredmedia":[{"embeddable":true,"href":"https:\/\/onesportmallorca.com\/ca\/wp-json\/wp\/v2\/media\/32726"}],"wp:attachment":[{"href":"https:\/\/onesportmallorca.com\/ca\/wp-json\/wp\/v2\/media?parent=32691"}],"wp:term":[{"taxonomy":"product_brand","embeddable":true,"href":"https:\/\/onesportmallorca.com\/ca\/wp-json\/wp\/v2\/product_brand?post=32691"},{"taxonomy":"product_cat","embeddable":true,"href":"https:\/\/onesportmallorca.com\/ca\/wp-json\/wp\/v2\/product_cat?post=32691"},{"taxonomy":"product_tag","embeddable":true,"href":"https:\/\/onesportmallorca.com\/ca\/wp-json\/wp\/v2\/product_tag?post=32691"}],"curies":[{"name":"wp","href":"https:\/\/api.w.org\/{rel}","templated":true}]}}