{"id":32249,"date":"2023-09-23T12:35:02","date_gmt":"2023-09-23T10:35:02","guid":{"rendered":"https:\/\/onesportmallorca.com\/?post_type=product&#038;p=32249"},"modified":"2025-03-26T11:54:29","modified_gmt":"2025-03-26T10:54:29","slug":"on-cloudswift-3-w-nimbus-hay-3wd10451085","status":"publish","type":"product","link":"https:\/\/onesportmallorca.com\/ca\/producto\/on-cloudswift-3-w-nimbus-hay-3wd10451085\/","title":{"rendered":"On Cloudswift 3 W Nimbus | Hay (3WD10451085)"},"content":{"rendered":"<h2 class=\"_imageTitle_1v335_89\">Nacidas para la ciudad<\/h2>\n<p class=\"_description_1v335_110\">\u00bfQu\u00e9 hay de nuevo en las Cloudswift? Bueno, pr\u00e1cticamente todo. El nuevo upper fusiona comodidad y sujeci\u00f3n con una silueta inconfundiblemente moderna mientras la parte inferior, redise\u00f1ada para aterrizajes m\u00e1s suaves y despegues a\u00fan m\u00e1s potentes, se desliza sobre el hormig\u00f3n.<\/p>\n<p>&nbsp;<\/p>\n<h2 class=\"_imageTitle_1v335_89\">Pensadas para el cemento<\/h2>\n<p class=\"_description_1v335_110\">Las superficies duras requieren mayor amortiguaci\u00f3n. Las nuevas Cloudswift aligeran el impacto con el suelo a trav\u00e9s de su parte inferior redise\u00f1ada con CloudTec\u00ae y superespuma Helion\u2122 de doble densidad. Adem\u00e1s, el Speedboard\u00ae aprovecha la energ\u00eda de cada aterrizaje para darte empuje al despegar.<\/p>\n<p>&nbsp;<\/p>\n<h2 class=\"_imageTitle_1v335_89\">A la carrera<\/h2>\n<p class=\"_description_1v335_110\">El renovado upper viene con un buen mont\u00f3n de mejoras, como el uso de material de punto zonal, creando una sensaci\u00f3n de comodidad para todo tipo de pies. F\u00e1ciles de calzar, en su interior cuentan con un acolchado 3D en el tal\u00f3n que sujeta firmemente el pie mientras zigzagueas por la acera.<\/p>\n<p>&nbsp;<\/p>\n<h2 class=\"_title_pjr0g_58\">Detalles del producto<\/h2>\n<ul class=\"_usps_pjr0g_76\">\n<li class=\"\">\n<p class=\"_usp_pjr0g_76\">Peso: 255g<\/p>\n<\/li>\n<li class=\"\">\n<p class=\"_usp_pjr0g_76\">Upper tipo calcet\u00edn con acolchado 3D en el tal\u00f3n<\/p>\n<\/li>\n<li class=\"\">\n<p class=\"_usp_pjr0g_76\">Ajuste adaptable para encajar mejor en todo tipo de pie<\/p>\n<\/li>\n<li class=\"\">\n<p class=\"_usp_pjr0g_76\">Entresuela CloudTec\u00ae actualizada para superficies duras<\/p>\n<\/li>\n<li class=\"\">\n<p class=\"_usp_pjr0g_76\">Superespuma Helion\u2122 de doble densidad para mayor rendimiento<\/p>\n<\/li>\n<\/ul>\n","protected":false},"excerpt":{"rendered":"<p>Nacidas para la ciudad \u00bfQu\u00e9 hay de nuevo en las Cloudswift? Bueno, pr\u00e1cticamente todo. El nuevo upper fusiona comodidad y<\/p>\n","protected":false},"featured_media":32266,"template":"","meta":[],"product_brand":[],"product_cat":[2239],"product_tag":[],"class_list":{"0":"post-32249","1":"product","2":"type-product","3":"status-publish","4":"has-post-thumbnail","6":"product_cat-calcat","8":"first","9":"outofstock","10":"sale","11":"taxable","12":"shipping-taxable","13":"purchasable","14":"product-type-variable","15":"rtwpvg-product"},"supplier_id":null,"supplier_sku":"","barcode":null,"atum_controlled":true,"out_stock_date":null,"out_stock_threshold":null,"inheritable":true,"inbound_stock":0,"stock_on_hold":0,"sold_today":1,"sales_last_days":1,"reserved_stock":0,"customer_returns":0,"warehouse_damage":0,"lost_in_post":0,"other_logs":0,"out_stock_days":null,"lost_sales":0,"has_location":false,"update_date":"2025-05-19T14:14:28","atum_locations":[],"atum_stock_status":"instock","restock_status":false,"low_stock_amount":"","sales_update_date":"2025-05-19T14:14:28","calc_backorders":null,"_links":{"self":[{"href":"https:\/\/onesportmallorca.com\/ca\/wp-json\/wp\/v2\/product\/32249","targetHints":{"allow":["GET"]}}],"collection":[{"href":"https:\/\/onesportmallorca.com\/ca\/wp-json\/wp\/v2\/product"}],"about":[{"href":"https:\/\/onesportmallorca.com\/ca\/wp-json\/wp\/v2\/types\/product"}],"wp:featuredmedia":[{"embeddable":true,"href":"https:\/\/onesportmallorca.com\/ca\/wp-json\/wp\/v2\/media\/32266"}],"wp:attachment":[{"href":"https:\/\/onesportmallorca.com\/ca\/wp-json\/wp\/v2\/media?parent=32249"}],"wp:term":[{"taxonomy":"product_brand","embeddable":true,"href":"https:\/\/onesportmallorca.com\/ca\/wp-json\/wp\/v2\/product_brand?post=32249"},{"taxonomy":"product_cat","embeddable":true,"href":"https:\/\/onesportmallorca.com\/ca\/wp-json\/wp\/v2\/product_cat?post=32249"},{"taxonomy":"product_tag","embeddable":true,"href":"https:\/\/onesportmallorca.com\/ca\/wp-json\/wp\/v2\/product_tag?post=32249"}],"curies":[{"name":"wp","href":"https:\/\/api.w.org\/{rel}","templated":true}]}}