{"id":30992,"date":"2023-09-15T14:29:11","date_gmt":"2023-09-15T12:29:11","guid":{"rendered":"https:\/\/onesportmallorca.com\/?post_type=product&#038;p=30992"},"modified":"2024-12-28T20:34:18","modified_gmt":"2024-12-28T19:34:18","slug":"zapatillas-adidas-courtjam-control-m-white-core-id1538","status":"publish","type":"product","link":"https:\/\/onesportmallorca.com\/ca\/producto\/zapatillas-adidas-courtjam-control-m-white-core-id1538\/","title":{"rendered":"Zapatillas Adidas CourtJam Control M White Core (ID1538)"},"content":{"rendered":"<h3 class=\"subtitle___9ljbp\">Los pies en el suelo, la mente en la victoria<\/h3>\n<p class=\"gl-vspace\">Control, precisi\u00f3n y rendimiento. Esta zapatilla de tenis adidas te ofrece la amortiguaci\u00f3n y sujeci\u00f3n que necesitas en los entrenamientos o los partidos oficiales. La mediasuela Bounce combina comodidad y flexibilidad, mientras que el sistema Torsion te brinda mayor estabilidad para cubrir cada rinc\u00f3n de la pista. El refuerzo Adituff proporciona mayor resistencia y protecci\u00f3n en la puntera. La parte superior contiene al menos un 50% de materiales reciclados. Su objetivo es plantear otra soluci\u00f3n m\u00e1s que ayude a eliminar los residuos pl\u00e1sticos.<\/p>\n<p>&nbsp;<\/p>\n<ul class=\"gl-list\">\n<li class=\"gl-vspace-bpall-small\">Horma cl\u00e1sica<\/li>\n<li class=\"gl-vspace-bpall-small\">Cierre de cordones<\/li>\n<li class=\"gl-vspace-bpall-small\">Parte superior de malla t\u00e9cnica<\/li>\n<li class=\"gl-vspace-bpall-small\">Puntera Adituff<\/li>\n<li class=\"gl-vspace-bpall-small\">Sistema Torsion<\/li>\n<li class=\"gl-vspace-bpall-small\">Mediasuela Bounce<\/li>\n<\/ul>\n<ul class=\"gl-list\">\n<li class=\"gl-vspace-bpall-small\">Dise\u00f1o espec\u00edfico para mujer<\/li>\n<li class=\"gl-vspace-bpall-small\">Suela Adiwear con dibujo espec\u00edfico para tierra batida<\/li>\n<li class=\"gl-vspace-bpall-small\">La parte superior contiene al menos un 50% de material reciclado<\/li>\n<\/ul>\n","protected":false},"excerpt":{"rendered":"<p>Los pies en el suelo, la mente en la victoria Control, precisi\u00f3n y rendimiento. Esta zapatilla de tenis adidas te<\/p>\n","protected":false},"featured_media":31027,"template":"","meta":[],"product_brand":[],"product_cat":[2239],"product_tag":[],"class_list":{"0":"post-30992","1":"product","2":"type-product","3":"status-publish","4":"has-post-thumbnail","6":"product_cat-calcat","8":"first","9":"outofstock","10":"taxable","11":"shipping-taxable","12":"purchasable","13":"product-type-variable","14":"rtwpvg-product"},"supplier_id":null,"supplier_sku":"","barcode":null,"atum_controlled":true,"out_stock_date":null,"out_stock_threshold":null,"inheritable":true,"inbound_stock":0,"stock_on_hold":0,"sold_today":0,"sales_last_days":0,"reserved_stock":0,"customer_returns":0,"warehouse_damage":0,"lost_in_post":0,"other_logs":0,"out_stock_days":null,"lost_sales":0,"has_location":false,"update_date":"2025-06-20T10:02:34","atum_locations":[],"atum_stock_status":"outofstock","restock_status":false,"low_stock_amount":"","sales_update_date":"2025-06-20T10:02:34","calc_backorders":null,"_links":{"self":[{"href":"https:\/\/onesportmallorca.com\/ca\/wp-json\/wp\/v2\/product\/30992","targetHints":{"allow":["GET"]}}],"collection":[{"href":"https:\/\/onesportmallorca.com\/ca\/wp-json\/wp\/v2\/product"}],"about":[{"href":"https:\/\/onesportmallorca.com\/ca\/wp-json\/wp\/v2\/types\/product"}],"wp:featuredmedia":[{"embeddable":true,"href":"https:\/\/onesportmallorca.com\/ca\/wp-json\/wp\/v2\/media\/31027"}],"wp:attachment":[{"href":"https:\/\/onesportmallorca.com\/ca\/wp-json\/wp\/v2\/media?parent=30992"}],"wp:term":[{"taxonomy":"product_brand","embeddable":true,"href":"https:\/\/onesportmallorca.com\/ca\/wp-json\/wp\/v2\/product_brand?post=30992"},{"taxonomy":"product_cat","embeddable":true,"href":"https:\/\/onesportmallorca.com\/ca\/wp-json\/wp\/v2\/product_cat?post=30992"},{"taxonomy":"product_tag","embeddable":true,"href":"https:\/\/onesportmallorca.com\/ca\/wp-json\/wp\/v2\/product_tag?post=30992"}],"curies":[{"name":"wp","href":"https:\/\/api.w.org\/{rel}","templated":true}]}}