{"id":30644,"date":"2023-09-08T11:44:11","date_gmt":"2023-09-08T09:44:11","guid":{"rendered":"https:\/\/onesportmallorca.com\/?post_type=product&#038;p=30644"},"modified":"2024-12-03T13:50:47","modified_gmt":"2024-12-03T12:50:47","slug":"zapatilla-hoka-w-speedgoat-5-lake-ceramic-1123158dlcr","status":"publish","type":"product","link":"https:\/\/onesportmallorca.com\/ca\/producto\/zapatilla-hoka-w-speedgoat-5-lake-ceramic-1123158dlcr\/","title":{"rendered":"Zapatilla Hoka W SpeedGoat 5 Lake \/ Ceramic (1123158DLCR)"},"content":{"rendered":"<h2 class=\"description__title\">The Rundown<\/h2>\n<div id=\"description-info\" class=\"description__info\">\n<div class=\"content\">\n<div class=\"short-description__full\"><strong>Agarre. Amortiguaci\u00f3n. Innovaci\u00f3n.<\/strong><\/p>\n<p>Las Speedgoat, un caballo de batalla dise\u00f1ado para el trail t\u00e9cnico, regresan con menos peso y m\u00e1s tracci\u00f3n que nunca. Hemos renovado esta extraordinaria zapatilla de trail desde la suela hasta los cordones, incluyendo Vibram\u00ae Megagrip con taco de tracci\u00f3n Traction Lug para mejorar el agarre en suelos sueltos. Las Speedgoat\u00a05, que mantienen la misma altura del tac\u00f3n y la geometr\u00eda Meta-Rocker, emplean un compuesto m\u00e1s ligero en la entresuela y una malla jacquard de doble capa m\u00e1s resistente para inspirar confianza en cualquier terreno.<\/p>\n<p class=\"description__product-id\">N.\u00ba de art\u00edculo\u00a0<span class=\"product-id\">1123158<\/span><\/p>\n<p>&nbsp;<\/p>\n<\/div>\n<\/div>\n<div id=\"description-info-more-content\" class=\"product-description-view-more\">\n<div class=\"description-techspecs description-techspecs--bestfor\">\n<h4 class=\"description-techspecs__title title\">Uso<\/h4>\n<div class=\"description-techspecs__items collapsible-recommendations\">\n<div class=\"description-techspecs__item\">Trail<\/div>\n<div class=\"description-techspecs__item\">Senderismo<\/div>\n<div><\/div>\n<\/div>\n<\/div>\n<div class=\"description-techspecs description-techspecs--features \">\n<h4 class=\"description-techspecs__title\">Caracter\u00edsticas:<\/h4>\n<div class=\"description-techspecs__items\">\n<ul class=\"features-container\">\n<li class=\"feature-item\">Malla t\u00e9cnica de jacquard de doble capa<\/li>\n<li class=\"feature-item\">Puntera protectora<\/li>\n<li class=\"feature-item\">Meta-Rocker\u2122 en posici\u00f3n de fase retrasada<\/li>\n<li class=\"feature-item\">Vibram\u00ae Megagrip con Traction Lug<\/li>\n<li class=\"feature-item\">Veganas<\/li>\n<\/ul>\n<ul class=\"features-container features-extended collapse show\">\n<li class=\"feature-item\">Leng\u00fceta plana reforzada<\/li>\n<li class=\"feature-item\">Cuello del tal\u00f3n reforzado<\/li>\n<li class=\"feature-item\">Plantilla de EVA moldeada<\/li>\n<li class=\"feature-item\">Entresuela de espuma EVA moldeada por compresi\u00f3n<\/li>\n<li class=\"feature-item\">Tacos de 5\u00a0mm<\/li>\n<li class=\"feature-item\">Malla del empeine con un 34\u00a0% de poli\u00e9ster reciclado<\/li>\n<li class=\"feature-item\">Cordones con un 70\u00a0% de nailon reciclado y un 30\u00a0% de poli\u00e9ster reciclado<\/li>\n<li class=\"feature-item\">Tejido superior de la plantilla con un 100\u00a0% de poli\u00e9ster reciclado<\/li>\n<\/ul>\n<\/div>\n<\/div>\n<\/div>\n<\/div>\n","protected":false},"excerpt":{"rendered":"<p>The Rundown Agarre. Amortiguaci\u00f3n. Innovaci\u00f3n. Las Speedgoat, un caballo de batalla dise\u00f1ado para el trail t\u00e9cnico, regresan con menos peso<\/p>\n","protected":false},"featured_media":30617,"template":"","meta":[],"product_brand":[],"product_cat":[6395,2239],"product_tag":[],"class_list":{"0":"post-30644","1":"product","2":"type-product","3":"status-publish","4":"has-post-thumbnail","6":"product_cat-hoka-ca","7":"product_cat-calcat","9":"first","10":"outofstock","11":"taxable","12":"shipping-taxable","13":"purchasable","14":"product-type-variable","15":"has-default-attributes","16":"rtwpvg-product"},"supplier_id":null,"supplier_sku":"","barcode":null,"atum_controlled":true,"out_stock_date":null,"out_stock_threshold":null,"inheritable":true,"inbound_stock":0,"stock_on_hold":0,"sold_today":1,"sales_last_days":1,"reserved_stock":0,"customer_returns":0,"warehouse_damage":0,"lost_in_post":0,"other_logs":0,"out_stock_days":null,"lost_sales":0,"has_location":true,"update_date":"2025-06-05T11:22:26","atum_locations":[{"id":5967,"name":"Shop Duva","slug":"shop_duva"}],"atum_stock_status":"outofstock","restock_status":false,"low_stock_amount":"","sales_update_date":"2025-06-05T11:22:26","calc_backorders":null,"_links":{"self":[{"href":"https:\/\/onesportmallorca.com\/ca\/wp-json\/wp\/v2\/product\/30644","targetHints":{"allow":["GET"]}}],"collection":[{"href":"https:\/\/onesportmallorca.com\/ca\/wp-json\/wp\/v2\/product"}],"about":[{"href":"https:\/\/onesportmallorca.com\/ca\/wp-json\/wp\/v2\/types\/product"}],"wp:featuredmedia":[{"embeddable":true,"href":"https:\/\/onesportmallorca.com\/ca\/wp-json\/wp\/v2\/media\/30617"}],"wp:attachment":[{"href":"https:\/\/onesportmallorca.com\/ca\/wp-json\/wp\/v2\/media?parent=30644"}],"wp:term":[{"taxonomy":"product_brand","embeddable":true,"href":"https:\/\/onesportmallorca.com\/ca\/wp-json\/wp\/v2\/product_brand?post=30644"},{"taxonomy":"product_cat","embeddable":true,"href":"https:\/\/onesportmallorca.com\/ca\/wp-json\/wp\/v2\/product_cat?post=30644"},{"taxonomy":"product_tag","embeddable":true,"href":"https:\/\/onesportmallorca.com\/ca\/wp-json\/wp\/v2\/product_tag?post=30644"}],"curies":[{"name":"wp","href":"https:\/\/api.w.org\/{rel}","templated":true}]}}