{"id":27490,"date":"2023-03-21T11:58:05","date_gmt":"2023-03-21T10:58:05","guid":{"rendered":"https:\/\/onesportmallorca.com\/?post_type=product&#038;p=27490"},"modified":"2024-12-03T09:57:11","modified_gmt":"2024-12-03T08:57:11","slug":"zapatilla-adidas-courtjam-control-m-clay-bluefusion-hq8470","status":"publish","type":"product","link":"https:\/\/onesportmallorca.com\/ca\/producto\/zapatilla-adidas-courtjam-control-m-clay-bluefusion-hq8470\/","title":{"rendered":"Zapatilla Adidas CourtJam Control M Clay BlueFusion (HQ8470)"},"content":{"rendered":"<h2>Nuevas Courtjam Control Clay de Adidas, \u00f3ptima amortiguaci\u00f3n<\/h2>\n<p>Las\u00a0<strong>Adidas Courtjam Control Clay<\/strong>\u00a0son unas zapatillas de p\u00e1del y tenis para aquellos jugadores que busquen un calzado que les ofrezca el\u00a0<strong>m\u00e1ximo rendimiento, control y precisi\u00f3n\u00a0<\/strong>en cada movimiento.<\/p>\n<p>Ser\u00e1n tus mejores aliadas en los entrenamientos y en las competiciones m\u00e1s importantes gracias a la excelente sujeci\u00f3n y amortiguaci\u00f3n que brindan al jugador. Presenta un<strong>\u00a0cierre de cordones<\/strong>\u00a0que garantiza un ajuste personalizado que consigue un\u00a0<strong>confort inigualable\u00a0<\/strong>en cada pisada.<\/p>\n<p>Tambi\u00e9n, la parte superior est\u00e1 compuesta con<strong>\u00a0malla t\u00e9cnica<\/strong>\u00a0y ha sido fabricada con un 50% de materiales reciclados.<\/p>\n<p>&nbsp;<\/p>\n<h2>Suela de espiga con sistema Adiwear<\/h2>\n<p>La\u00a0<strong>suela exterior<\/strong>\u00a0de este calzado Adidas es\u00a0<strong>clay<\/strong>, es decir, presenta un patr\u00f3n de espiga que ofrece una gran capacidad de agarre a la superficie. Entre sus beneficios tambi\u00e9n destaca una excelente amortiguaci\u00f3n y una incre\u00edble durabilidad.<\/p>\n<p>Adem\u00e1s, integra la\u00a0<strong>tecnolog\u00eda Adiwear<\/strong>\u00a0con un dibujo espec\u00edfico para pistas de tierra batida. Este sistema consiste en una resistencia compuesta de\u00a0<strong>caucho insertado<\/strong>\u00a0en la suela con el objetivo de aumentar la vida \u00fatil de la zapatilla, ejerciendo un refuerzo en aquellas zonas m\u00e1s propensas a sufrir desgaste.<\/p>\n<p>&nbsp;<\/p>\n<h3>Incluye refuerzos Adituff en la puntera<\/h3>\n<p>En la mediasuela incorpora la tecnolog\u00eda\u00a0<em><strong>Bounce<\/strong><\/em>, un compuesto de pol\u00edmero compacto de la mejor calidad que aporta\u00a0<strong>firmeza, amortiguaci\u00f3n y mejor capacidad de respuesta.<\/strong><\/p>\n<p>Asimismo, tambi\u00e9n en la mediasuela incluye el\u00a0<strong>sistema Torsion<\/strong>, que consiste en un arco de TPU r\u00edgido que une el tal\u00f3n y el antepi\u00e9.<\/p>\n","protected":false},"excerpt":{"rendered":"<p>Nuevas Courtjam Control Clay de Adidas, \u00f3ptima amortiguaci\u00f3n Las\u00a0Adidas Courtjam Control Clay\u00a0son unas zapatillas de p\u00e1del y tenis para aquellos<\/p>\n","protected":false},"featured_media":27511,"template":"","meta":[],"product_brand":[],"product_cat":[2239],"product_tag":[],"class_list":{"0":"post-27490","1":"product","2":"type-product","3":"status-publish","4":"has-post-thumbnail","6":"product_cat-calcat","8":"first","9":"instock","10":"taxable","11":"shipping-taxable","12":"purchasable","13":"product-type-variable","14":"rtwpvg-product"},"supplier_id":null,"supplier_sku":"","barcode":null,"atum_controlled":true,"out_stock_date":null,"out_stock_threshold":null,"inheritable":true,"inbound_stock":0,"stock_on_hold":0,"sold_today":2,"sales_last_days":2,"reserved_stock":0,"customer_returns":0,"warehouse_damage":0,"lost_in_post":0,"other_logs":0,"out_stock_days":0,"lost_sales":0,"has_location":false,"update_date":"2025-06-20T10:02:35","atum_locations":[],"atum_stock_status":"instock","restock_status":false,"low_stock_amount":"","sales_update_date":"2025-06-20T10:02:35","calc_backorders":null,"_links":{"self":[{"href":"https:\/\/onesportmallorca.com\/ca\/wp-json\/wp\/v2\/product\/27490","targetHints":{"allow":["GET"]}}],"collection":[{"href":"https:\/\/onesportmallorca.com\/ca\/wp-json\/wp\/v2\/product"}],"about":[{"href":"https:\/\/onesportmallorca.com\/ca\/wp-json\/wp\/v2\/types\/product"}],"wp:featuredmedia":[{"embeddable":true,"href":"https:\/\/onesportmallorca.com\/ca\/wp-json\/wp\/v2\/media\/27511"}],"wp:attachment":[{"href":"https:\/\/onesportmallorca.com\/ca\/wp-json\/wp\/v2\/media?parent=27490"}],"wp:term":[{"taxonomy":"product_brand","embeddable":true,"href":"https:\/\/onesportmallorca.com\/ca\/wp-json\/wp\/v2\/product_brand?post=27490"},{"taxonomy":"product_cat","embeddable":true,"href":"https:\/\/onesportmallorca.com\/ca\/wp-json\/wp\/v2\/product_cat?post=27490"},{"taxonomy":"product_tag","embeddable":true,"href":"https:\/\/onesportmallorca.com\/ca\/wp-json\/wp\/v2\/product_tag?post=27490"}],"curies":[{"name":"wp","href":"https:\/\/api.w.org\/{rel}","templated":true}]}}