{"id":27377,"date":"2023-03-18T12:51:58","date_gmt":"2023-03-18T11:51:58","guid":{"rendered":"https:\/\/onesportmallorca.com\/?post_type=product&#038;p=27377"},"modified":"2025-06-11T19:45:05","modified_gmt":"2025-06-11T17:45:05","slug":"zapatillas-adidas-terrex-trailrider-wonder-steel-magic-gw5535","status":"publish","type":"product","link":"https:\/\/onesportmallorca.com\/ca\/producto\/zapatillas-adidas-terrex-trailrider-wonder-steel-magic-gw5535\/","title":{"rendered":"Zapatillas Adidas Terrex TrailRider Wonder Steel\/Magic (GW5535)"},"content":{"rendered":"<div class=\"highlight___3fa4r\">\n<div class=\"highlight-text___lgoJI\">\n<h3 class=\"highlight-text__headline___25B2G\">Producto hecho parcialmente con materiales reciclados<\/h3>\n<p>Hecho con una serie de materiales reciclados, el exterior incorpora al menos un 50% de contenido reciclado. Este producto representa solo una de nuestras soluciones para acabar con los residuos pl\u00e1sticos.<\/p>\n<\/div>\n<\/div>\n<div class=\"highlight___3fa4r\">\n<div class=\"highlight-text___lgoJI\">\n<h3 class=\"highlight-text__headline___25B2G\">Ligereza. Velocidad.<\/h3>\n<p>La tecnolog\u00eda Lightsrike de adidas redefine la velocidad con su mediasuela ultraliviana que favorece el movimiento din\u00e1mico y fluido.<\/p>\n<\/div>\n<\/div>\n<div class=\"highlight___3fa4r\">\n<div class=\"highlight-text___lgoJI\">\n<h3 class=\"highlight-text__headline___25B2G\">Suela de caucho Continental\u2122 Rubber<\/h3>\n<p>Suela de caucho Continental\u2122 Rubber para un agarre extraordinario incluso sobre terrenos mojados y secos.<\/p>\n<\/div>\n<\/div>\n<div class=\"highlight___3fa4r\">\n<div class=\"highlight-text___lgoJI\">\n<h3 class=\"highlight-text__headline___25B2G\">Resistencia a la abrasi\u00f3n<\/h3>\n<p>Revestimientos resistentes a la abrasi\u00f3n para mayor durabilidad en terrenos exigentes.<\/p>\n<p>&nbsp;<\/p>\n<\/div>\n<h3 class=\"subtitle___9ljbp\">Zapatillas de trail running ligeras, hechas parcialmente con materiales reciclados<\/h3>\n<p class=\"gl-vspace\">Atr\u00e9vete a dejar atr\u00e1s el asfalto en tus salidas a correr. Estas zapatillas de trail running adidas Terrex fueron dise\u00f1adas para brindar comodidad y resistencia al desgaste sobre terrenos irregulares. La amortiguaci\u00f3n Lightstrike y la placa de protecci\u00f3n contra rocas te permiten avanzar con total tranquilidad. La suela de caucho Continental\u2122 Rubber brinda un agarre excepcional en condiciones secas y mojadas. Los revestimientos sint\u00e9ticos maximizan la durabilidad y la leng\u00fceta reforzada mantienen la suciedad en el exterior para que puedas avanzar en todo tipo de terreno.<\/p>\n<p>&nbsp;<\/p>\n<\/div>\n<section class=\"content-item___3yeDy content-visibility-auto full-width-never___3eH3H overflow___16dqW visible accordion-content-item___27JBt\">\n<div id=\"navigation-target-specifications\">\n<div class=\"accordion___14pj8 accordion--open___14Ep0\" data-testid=\"accordion\">\n<div class=\"accordion__content___29x9h\">\n<div class=\"content-padding___2kVWQ\">\n<div class=\"bullets___3bsSs\" data-auto-id=\"specifications-section\">\n<ul class=\"gl-list\">\n<li class=\"gl-vspace-bpall-small\">Sistema de amarre de pasadores<\/li>\n<li class=\"gl-vspace-bpall-small\">Exterior sint\u00e9tico con revestimiento de protecci\u00f3n de TPU<\/li>\n<li class=\"gl-vspace-bpall-small\">Forro interior textil<\/li>\n<li class=\"gl-vspace-bpall-small\">Amortiguaci\u00f3n Lightstrike<\/li>\n<li class=\"gl-vspace-bpall-small\">Leng\u00fceta reforzada<\/li>\n<li class=\"gl-vspace-bpall-small\">Suela de caucho Continental\u2122 Rubber<\/li>\n<li class=\"gl-vspace-bpall-small\">El exterior contiene al menos un 50 % de material reciclado<\/li>\n<li class=\"gl-vspace-bpall-small\">Color del art\u00edculo: Wonder Steel \/ Magic Grey Met \/ Impact Orange<\/li>\n<li class=\"gl-vspace-bpall-small\">N\u00famero de art\u00edculo: GW5535<\/li>\n<\/ul>\n<\/div>\n<\/div>\n<\/div>\n<\/div>\n<\/div>\n<\/section>\n<section class=\"content-item___3yeDy content-visibility-auto full-width-always___3jSLj visible non-accordion___20roA\">\n<div id=\"navigation-target-recommendations-1\">\n<div class=\"product-recommendations-wrapper___23qZE\" data-autoid=\"product-recommendations\">\n<div class=\"_carousel-context_upsn4_2104\" role=\"section\" data-testid=\"carousel-section\"><\/div>\n<\/div>\n<\/div>\n<\/section>\n","protected":false},"excerpt":{"rendered":"<p>Producto hecho parcialmente con materiales reciclados Hecho con una serie de materiales reciclados, el exterior incorpora al menos un 50%<\/p>\n","protected":false},"featured_media":27436,"template":"","meta":[],"product_brand":[7193],"product_cat":[2239,5956],"product_tag":[],"class_list":{"0":"post-27377","1":"product","2":"type-product","3":"status-publish","4":"has-post-thumbnail","6":"product_brand-adidas","7":"product_cat-calcat","8":"product_cat-outlet-ca","10":"first","11":"outofstock","12":"sale","13":"taxable","14":"shipping-taxable","15":"purchasable","16":"product-type-variable","17":"rtwpvg-product"},"supplier_id":null,"supplier_sku":"","barcode":null,"atum_controlled":true,"out_stock_date":null,"out_stock_threshold":null,"inheritable":true,"inbound_stock":0,"stock_on_hold":0,"sold_today":2,"sales_last_days":2,"reserved_stock":0,"customer_returns":0,"warehouse_damage":0,"lost_in_post":0,"other_logs":0,"out_stock_days":0,"lost_sales":0,"has_location":false,"update_date":"2025-10-16T11:21:46","atum_locations":[{"id":5967,"name":"Shop Duva","slug":"shop_duva"}],"atum_stock_status":"instock","restock_status":false,"low_stock_amount":"","sales_update_date":"2025-06-11T17:44:49","calc_backorders":null,"_links":{"self":[{"href":"https:\/\/onesportmallorca.com\/ca\/wp-json\/wp\/v2\/product\/27377","targetHints":{"allow":["GET"]}}],"collection":[{"href":"https:\/\/onesportmallorca.com\/ca\/wp-json\/wp\/v2\/product"}],"about":[{"href":"https:\/\/onesportmallorca.com\/ca\/wp-json\/wp\/v2\/types\/product"}],"wp:featuredmedia":[{"embeddable":true,"href":"https:\/\/onesportmallorca.com\/ca\/wp-json\/wp\/v2\/media\/27436"}],"wp:attachment":[{"href":"https:\/\/onesportmallorca.com\/ca\/wp-json\/wp\/v2\/media?parent=27377"}],"wp:term":[{"taxonomy":"product_brand","embeddable":true,"href":"https:\/\/onesportmallorca.com\/ca\/wp-json\/wp\/v2\/product_brand?post=27377"},{"taxonomy":"product_cat","embeddable":true,"href":"https:\/\/onesportmallorca.com\/ca\/wp-json\/wp\/v2\/product_cat?post=27377"},{"taxonomy":"product_tag","embeddable":true,"href":"https:\/\/onesportmallorca.com\/ca\/wp-json\/wp\/v2\/product_tag?post=27377"}],"curies":[{"name":"wp","href":"https:\/\/api.w.org\/{rel}","templated":true}]}}