{"id":25831,"date":"2022-11-03T07:52:02","date_gmt":"2022-11-03T06:52:02","guid":{"rendered":"https:\/\/onesportmallorca.com\/tienda\/sandalia-hoka-ora-recovery-flip-butterfly-w\/"},"modified":"2025-04-30T13:04:49","modified_gmt":"2025-04-30T11:04:49","slug":"sandalia-hoka-ora-recovery-flip-butterfly-w","status":"publish","type":"product","link":"https:\/\/onesportmallorca.com\/ca\/producto\/sandalia-hoka-ora-recovery-flip-butterfly-w\/","title":{"rendered":"Sandalia Hoka ORA Recovery Flip Butterfly W"},"content":{"rendered":"<h2 class=\"description__title\">The Rundown<\/h2>\n<div id=\"description-info\" class=\"description__info\">\n<div class=\"content\">\n<div class=\"js-short-description-expander short-description-expander short-description-expander--show\">\n<div id=\"short-description-full\" class=\"short-description-expander__full collapse show\">Lo has dado todo en la carrera y ahora tus pies te est\u00e1n pidiendo mimos y cuanto antes, mejor. Para eso est\u00e1n las Ora Flip. Hemos creado unas chanclas con una entresuela extragrande y Meta-Rocker HOKA, adem\u00e1s de mejores tiras para los dedos, con un ajuste m\u00e1s ergon\u00f3mico. Envuelven el pie y ofrecen una elegante comodidad y apoyo. Siente c\u00f3mo se recuperan tus pies cansados. No hace falta que nos des las gracias.<\/div>\n<\/div>\n<\/div>\n<div class=\"model-info-secondary mb-1\"><\/div>\n<div id=\"description-info-more-content\" class=\"product-description-view-more\">\n<div class=\"description-techspecs description-techspecs--bestfor\">\n<div class=\"description-techspecs__title title\"><strong>Uso<\/strong>:<\/div>\n<div class=\"description-techspecs__items collapsible-recommendations\">\n<div class=\"description-techspecs__item\">Recuperaci\u00f3n<\/div>\n<div><\/div>\n<\/div>\n<\/div>\n<div class=\"description-techspecs description-techspecs--features \">\n<div class=\"description-techspecs__title\"><strong>Caracter\u00edsticas<\/strong>:<\/div>\n<div class=\"description-techspecs__items\">\n<ul class=\"features-container\">\n<li class=\"feature-item\">La l\u00e1mina superior blanda de EVA proporciona una comodidad inmediata en cada pisada<\/li>\n<li class=\"feature-item\">La tira de punto aporta comodidad y absorbe la humedad<\/li>\n<li class=\"feature-item\">Tira del dedo actualizada para mejorar el ajuste y la comodidad<\/li>\n<li class=\"feature-item\">MetaRocker\u2122 en posici\u00f3n de fase inicial que ofrece una pisada suave<\/li>\n<li class=\"feature-item\">La confecci\u00f3n de capa doble incorpora una capa superior suave y una entresuela\/suela exterior resistente para una mayor durabilidad y estabilidad<\/li>\n<\/ul>\n<ul class=\"features-container features-extended collapse show\">\n<li class=\"feature-item\">Ranuras en puntos estrat\u00e9gicos que aumentan la comodidad y la tracci\u00f3n<\/li>\n<li class=\"feature-item\">Veganas<\/li>\n<\/ul>\n<\/div>\n<\/div>\n<\/div>\n<\/div>\n","protected":false},"excerpt":{"rendered":"<p>The Rundown Lo has dado todo en la carrera y ahora tus pies te est\u00e1n pidiendo mimos y cuanto antes,<\/p>\n","protected":false},"featured_media":14430,"template":"","meta":[],"product_brand":[],"product_cat":[2239,6567],"product_tag":[],"class_list":{"0":"post-25831","1":"product","2":"type-product","3":"status-publish","4":"has-post-thumbnail","6":"product_cat-calcat","7":"product_cat-sandalia-ca","9":"first","10":"outofstock","11":"taxable","12":"shipping-taxable","13":"purchasable","14":"product-type-variable","15":"rtwpvg-product"},"supplier_id":null,"supplier_sku":"","barcode":null,"atum_controlled":true,"out_stock_date":null,"out_stock_threshold":null,"inheritable":true,"inbound_stock":0,"stock_on_hold":0,"sold_today":1,"sales_last_days":1,"reserved_stock":0,"customer_returns":0,"warehouse_damage":0,"lost_in_post":0,"other_logs":0,"out_stock_days":0,"lost_sales":0,"has_location":false,"update_date":"2025-04-30T11:39:02","atum_locations":[],"atum_stock_status":"outofstock","restock_status":false,"low_stock_amount":"","sales_update_date":"2025-04-30T11:39:02","calc_backorders":null,"_links":{"self":[{"href":"https:\/\/onesportmallorca.com\/ca\/wp-json\/wp\/v2\/product\/25831","targetHints":{"allow":["GET"]}}],"collection":[{"href":"https:\/\/onesportmallorca.com\/ca\/wp-json\/wp\/v2\/product"}],"about":[{"href":"https:\/\/onesportmallorca.com\/ca\/wp-json\/wp\/v2\/types\/product"}],"wp:featuredmedia":[{"embeddable":true,"href":"https:\/\/onesportmallorca.com\/ca\/wp-json\/wp\/v2\/media\/14430"}],"wp:attachment":[{"href":"https:\/\/onesportmallorca.com\/ca\/wp-json\/wp\/v2\/media?parent=25831"}],"wp:term":[{"taxonomy":"product_brand","embeddable":true,"href":"https:\/\/onesportmallorca.com\/ca\/wp-json\/wp\/v2\/product_brand?post=25831"},{"taxonomy":"product_cat","embeddable":true,"href":"https:\/\/onesportmallorca.com\/ca\/wp-json\/wp\/v2\/product_cat?post=25831"},{"taxonomy":"product_tag","embeddable":true,"href":"https:\/\/onesportmallorca.com\/ca\/wp-json\/wp\/v2\/product_tag?post=25831"}],"curies":[{"name":"wp","href":"https:\/\/api.w.org\/{rel}","templated":true}]}}