{"id":25410,"date":"2022-11-03T07:53:33","date_gmt":"2022-11-03T06:53:33","guid":{"rendered":"https:\/\/onesportmallorca.com\/tienda\/on-cloudflow-3-w-niagara-meadow-35-99033\/"},"modified":"2025-06-11T19:38:04","modified_gmt":"2025-06-11T17:38:04","slug":"on-cloudflow-3-w-niagara-meadow-35-99033","status":"publish","type":"product","link":"https:\/\/onesportmallorca.com\/ca\/producto\/on-cloudflow-3-w-niagara-meadow-35-99033\/","title":{"rendered":"On Cloudflow 3 W Niagara | Meadow (35.99033)"},"content":{"rendered":"<h2 class=\"_imageTitle_1v335_89\">Velocidad a tu alcance<\/h2>\n<p class=\"_description_1v335_110\">Quer\u00edas m\u00e1s velocidad, as\u00ed que nos las ingeniamos para conseguirlo. Hemos a\u00f1adido un Speedboard\u00ae de mezcla de nailon en forma de cuchara m\u00e1s r\u00edgido, fuerte y ligero que su predecesor. Adem\u00e1s, su potente propulsi\u00f3n te catapultar\u00e1 hacia nuevas marcas personales. En pocas palabras: lo sentir\u00e1s.<\/p>\n<p>&nbsp;<\/p>\n<h2 class=\"_imageTitle_1v335_89\">Siente la ligereza<\/h2>\n<p class=\"_description_1v335_110\">La parte superior de tejido ultraligero se inspira en nuestras zapatillas m\u00e1s r\u00e1pidas: las Cloudboom Echo. \u00bfEl resultado? Una transpirabilidad y un rendimiento sin igual que hacen que acelerar el ritmo sea m\u00e1s f\u00e1cil que nunca.<\/p>\n<p>&nbsp;<\/p>\n<h2 class=\"_imageTitle_1v335_89\">Suavidad \u00f3ptima<\/h2>\n<p class=\"_description_1v335_110\">La superespuma de doble densidad CloudTec\u00ae en Helion\u2122, ahora en toda la zapatilla, absorbe mejor los impactos para que disfrutes de una pisada m\u00e1s amortiguada. Adem\u00e1s, brinda una comodidad y reactividad inmejorables en cada zancada. Esto se convierte en m\u00e1s velocidad durante m\u00e1s tiempo. \u00bfTe atreves?<\/p>\n<p>&nbsp;<\/p>\n<h2 class=\"_title_pjr0g_58\">Detalles del producto<\/h2>\n<ul class=\"_usps_pjr0g_76\">\n<li class=\"\">\n<p class=\"_usp_pjr0g_76\">Peso: 190g<\/p>\n<\/li>\n<li class=\"\">\n<p class=\"_usp_pjr0g_76\">Parte superior ligera y transpirable: vive la velocidad<\/p>\n<\/li>\n<li class=\"\">\n<p class=\"_usp_pjr0g_76\">Superespuma Helion\u2122: amortiguaci\u00f3n ultrarreactiva<\/p>\n<\/li>\n<li class=\"\">\n<p class=\"_usp_pjr0g_76\">Inspiradas en las m\u00e1s r\u00e1pidas: las Cloudboom Echo<\/p>\n<\/li>\n<li class=\"\">\n<p class=\"_usp_pjr0g_76\">Mayor propulsi\u00f3n: dale a tu pisada la reactividad que desea<\/p>\n<\/li>\n<\/ul>\n","protected":false},"excerpt":{"rendered":"<p>Velocidad a tu alcance Quer\u00edas m\u00e1s velocidad, as\u00ed que nos las ingeniamos para conseguirlo. Hemos a\u00f1adido un Speedboard\u00ae de mezcla<\/p>\n","protected":false},"featured_media":14705,"template":"","meta":[],"product_brand":[7203],"product_cat":[6425,2239,5956],"product_tag":[],"class_list":{"0":"post-25410","1":"product","2":"type-product","3":"status-publish","4":"has-post-thumbnail","6":"product_brand-on-running","7":"product_cat-onr-ca","8":"product_cat-calcat","9":"product_cat-outlet-ca","11":"first","12":"instock","13":"sale","14":"taxable","15":"shipping-taxable","16":"purchasable","17":"product-type-variable","18":"has-default-attributes","19":"rtwpvg-product"},"supplier_id":null,"supplier_sku":"","barcode":null,"atum_controlled":true,"out_stock_date":null,"out_stock_threshold":null,"inheritable":true,"inbound_stock":0,"stock_on_hold":0,"sold_today":1,"sales_last_days":2,"reserved_stock":0,"customer_returns":0,"warehouse_damage":0,"lost_in_post":0,"other_logs":0,"out_stock_days":0,"lost_sales":0,"has_location":true,"update_date":"2025-09-05T07:32:44","atum_locations":[{"id":5967,"name":"Shop Duva","slug":"shop_duva"}],"atum_stock_status":"instock","restock_status":false,"low_stock_amount":"","sales_update_date":"2025-09-05T07:32:44","calc_backorders":null,"_links":{"self":[{"href":"https:\/\/onesportmallorca.com\/ca\/wp-json\/wp\/v2\/product\/25410","targetHints":{"allow":["GET"]}}],"collection":[{"href":"https:\/\/onesportmallorca.com\/ca\/wp-json\/wp\/v2\/product"}],"about":[{"href":"https:\/\/onesportmallorca.com\/ca\/wp-json\/wp\/v2\/types\/product"}],"wp:featuredmedia":[{"embeddable":true,"href":"https:\/\/onesportmallorca.com\/ca\/wp-json\/wp\/v2\/media\/14705"}],"wp:attachment":[{"href":"https:\/\/onesportmallorca.com\/ca\/wp-json\/wp\/v2\/media?parent=25410"}],"wp:term":[{"taxonomy":"product_brand","embeddable":true,"href":"https:\/\/onesportmallorca.com\/ca\/wp-json\/wp\/v2\/product_brand?post=25410"},{"taxonomy":"product_cat","embeddable":true,"href":"https:\/\/onesportmallorca.com\/ca\/wp-json\/wp\/v2\/product_cat?post=25410"},{"taxonomy":"product_tag","embeddable":true,"href":"https:\/\/onesportmallorca.com\/ca\/wp-json\/wp\/v2\/product_tag?post=25410"}],"curies":[{"name":"wp","href":"https:\/\/api.w.org\/{rel}","templated":true}]}}