{"id":25178,"date":"2022-11-03T07:54:14","date_gmt":"2022-11-03T06:54:14","guid":{"rendered":"https:\/\/onesportmallorca.com\/tienda\/zapatilla-supernova-w-azuhal-plahal-menhal\/"},"modified":"2025-04-21T12:01:36","modified_gmt":"2025-04-21T10:01:36","slug":"zapatilla-supernova-w-azuhal-plahal-menhal","status":"publish","type":"product","link":"https:\/\/onesportmallorca.com\/ca\/producto\/zapatilla-supernova-w-azuhal-plahal-menhal\/","title":{"rendered":"Zapatilla Supernova W AZUHAL-PLAHAL-MENHAL (S42719)"},"content":{"rendered":"<p>Para correr por asfalto m\u00e1s de 4 veces por semana no menos de 60 minutos. Adidas Supernova son las zapatillas running ideales para mujeres con pisada neutra y peso medio\/ Alto, que buscan una buena amortiguaci\u00f3n, en ritmos medios o lentos y tiradas largas. Te contamos las caracter\u00edsticas principales de estas excelentes zapatillas de running Adidas : Adidas Supernova incorpora el material Boost en toda su media suela. Suela con la tecnolog\u00eda StretchWeb para ofrecerte durabilidad y seguridad sumadas a una excelente amortiguaci\u00f3n y retorno de energ\u00eda. La suela se caracteriza tambi\u00e9n por estar fabricada en caucho Continental asegur\u00e1ndote un excelente agarre en todo tipo de superficies secas o mojadas. Upper de malla con un ajuste perfecto y m\u00e1xima ventilaci\u00f3n. Laterales de paneles de TPU ligero y sin costuras para conseguir una buena sujeci\u00f3n y estabilizar la pisada.<\/p>\n<p>&nbsp;<\/p>\n<ul class=\"adv-feature-list\">\n<li><span class=\"item\">Intensidad De Uso:<\/span>\u00a0<span class=\"value\">Alta<br \/>\n<\/span><\/li>\n<li><span class=\"item\">Nivel:<\/span>\u00a0<span class=\"value\">Experto<\/span><\/li>\n<li><span class=\"item\">Corte:<\/span>\u00a0<span class=\"value\">Parte superior de malla t\u00e9cnica que act\u00faa como una segunda piel para un ajuste perfecto y mayor ventilaci\u00f3n. Paneles laterales de TPU ligero y sin costuras para una mejor sujeci\u00f3n; contrafuerte del tal\u00f3n moldeado FITCOUNTER para un ajuste a medida que permite el movimiento natural del tend\u00f3n de Aquiles.<\/span><\/li>\n<li><span class=\"item\">Media Suela:<\/span>\u00a0<span class=\"value\">La tecnolog\u00eda TORSION SYSTEM proporciona mayor estabilidad y flexibilidad; dise\u00f1o de la puntera mejorado para ofrecer m\u00e1s espacio.<\/span><\/li>\n<li><span class=\"item\">Amortiguaci\u00f3n:<\/span>\u00a0<span class=\"value\">La tecnolog\u00eda Boost es el mejor sistema de amortiguaci\u00f3n de Adidas: cuanta m\u00e1s energ\u00eda inviertes, mayor retorno de energ\u00eda obtienes.<\/span><\/li>\n<li><span class=\"item\">Suela:<\/span>\u00a0<span class=\"value\">Suela STRETCHWEB con dise\u00f1o flexible que aporta mayor energ\u00eda e impulso; suela con compuesto de caucho Continental para un excelente agarre tanto en superficies secas como en suelo mojado.<\/span><\/li>\n<li><span class=\"item\">Actividad:<\/span>\u00a0<span class=\"value\">Entrenamiento<\/span><\/li>\n<li><span class=\"item\">Drop:<\/span>\u00a0<span class=\"value\">9-12mm<\/span><\/li>\n<li><span class=\"item\">Tecnolog\u00eda:<\/span>\u00a0<span class=\"value\">Continental<\/span><\/li>\n<li><span class=\"item\">Tipo de pisada:<\/span>\u00a0<span class=\"value\">Neutro\u00a0<\/span><\/li>\n<\/ul>\n","protected":false},"excerpt":{"rendered":"<p>Para correr por asfalto m\u00e1s de 4 veces por semana no menos de 60 minutos. Adidas Supernova son las zapatillas<\/p>\n","protected":false},"featured_media":14864,"template":"","meta":[],"product_brand":[7193],"product_cat":[6404,2239,5956],"product_tag":[],"class_list":{"0":"post-25178","1":"product","2":"type-product","3":"status-publish","4":"has-post-thumbnail","6":"product_brand-adidas","7":"product_cat-adidas-ca","8":"product_cat-calcat","9":"product_cat-outlet-ca","11":"first","12":"outofstock","13":"sale","14":"taxable","15":"shipping-taxable","16":"purchasable","17":"product-type-variable","18":"rtwpvg-product"},"supplier_id":null,"supplier_sku":"","barcode":null,"atum_controlled":true,"out_stock_date":null,"out_stock_threshold":null,"inheritable":true,"inbound_stock":0,"stock_on_hold":0,"sold_today":1,"sales_last_days":2,"reserved_stock":0,"customer_returns":0,"warehouse_damage":0,"lost_in_post":0,"other_logs":0,"out_stock_days":0,"lost_sales":0,"has_location":false,"update_date":"2025-04-24T08:16:12","atum_locations":[],"atum_stock_status":"instock","restock_status":false,"low_stock_amount":"","sales_update_date":"2025-03-26T17:00:24","calc_backorders":null,"_links":{"self":[{"href":"https:\/\/onesportmallorca.com\/ca\/wp-json\/wp\/v2\/product\/25178","targetHints":{"allow":["GET"]}}],"collection":[{"href":"https:\/\/onesportmallorca.com\/ca\/wp-json\/wp\/v2\/product"}],"about":[{"href":"https:\/\/onesportmallorca.com\/ca\/wp-json\/wp\/v2\/types\/product"}],"wp:featuredmedia":[{"embeddable":true,"href":"https:\/\/onesportmallorca.com\/ca\/wp-json\/wp\/v2\/media\/14864"}],"wp:attachment":[{"href":"https:\/\/onesportmallorca.com\/ca\/wp-json\/wp\/v2\/media?parent=25178"}],"wp:term":[{"taxonomy":"product_brand","embeddable":true,"href":"https:\/\/onesportmallorca.com\/ca\/wp-json\/wp\/v2\/product_brand?post=25178"},{"taxonomy":"product_cat","embeddable":true,"href":"https:\/\/onesportmallorca.com\/ca\/wp-json\/wp\/v2\/product_cat?post=25178"},{"taxonomy":"product_tag","embeddable":true,"href":"https:\/\/onesportmallorca.com\/ca\/wp-json\/wp\/v2\/product_tag?post=25178"}],"curies":[{"name":"wp","href":"https:\/\/api.w.org\/{rel}","templated":true}]}}