{"id":24930,"date":"2022-11-03T07:55:30","date_gmt":"2022-11-03T06:55:30","guid":{"rendered":"https:\/\/onesportmallorca.com\/tienda\/zapatillas-kswiss-light-2-hb-grises-rosa-96611049-w\/"},"modified":"2024-12-03T11:49:17","modified_gmt":"2024-12-03T10:49:17","slug":"zapatillas-kswiss-light-2-hb-grises-rosa-96611049-w","status":"publish","type":"product","link":"https:\/\/onesportmallorca.com\/ca\/producto\/zapatillas-kswiss-light-2-hb-grises-rosa-96611049-w\/","title":{"rendered":"Zapatillas Kswiss Light 2 HB Grises &#8211; Rosa (96611049) W"},"content":{"rendered":"<p>Actualizaci\u00f3n de las zapatillas m\u00e1s vendidas de K-swiss. Disfruta del m\u00e1ximo rendimiento. La parte superior de la zapatilla se actualiza manteniendo el confort y la sujeci\u00f3n que le caracteriza y se incluye un estabilizador en TPU que mejora la estabilidad y rendimiento de este modelo, que ya era alto. Su\u00a0suela Clay\u00a0de espiga profunda la hace perfecta tanto para las pistas de p\u00e1del como para la tierra batida, su suela con la tecnolog\u00eda A\u00d6STA 7.0 te va a dar una duraci\u00f3n \u00f3ptima en el desgaste de la suela. Sin duda sigue siendo una zapatilla muy vers\u00e1til y una apuesta segura.<\/p>\n<p>Caracter\u00edsticas:<\/p>\n<ul>\n<li>*\u00a0Suela:\u00a0Tipo HB profunda.<\/li>\n<li>*\u00a0Tecnolog\u00edas:\u00a0K-EVA,A\u00d6STA 7.0 , DURAWRAP FLEX.<\/li>\n<li>*\u00a0Composici\u00f3n Ext:\u00a0100% Sint\u00e9tico.<\/li>\n<li>*\u00a0Composici\u00f3n int:\u00a0100% Sint\u00e9tico.<\/li>\n<li>*\u00a0Peso aprox.:\u00a0325 gramos<\/li>\n<\/ul>\n","protected":false},"excerpt":{"rendered":"<p>Actualizaci\u00f3n de las zapatillas m\u00e1s vendidas de K-swiss. Disfruta del m\u00e1ximo rendimiento. La parte superior de la zapatilla se actualiza<\/p>\n","protected":false},"featured_media":15076,"template":"","meta":[],"product_brand":[],"product_cat":[2239],"product_tag":[],"class_list":{"0":"post-24930","1":"product","2":"type-product","3":"status-publish","4":"has-post-thumbnail","6":"product_cat-calcat","8":"first","9":"instock","10":"taxable","11":"shipping-taxable","12":"purchasable","13":"product-type-variable","14":"rtwpvg-product"},"supplier_id":null,"supplier_sku":"","barcode":null,"atum_controlled":true,"out_stock_date":null,"out_stock_threshold":null,"inheritable":true,"inbound_stock":0,"stock_on_hold":0,"sold_today":1,"sales_last_days":1,"reserved_stock":0,"customer_returns":0,"warehouse_damage":0,"lost_in_post":0,"other_logs":0,"out_stock_days":0,"lost_sales":0,"has_location":false,"update_date":"2025-03-26T11:10:32","atum_locations":[],"atum_stock_status":"instock","restock_status":false,"low_stock_amount":"","sales_update_date":"2025-03-26T11:10:32","calc_backorders":null,"_links":{"self":[{"href":"https:\/\/onesportmallorca.com\/ca\/wp-json\/wp\/v2\/product\/24930","targetHints":{"allow":["GET"]}}],"collection":[{"href":"https:\/\/onesportmallorca.com\/ca\/wp-json\/wp\/v2\/product"}],"about":[{"href":"https:\/\/onesportmallorca.com\/ca\/wp-json\/wp\/v2\/types\/product"}],"wp:featuredmedia":[{"embeddable":true,"href":"https:\/\/onesportmallorca.com\/ca\/wp-json\/wp\/v2\/media\/15076"}],"wp:attachment":[{"href":"https:\/\/onesportmallorca.com\/ca\/wp-json\/wp\/v2\/media?parent=24930"}],"wp:term":[{"taxonomy":"product_brand","embeddable":true,"href":"https:\/\/onesportmallorca.com\/ca\/wp-json\/wp\/v2\/product_brand?post=24930"},{"taxonomy":"product_cat","embeddable":true,"href":"https:\/\/onesportmallorca.com\/ca\/wp-json\/wp\/v2\/product_cat?post=24930"},{"taxonomy":"product_tag","embeddable":true,"href":"https:\/\/onesportmallorca.com\/ca\/wp-json\/wp\/v2\/product_tag?post=24930"}],"curies":[{"name":"wp","href":"https:\/\/api.w.org\/{rel}","templated":true}]}}