{"id":24410,"date":"2022-11-03T07:57:16","date_gmt":"2022-11-03T06:57:16","guid":{"rendered":"https:\/\/onesportmallorca.com\/tienda\/zapatilla-adidas-gamecourt-2-w-mint-gw6262\/"},"modified":"2024-12-03T10:06:09","modified_gmt":"2024-12-03T09:06:09","slug":"zapatilla-adidas-gamecourt-2-w-mint-gw6262","status":"publish","type":"product","link":"https:\/\/onesportmallorca.com\/ca\/producto\/zapatilla-adidas-gamecourt-2-w-mint-gw6262\/","title":{"rendered":"Zapatilla Adidas GameCourt 2 W Mint (GW6262)"},"content":{"rendered":"<p>DESCRIPCI\u00d3N<\/p>\n<p>No pierdas ni un gramo de confianza. La parte superior de malla ligera y el tal\u00f3n acolchado de la zapatilla adidas Gamecourt 2.0 la convierten en la compa\u00f1era perfecta en la pista de tenis. La mediasuela de EVA te permite cubrir con comodidad todos los \u00e1ngulos. La suela Adiwear garantiza una excelente tracci\u00f3n y resistencia al desgaste en los cambios de direcci\u00f3n en pistas duras.<\/p>\n<p>&nbsp;<\/p>\n<div class=\"vtex-flex-layout-0-x-flexRow vtex-flex-layout-0-x-flexRow--ProductDetailSpecificationsTextAndValue\">\n<div class=\"flex mt0 mb0 pt0 pb0 justify-start vtex-flex-layout-0-x-flexRowContent vtex-flex-layout-0-x-flexRowContent--ProductDetailSpecificationsTextAndValue items-stretch w-100\">\n<div class=\"pr4 items-stretch flex\"><span class=\"vtex-product-specifications-1-x-specificationName\" data-specification-group=\"Especificaciones\" data-specification-name=\"Grupo de Edad\">Grupo de Edad<\/span>:<\/div>\n<div class=\"pr0 items-stretch flex\"><span class=\"vtex-product-specifications-1-x-specificationValue vtex-product-specifications-1-x-specificationValue--first vtex-product-specifications-1-x-specificationValue--last\" data-specification-group=\"Especificaciones\" data-specification-name=\"Grupo de Edad\" data-specification-value=\"Adulto\">Adulto<\/span><\/div>\n<div><\/div>\n<\/div>\n<\/div>\n<div class=\"vtex-flex-layout-0-x-flexRow vtex-flex-layout-0-x-flexRow--ProductDetailSpecificationsTextAndValue\">\n<div class=\"flex mt0 mb0 pt0 pb0 justify-start vtex-flex-layout-0-x-flexRowContent vtex-flex-layout-0-x-flexRowContent--ProductDetailSpecificationsTextAndValue items-stretch w-100\">\n<div class=\"pr4 items-stretch flex\"><span class=\"vtex-product-specifications-1-x-specificationName\" data-specification-group=\"Especificaciones\" data-specification-name=\"Linea MRKT Corp\">Linea MRKT Corp<\/span>:<\/div>\n<div class=\"pr0 items-stretch flex\"><span class=\"vtex-product-specifications-1-x-specificationValue vtex-product-specifications-1-x-specificationValue--first vtex-product-specifications-1-x-specificationValue--last\" data-specification-group=\"Especificaciones\" data-specification-name=\"Linea MRKT Corp\" data-specification-value=\"Sport Performance\">Sport Performance<\/span><\/div>\n<div><\/div>\n<\/div>\n<\/div>\n<div class=\"vtex-flex-layout-0-x-flexRow vtex-flex-layout-0-x-flexRow--ProductDetailSpecificationsTextAndValue\">\n<div class=\"flex mt0 mb0 pt0 pb0 justify-start vtex-flex-layout-0-x-flexRowContent vtex-flex-layout-0-x-flexRowContent--ProductDetailSpecificationsTextAndValue items-stretch w-100\">\n<div class=\"pr4 items-stretch flex\"><span class=\"vtex-product-specifications-1-x-specificationName\" data-specification-group=\"Especificaciones\" data-specification-name=\"Categoria Deporte\">Categoria Deporte<\/span>:<\/div>\n<div class=\"pr0 items-stretch flex\"><span class=\"vtex-product-specifications-1-x-specificationValue vtex-product-specifications-1-x-specificationValue--first vtex-product-specifications-1-x-specificationValue--last\" data-specification-group=\"Especificaciones\" data-specification-name=\"Categoria Deporte\" data-specification-value=\"Tennis\">Tennis<\/span><\/div>\n<div><\/div>\n<\/div>\n<\/div>\n<div class=\"vtex-flex-layout-0-x-flexRow vtex-flex-layout-0-x-flexRow--ProductDetailSpecificationsTextAndValue\">\n<div class=\"flex mt0 mb0 pt0 pb0 justify-start vtex-flex-layout-0-x-flexRowContent vtex-flex-layout-0-x-flexRowContent--ProductDetailSpecificationsTextAndValue items-stretch w-100\">\n<div class=\"pr4 items-stretch flex\"><span class=\"vtex-product-specifications-1-x-specificationName\" data-specification-group=\"Especificaciones\" data-specification-name=\"Segmento\">Segmento<\/span>:<\/div>\n<div class=\"pr0 items-stretch flex\"><span class=\"vtex-product-specifications-1-x-specificationValue vtex-product-specifications-1-x-specificationValue--first vtex-product-specifications-1-x-specificationValue--last\" data-specification-group=\"Especificaciones\" data-specification-name=\"Segmento\" data-specification-value=\"Shoes - Low (Non Football)\">Shoes &#8211; Low (Non Football)<\/span><\/div>\n<div><\/div>\n<\/div>\n<\/div>\n<div class=\"vtex-flex-layout-0-x-flexRow vtex-flex-layout-0-x-flexRow--ProductDetailSpecificationsTextAndValue\">\n<div class=\"flex mt0 mb0 pt0 pb0 justify-start vtex-flex-layout-0-x-flexRowContent vtex-flex-layout-0-x-flexRowContent--ProductDetailSpecificationsTextAndValue items-stretch w-100\">\n<div class=\"pr4 items-stretch flex\"><span class=\"vtex-product-specifications-1-x-specificationName\" data-specification-group=\"Especificaciones\" data-specification-name=\"Tipo de Producto\">Tipo de Producto<\/span>:<\/div>\n<div class=\"pr0 items-stretch flex\"><span class=\"vtex-product-specifications-1-x-specificationValue vtex-product-specifications-1-x-specificationValue--first vtex-product-specifications-1-x-specificationValue--last\" data-specification-group=\"Especificaciones\" data-specification-name=\"Tipo de Producto\" data-specification-value=\"Zapatilla\">Zapatilla<\/span><\/div>\n<div><\/div>\n<\/div>\n<\/div>\n<div class=\"vtex-flex-layout-0-x-flexRow vtex-flex-layout-0-x-flexRow--ProductDetailSpecificationsTextAndValue\">\n<div class=\"flex mt0 mb0 pt0 pb0 justify-start vtex-flex-layout-0-x-flexRowContent vtex-flex-layout-0-x-flexRowContent--ProductDetailSpecificationsTextAndValue items-stretch w-100\">\n<div class=\"pr4 items-stretch flex\"><span class=\"vtex-product-specifications-1-x-specificationName\" data-specification-group=\"Especificaciones\" data-specification-name=\"Categoria Linea Mrkt\">Categoria Linea Mrkt<\/span>:<\/div>\n<div class=\"pr0 items-stretch flex\"><span class=\"vtex-product-specifications-1-x-specificationValue vtex-product-specifications-1-x-specificationValue--first vtex-product-specifications-1-x-specificationValue--last\" data-specification-group=\"Especificaciones\" data-specification-name=\"Categoria Linea Mrkt\" data-specification-value=\"Performance Tennis\">Performance Tennis<\/span><\/div>\n<div><\/div>\n<\/div>\n<\/div>\n<div class=\"vtex-flex-layout-0-x-flexRow vtex-flex-layout-0-x-flexRow--ProductDetailSpecificationsTextAndValue\">\n<div class=\"flex mt0 mb0 pt0 pb0 justify-start vtex-flex-layout-0-x-flexRowContent vtex-flex-layout-0-x-flexRowContent--ProductDetailSpecificationsTextAndValue items-stretch w-100\">\n<div class=\"pr4 items-stretch flex\"><span class=\"vtex-product-specifications-1-x-specificationName\" data-specification-group=\"Especificaciones\" data-specification-name=\"Composicion\">Composicion<\/span>:<\/div>\n<div class=\"pr0 items-stretch flex\"><span class=\"vtex-product-specifications-1-x-specificationValue vtex-product-specifications-1-x-specificationValue--first vtex-product-specifications-1-x-specificationValue--last\" data-specification-group=\"Especificaciones\" data-specification-name=\"Composicion\" data-specification-value=\"Horma Cl\u00e1sica, Cierre de Cordones, Parte superior de malla perforada, Panel acolchado en el tobillo, Forro textil\">Horma Cl\u00e1sica, Cierre de Cordones, Parte superior de malla perforada, Panel acolchado en el tobillo, Forro textil<\/span><\/div>\n<div><\/div>\n<\/div>\n<\/div>\n<div class=\"vtex-flex-layout-0-x-flexRow vtex-flex-layout-0-x-flexRow--ProductDetailSpecificationsTextAndValue\">\n<div class=\"flex mt0 mb0 pt0 pb0 justify-start vtex-flex-layout-0-x-flexRowContent vtex-flex-layout-0-x-flexRowContent--ProductDetailSpecificationsTextAndValue items-stretch w-100\">\n<div class=\"pr4 items-stretch flex\"><span class=\"vtex-product-specifications-1-x-specificationName\" data-specification-group=\"Especificaciones\" data-specification-name=\"Deporte B2B\">Deporte B2B<\/span>:<\/div>\n<div class=\"pr0 items-stretch flex\"><span class=\"vtex-product-specifications-1-x-specificationValue vtex-product-specifications-1-x-specificationValue--first vtex-product-specifications-1-x-specificationValue--last\" data-specification-group=\"Especificaciones\" data-specification-name=\"Deporte B2B\" data-specification-value=\"Tenis\">Tenis<\/span><\/div>\n<div><\/div>\n<\/div>\n<\/div>\n<div class=\"vtex-flex-layout-0-x-flexRow vtex-flex-layout-0-x-flexRow--ProductDetailSpecificationsTextAndValue\">\n<div class=\"flex mt0 mb0 pt0 pb0 justify-start vtex-flex-layout-0-x-flexRowContent vtex-flex-layout-0-x-flexRowContent--ProductDetailSpecificationsTextAndValue items-stretch w-100\">\n<div class=\"pr4 items-stretch flex\"><span class=\"vtex-product-specifications-1-x-specificationName\" data-specification-group=\"Especificaciones\" data-specification-name=\"Tipo Producto B2B\">Tipo Producto B2B<\/span>:<\/div>\n<div class=\"pr0 items-stretch flex\"><span class=\"vtex-product-specifications-1-x-specificationValue vtex-product-specifications-1-x-specificationValue--first vtex-product-specifications-1-x-specificationValue--last\" data-specification-group=\"Especificaciones\" data-specification-name=\"Tipo Producto B2B\" data-specification-value=\"Otras Zapatillas Deportivas\">Otras Zapatillas Deportivas<\/span><\/div>\n<div><\/div>\n<\/div>\n<\/div>\n<div class=\"vtex-flex-layout-0-x-flexRow vtex-flex-layout-0-x-flexRow--ProductDetailSpecificationsTextAndValue\">\n<div class=\"flex mt0 mb0 pt0 pb0 justify-start vtex-flex-layout-0-x-flexRowContent vtex-flex-layout-0-x-flexRowContent--ProductDetailSpecificationsTextAndValue items-stretch w-100\">\n<div class=\"pr4 items-stretch flex\"><span class=\"vtex-product-specifications-1-x-specificationName\" data-specification-group=\"Especificaciones\" data-specification-name=\"Color\">Color<\/span>:<\/div>\n<div class=\"pr0 items-stretch flex\"><span class=\"vtex-product-specifications-1-x-specificationValue vtex-product-specifications-1-x-specificationValue--first vtex-product-specifications-1-x-specificationValue--last\" data-specification-group=\"Especificaciones\" data-specification-name=\"Color\" data-specification-value=\"Turquesa\">Turquesa<\/span><\/div>\n<div><\/div>\n<\/div>\n<\/div>\n<div class=\"vtex-flex-layout-0-x-flexRow vtex-flex-layout-0-x-flexRow--ProductDetailSpecificationsTextAndValue\">\n<div class=\"flex mt0 mb0 pt0 pb0 justify-start vtex-flex-layout-0-x-flexRowContent vtex-flex-layout-0-x-flexRowContent--ProductDetailSpecificationsTextAndValue items-stretch w-100\">\n<div class=\"pr4 items-stretch flex\"><span class=\"vtex-product-specifications-1-x-specificationName\" data-specification-group=\"Especificaciones\" data-specification-name=\"Genero\">Genero<\/span>:<\/div>\n<div class=\"pr0 items-stretch flex\"><span class=\"vtex-product-specifications-1-x-specificationValue vtex-product-specifications-1-x-specificationValue--first vtex-product-specifications-1-x-specificationValue--last\" data-specification-group=\"Especificaciones\" data-specification-name=\"Genero\" data-specification-value=\"Mujer\">Mujer<\/span><\/div>\n<\/div>\n<\/div>\n","protected":false},"excerpt":{"rendered":"<p>DESCRIPCI\u00d3N No pierdas ni un gramo de confianza. La parte superior de malla ligera y el tal\u00f3n acolchado de la<\/p>\n","protected":false},"featured_media":15443,"template":"","meta":[],"product_brand":[],"product_cat":[2239],"product_tag":[],"class_list":{"0":"post-24410","1":"product","2":"type-product","3":"status-publish","4":"has-post-thumbnail","6":"product_cat-calcat","8":"first","9":"instock","10":"taxable","11":"shipping-taxable","12":"purchasable","13":"product-type-variable","14":"rtwpvg-product"},"supplier_id":null,"supplier_sku":"","barcode":null,"atum_controlled":true,"out_stock_date":null,"out_stock_threshold":null,"inheritable":true,"inbound_stock":0,"stock_on_hold":0,"sold_today":1,"sales_last_days":1,"reserved_stock":0,"customer_returns":0,"warehouse_damage":0,"lost_in_post":0,"other_logs":0,"out_stock_days":0,"lost_sales":0,"has_location":false,"update_date":"2025-06-20T10:02:38","atum_locations":[],"atum_stock_status":"instock","restock_status":false,"low_stock_amount":"","sales_update_date":"2025-06-20T10:02:38","calc_backorders":null,"_links":{"self":[{"href":"https:\/\/onesportmallorca.com\/ca\/wp-json\/wp\/v2\/product\/24410","targetHints":{"allow":["GET"]}}],"collection":[{"href":"https:\/\/onesportmallorca.com\/ca\/wp-json\/wp\/v2\/product"}],"about":[{"href":"https:\/\/onesportmallorca.com\/ca\/wp-json\/wp\/v2\/types\/product"}],"wp:featuredmedia":[{"embeddable":true,"href":"https:\/\/onesportmallorca.com\/ca\/wp-json\/wp\/v2\/media\/15443"}],"wp:attachment":[{"href":"https:\/\/onesportmallorca.com\/ca\/wp-json\/wp\/v2\/media?parent=24410"}],"wp:term":[{"taxonomy":"product_brand","embeddable":true,"href":"https:\/\/onesportmallorca.com\/ca\/wp-json\/wp\/v2\/product_brand?post=24410"},{"taxonomy":"product_cat","embeddable":true,"href":"https:\/\/onesportmallorca.com\/ca\/wp-json\/wp\/v2\/product_cat?post=24410"},{"taxonomy":"product_tag","embeddable":true,"href":"https:\/\/onesportmallorca.com\/ca\/wp-json\/wp\/v2\/product_tag?post=24410"}],"curies":[{"name":"wp","href":"https:\/\/api.w.org\/{rel}","templated":true}]}}