{"id":24284,"date":"2022-11-03T07:57:49","date_gmt":"2022-11-03T06:57:49","guid":{"rendered":"https:\/\/onesportmallorca.com\/tienda\/km4-black-green\/"},"modified":"2024-12-09T19:22:35","modified_gmt":"2024-12-09T18:22:35","slug":"km4-black-green","status":"publish","type":"product","link":"https:\/\/onesportmallorca.com\/ca\/producto\/km4-black-green\/","title":{"rendered":"KM4 Black\/Green"},"content":{"rendered":"<p>Zapatillas de ciclismo MTB de punto excepcionalmente ligeras gracias a la estructura de punto h\u00edbrido. Ideales para senderos.<\/p>\n<p>La excepcional versatilidad de las KM4 te permite disfrutar de un rendimiento excepcional en Mountain Bikes, Gravel y cualquier otro estilo que prefieras. El inserto de punto el\u00e1stico combinado con una malla abierta resistente a la abrasi\u00f3n mantendr\u00e1 tus pies frescos y c\u00f3modos. El sistema de ajuste BOA\u00ae y la suela exterior bicomponente ofrecen un rendimiento duradero.<\/p>\n<p>&nbsp;<\/p>\n<p><strong>CARACTER\u00cdSTICAS T\u00c9CNICAS<\/strong><\/p>\n<p>\u25cf Parte superior de punto h\u00edbrido Engineered Knit.<\/p>\n<p>\u25cf Malla transpirable para ventilaci\u00f3n.<\/p>\n<p>\u25cf Sistema de ajuste Boa\u00ae con dial L6 \u00fanico.<\/p>\n<p>\u25cf Detalles reflectantes.<\/p>\n<p>\u25cf Recubrimiento resistente a la abrasi\u00f3n en la puntera para mayor protecci\u00f3n.<\/p>\n<p>\u25cf Suela exterior de composite bicomponente con insertos para tacos en la puntera.<\/p>\n<p>&nbsp;<\/p>\n<p>Para garantizar la limpieza m\u00e1s eficaz y segura de las zapatillas KM4, te recomendamos utilizar un jab\u00f3n suave o un pa\u00f1o h\u00famedo. Nunca utilices disolventes, diluyentes de pintura ni productos qu\u00edmicos agresivos. Para saber m\u00e1s sobre c\u00f3mo cuidar tu calzado, consulta la secci\u00f3n correspondiente.<\/p>\n","protected":false},"excerpt":{"rendered":"<p>Zapatillas de ciclismo MTB de punto excepcionalmente ligeras gracias a la estructura de punto h\u00edbrido. Ideales para senderos. La excepcional<\/p>\n","protected":false},"featured_media":15548,"template":"","meta":[],"product_brand":[],"product_cat":[6441,2239],"product_tag":[],"class_list":{"0":"post-24284","1":"product","2":"type-product","3":"status-publish","4":"has-post-thumbnail","6":"product_cat-dmt-ca","7":"product_cat-calcat","9":"first","10":"instock","11":"taxable","12":"shipping-taxable","13":"purchasable","14":"product-type-variable","15":"rtwpvg-product"},"supplier_id":null,"supplier_sku":"","barcode":null,"atum_controlled":true,"out_stock_date":null,"out_stock_threshold":null,"inheritable":true,"inbound_stock":0,"stock_on_hold":0,"sold_today":1,"sales_last_days":1,"reserved_stock":0,"customer_returns":0,"warehouse_damage":0,"lost_in_post":0,"other_logs":0,"out_stock_days":0,"lost_sales":0,"has_location":false,"update_date":"2025-07-15T17:28:09","atum_locations":[],"atum_stock_status":"instock","restock_status":false,"low_stock_amount":"","sales_update_date":"2025-03-27T12:45:35","calc_backorders":null,"_links":{"self":[{"href":"https:\/\/onesportmallorca.com\/ca\/wp-json\/wp\/v2\/product\/24284","targetHints":{"allow":["GET"]}}],"collection":[{"href":"https:\/\/onesportmallorca.com\/ca\/wp-json\/wp\/v2\/product"}],"about":[{"href":"https:\/\/onesportmallorca.com\/ca\/wp-json\/wp\/v2\/types\/product"}],"wp:featuredmedia":[{"embeddable":true,"href":"https:\/\/onesportmallorca.com\/ca\/wp-json\/wp\/v2\/media\/15548"}],"wp:attachment":[{"href":"https:\/\/onesportmallorca.com\/ca\/wp-json\/wp\/v2\/media?parent=24284"}],"wp:term":[{"taxonomy":"product_brand","embeddable":true,"href":"https:\/\/onesportmallorca.com\/ca\/wp-json\/wp\/v2\/product_brand?post=24284"},{"taxonomy":"product_cat","embeddable":true,"href":"https:\/\/onesportmallorca.com\/ca\/wp-json\/wp\/v2\/product_cat?post=24284"},{"taxonomy":"product_tag","embeddable":true,"href":"https:\/\/onesportmallorca.com\/ca\/wp-json\/wp\/v2\/product_tag?post=24284"}],"curies":[{"name":"wp","href":"https:\/\/api.w.org\/{rel}","templated":true}]}}