{"id":24264,"date":"2022-11-03T07:57:58","date_gmt":"2022-11-03T06:57:58","guid":{"rendered":"https:\/\/onesportmallorca.com\/tienda\/dmt-d6-white\/"},"modified":"2025-02-12T11:59:32","modified_gmt":"2025-02-12T10:59:32","slug":"dmt-d6-white","status":"publish","type":"product","link":"https:\/\/onesportmallorca.com\/ca\/producto\/dmt-d6-white\/","title":{"rendered":"DMT D6 White"},"content":{"rendered":"<p><strong>Zapatillas DMT D6<\/strong>\u00a0son ideales para aquellos que se inician en la carretera, gracias a su tecnologia FG CONCEPT NYLON proporcionan una suela r\u00edgida a la vez que c\u00f2moda.<\/p>\n<p>&nbsp;<\/p>\n<p>SUELA: suela FG CONCEPT hecha de nylon y fibra de vidrio + nueva almohadilla de tal\u00f3n intercambiable<\/p>\n<p>SOCKLINER: polipropilene 100% + agujeros para garantizar el \u00e1rea m\u00e1xima<\/p>\n<p>TAL\u00d3N: reforzado para cerrar mejor pie + contador externo neutral con orificio<\/p>\n<p>CIERRE: 1 correa + 2 tiras fusionadas en el cuello<\/p>\n<p>SUPERIOR: material de microfibra muy suave con acabado mate<\/p>\n<p>LENGUA: suave con espuma en el interior + material de cubierta performant + transpirante<\/p>\n<p>ACOLCHADO: espuma interior para una m\u00e1xima comodidad<\/p>\n<p>PESO: 265 gr<\/p>\n<p>Tecnolog\u00edas:<\/p>\n<p>FG CONCEPT NYLON:<\/p>\n<p>La suela FG CONCEPT NYLON est\u00e1 compuesta de nylon y fibra de vidrio (30%). Tiene un tal\u00f3n trasero de doble capa de nylon y poliuretano termopl\u00e1stico y un tejido de fibra de carbono obtenido por presi\u00f3n en caliente.<\/p>\n","protected":false},"excerpt":{"rendered":"<p>Zapatillas DMT D6\u00a0son ideales para aquellos que se inician en la carretera, gracias a su tecnologia FG CONCEPT NYLON proporcionan<\/p>\n","protected":false},"featured_media":15566,"template":"","meta":[],"product_brand":[],"product_cat":[6441,2239],"product_tag":[],"class_list":{"0":"post-24264","1":"product","2":"type-product","3":"status-publish","4":"has-post-thumbnail","6":"product_cat-dmt-ca","7":"product_cat-calcat","9":"first","10":"instock","11":"sale","12":"taxable","13":"shipping-taxable","14":"purchasable","15":"product-type-variable","16":"has-default-attributes","17":"rtwpvg-product"},"supplier_id":null,"supplier_sku":"","barcode":null,"atum_controlled":true,"out_stock_date":null,"out_stock_threshold":null,"inheritable":true,"inbound_stock":0,"stock_on_hold":0,"sold_today":0,"sales_last_days":0,"reserved_stock":0,"customer_returns":0,"warehouse_damage":0,"lost_in_post":0,"other_logs":0,"out_stock_days":0,"lost_sales":0,"has_location":true,"update_date":"2025-06-20T09:24:40","atum_locations":[{"id":5967,"name":"Shop Duva","slug":"shop_duva"}],"atum_stock_status":"instock","restock_status":false,"low_stock_amount":"","sales_update_date":"2025-06-20T09:24:40","calc_backorders":null,"_links":{"self":[{"href":"https:\/\/onesportmallorca.com\/ca\/wp-json\/wp\/v2\/product\/24264","targetHints":{"allow":["GET"]}}],"collection":[{"href":"https:\/\/onesportmallorca.com\/ca\/wp-json\/wp\/v2\/product"}],"about":[{"href":"https:\/\/onesportmallorca.com\/ca\/wp-json\/wp\/v2\/types\/product"}],"wp:featuredmedia":[{"embeddable":true,"href":"https:\/\/onesportmallorca.com\/ca\/wp-json\/wp\/v2\/media\/15566"}],"wp:attachment":[{"href":"https:\/\/onesportmallorca.com\/ca\/wp-json\/wp\/v2\/media?parent=24264"}],"wp:term":[{"taxonomy":"product_brand","embeddable":true,"href":"https:\/\/onesportmallorca.com\/ca\/wp-json\/wp\/v2\/product_brand?post=24264"},{"taxonomy":"product_cat","embeddable":true,"href":"https:\/\/onesportmallorca.com\/ca\/wp-json\/wp\/v2\/product_cat?post=24264"},{"taxonomy":"product_tag","embeddable":true,"href":"https:\/\/onesportmallorca.com\/ca\/wp-json\/wp\/v2\/product_tag?post=24264"}],"curies":[{"name":"wp","href":"https:\/\/api.w.org\/{rel}","templated":true}]}}