{"id":24262,"date":"2022-11-03T07:58:00","date_gmt":"2022-11-03T06:58:00","guid":{"rendered":"https:\/\/onesportmallorca.com\/tienda\/dmt-d5-pink-fluo-black-orange\/"},"modified":"2025-02-12T12:03:41","modified_gmt":"2025-02-12T11:03:41","slug":"dmt-d5-pink-fluo-black-orange","status":"publish","type":"product","link":"https:\/\/onesportmallorca.com\/ca\/producto\/dmt-d5-pink-fluo-black-orange\/","title":{"rendered":"DMT D5 Pink Fluo \/ Black \/ Orange"},"content":{"rendered":"<p>Las\u00a0<strong>Zapatillas DMT D5<\/strong>\u00a0comparten la misma est\u00e9tica y cierre BOA que la D3 pero con la suela FG Concept de nylon y un 32% de fibra de vidrio. El tal\u00f3n est\u00e1 reforzado para mejorar el ajuste del pie a la zapatilla.<\/p>\n<p>&nbsp;<\/p>\n<p><strong>Caracter\u00edsticas:<\/strong><\/p>\n<p>&#8211; Suela realizada con FG Concept de nylon y un 32% de fibra de vidrio<\/p>\n<p>&#8211; Tal\u00f3n reforzado<\/p>\n<p>&#8211; Calas no incluidas<\/p>\n<p>&#8211; Cierre 1 L5 BOA<\/p>\n<p>&#8211; Peso: 260 g en talla 41<\/p>\n","protected":false},"excerpt":{"rendered":"<p>Las\u00a0Zapatillas DMT D5\u00a0comparten la misma est\u00e9tica y cierre BOA que la D3 pero con la suela FG Concept de nylon<\/p>\n","protected":false},"featured_media":15571,"template":"","meta":[],"product_brand":[],"product_cat":[6441,2239],"product_tag":[],"class_list":{"0":"post-24262","1":"product","2":"type-product","3":"status-publish","4":"has-post-thumbnail","6":"product_cat-dmt-ca","7":"product_cat-calcat","9":"first","10":"instock","11":"sale","12":"taxable","13":"shipping-taxable","14":"purchasable","15":"product-type-variable","16":"has-default-attributes","17":"rtwpvg-product"},"supplier_id":null,"supplier_sku":"","barcode":null,"atum_controlled":true,"out_stock_date":null,"out_stock_threshold":null,"inheritable":true,"inbound_stock":0,"stock_on_hold":0,"sold_today":0,"sales_last_days":0,"reserved_stock":0,"customer_returns":0,"warehouse_damage":0,"lost_in_post":0,"other_logs":0,"out_stock_days":0,"lost_sales":0,"has_location":true,"update_date":"2025-06-20T09:24:40","atum_locations":[{"id":5967,"name":"Shop Duva","slug":"shop_duva"}],"atum_stock_status":"instock","restock_status":false,"low_stock_amount":"","sales_update_date":"2025-06-20T09:24:40","calc_backorders":null,"_links":{"self":[{"href":"https:\/\/onesportmallorca.com\/ca\/wp-json\/wp\/v2\/product\/24262","targetHints":{"allow":["GET"]}}],"collection":[{"href":"https:\/\/onesportmallorca.com\/ca\/wp-json\/wp\/v2\/product"}],"about":[{"href":"https:\/\/onesportmallorca.com\/ca\/wp-json\/wp\/v2\/types\/product"}],"wp:featuredmedia":[{"embeddable":true,"href":"https:\/\/onesportmallorca.com\/ca\/wp-json\/wp\/v2\/media\/15571"}],"wp:attachment":[{"href":"https:\/\/onesportmallorca.com\/ca\/wp-json\/wp\/v2\/media?parent=24262"}],"wp:term":[{"taxonomy":"product_brand","embeddable":true,"href":"https:\/\/onesportmallorca.com\/ca\/wp-json\/wp\/v2\/product_brand?post=24262"},{"taxonomy":"product_cat","embeddable":true,"href":"https:\/\/onesportmallorca.com\/ca\/wp-json\/wp\/v2\/product_cat?post=24262"},{"taxonomy":"product_tag","embeddable":true,"href":"https:\/\/onesportmallorca.com\/ca\/wp-json\/wp\/v2\/product_tag?post=24262"}],"curies":[{"name":"wp","href":"https:\/\/api.w.org\/{rel}","templated":true}]}}