{"id":24255,"date":"2022-11-03T07:58:02","date_gmt":"2022-11-03T06:58:02","guid":{"rendered":"https:\/\/onesportmallorca.com\/tienda\/kr4-black-silver\/"},"modified":"2024-12-09T19:26:52","modified_gmt":"2024-12-09T18:26:52","slug":"kr4-black-silver","status":"publish","type":"product","link":"https:\/\/onesportmallorca.com\/ca\/producto\/kr4-black-silver\/","title":{"rendered":"KR4 Black\/Silver"},"content":{"rendered":"<p>Zapatillas de ciclismo de carretera KR4 de tejido liso y construcci\u00f3n de tejido h\u00edbrido para un rendimiento supremo.<\/p>\n<p>KR4 no compromete el ajuste ni la comodidad y cuenta con un inserto de tejido central que a\u00f1ade elasticidad adicional combinado con un material superior de malla transpirable. El sistema de ajuste BOA\u00ae y nuestra suela exterior de nailon compuesto garantizan los m\u00e1ximos niveles de rendimiento.<\/p>\n<p>CARACTER\u00cdSTICAS T\u00c9CNICAS<\/p>\n<p>\u25cf Parte superior de tejido h\u00edbrido completo.<\/p>\n<p>\u25cf Malla transpirable para ventilaci\u00f3n.<\/p>\n<p>\u25cf Sistema Boa\u00aeFit con dial L6 \u00fanico.<\/p>\n<p>\u25cf Detalles reflectantes.<\/p>\n<p>\u25cf Suela exterior de nailon compuesto.<\/p>\n<p>Para garantizar la limpieza m\u00e1s eficaz y segura de las zapatillas KR4, recomendamos utilizar un jab\u00f3n suave o un pa\u00f1o h\u00famedo. Nunca utilice disolventes, diluyentes de pintura ni productos qu\u00edmicos agresivos. Para obtener m\u00e1s informaci\u00f3n sobre c\u00f3mo cuidar sus zapatillas, consulte la secci\u00f3n correspondiente.<\/p>\n","protected":false},"excerpt":{"rendered":"<p>Zapatillas de ciclismo de carretera KR4 de tejido liso y construcci\u00f3n de tejido h\u00edbrido para un rendimiento supremo. KR4 no<\/p>\n","protected":false},"featured_media":15579,"template":"","meta":[],"product_brand":[],"product_cat":[6441,2239],"product_tag":[],"class_list":{"0":"post-24255","1":"product","2":"type-product","3":"status-publish","4":"has-post-thumbnail","6":"product_cat-dmt-ca","7":"product_cat-calcat","9":"first","10":"instock","11":"taxable","12":"shipping-taxable","13":"purchasable","14":"product-type-variable","15":"rtwpvg-product"},"supplier_id":null,"supplier_sku":"","barcode":null,"atum_controlled":true,"out_stock_date":null,"out_stock_threshold":null,"inheritable":true,"inbound_stock":0,"stock_on_hold":0,"sold_today":0,"sales_last_days":0,"reserved_stock":0,"customer_returns":0,"warehouse_damage":0,"lost_in_post":0,"other_logs":0,"out_stock_days":0,"lost_sales":0,"has_location":false,"update_date":"2025-02-27T22:44:16","atum_locations":[],"atum_stock_status":"instock","restock_status":false,"low_stock_amount":"","sales_update_date":"2024-02-15T23:05:23","calc_backorders":null,"_links":{"self":[{"href":"https:\/\/onesportmallorca.com\/ca\/wp-json\/wp\/v2\/product\/24255","targetHints":{"allow":["GET"]}}],"collection":[{"href":"https:\/\/onesportmallorca.com\/ca\/wp-json\/wp\/v2\/product"}],"about":[{"href":"https:\/\/onesportmallorca.com\/ca\/wp-json\/wp\/v2\/types\/product"}],"wp:featuredmedia":[{"embeddable":true,"href":"https:\/\/onesportmallorca.com\/ca\/wp-json\/wp\/v2\/media\/15579"}],"wp:attachment":[{"href":"https:\/\/onesportmallorca.com\/ca\/wp-json\/wp\/v2\/media?parent=24255"}],"wp:term":[{"taxonomy":"product_brand","embeddable":true,"href":"https:\/\/onesportmallorca.com\/ca\/wp-json\/wp\/v2\/product_brand?post=24255"},{"taxonomy":"product_cat","embeddable":true,"href":"https:\/\/onesportmallorca.com\/ca\/wp-json\/wp\/v2\/product_cat?post=24255"},{"taxonomy":"product_tag","embeddable":true,"href":"https:\/\/onesportmallorca.com\/ca\/wp-json\/wp\/v2\/product_tag?post=24255"}],"curies":[{"name":"wp","href":"https:\/\/api.w.org\/{rel}","templated":true}]}}