{"id":22273,"date":"2022-11-03T08:09:07","date_gmt":"2022-11-03T08:09:07","guid":{"rendered":"https:\/\/onesportmallorca.com\/tienda\/chaqueta-endless-breath-black-40088-1\/"},"modified":"2026-03-19T11:19:01","modified_gmt":"2026-03-19T10:19:01","slug":"chaqueta-endless-breath-black-40088-1","status":"publish","type":"product","link":"https:\/\/onesportmallorca.com\/ca\/producto\/chaqueta-endless-breath-black-40088-1\/","title":{"rendered":"Chaqueta Endless Breath (40088)"},"content":{"rendered":"<p class=\"descripcion_corta_producto\">Chaqueta t\u00e9cnica<\/p>\n<p>&nbsp;<\/p>\n<p class=\"descripcion_larga_producto\">La <strong>Chaqueta Endless\u00ae Breath<\/strong> est\u00e1 elaborada con un tejido transpirable y el\u00e1stico de alta calidad con certificaci\u00f3n oficial Lycra\u00ae que se adapta a todos tus movimientos. Gracias a su tecnolog\u00eda de micro-canales aislantes absorbe el sudor y lo expulsa r\u00e1pidamente para ayudarte a estar seca y c\u00f3moda durante tus entrenos.<\/p>\n<p>\u00bfQu\u00e9 la hace especial?:<br \/>\n\u2022 Ajuste holgado para m\u00e1xima comodidad.<br \/>\n\u2022 Capucha con cuello alto que te aporta mayor confort.<br \/>\n\u2022 Ligera y transpirable.<br \/>\n\u2022 Elaborada con tejido el\u00e1stico bi-direccional que te permite moverte sin l\u00edmites.<\/p>\n<p>Composici\u00f3n:<br \/>\n80% Poliamida \u2013 20% LycraSport<\/p>\n","protected":false},"excerpt":{"rendered":"<p>Chaqueta t\u00e9cnica &nbsp; La Chaqueta Endless\u00ae Breath est\u00e1 elaborada con un tejido transpirable y el\u00e1stico de alta calidad con certificaci\u00f3n<\/p>\n","protected":false},"featured_media":17364,"template":"","meta":[],"product_brand":[7284],"product_cat":[6386,5950,2243],"product_tag":[],"class_list":{"0":"post-22273","1":"product","2":"type-product","3":"status-publish","4":"has-post-thumbnail","6":"product_brand-endless","7":"product_cat-endless-ca","8":"product_cat-roba","9":"product_cat-jaqueta","11":"first","12":"instock","13":"taxable","14":"shipping-taxable","15":"purchasable","16":"product-type-variable","17":"has-default-attributes","18":"rtwpvg-product"},"supplier_id":null,"supplier_sku":"","barcode":null,"atum_controlled":true,"out_stock_date":"2024-02-18 00:29:07","out_stock_threshold":null,"inheritable":true,"inbound_stock":0,"stock_on_hold":0,"sold_today":3,"sales_last_days":3,"reserved_stock":0,"customer_returns":0,"warehouse_damage":0,"lost_in_post":0,"other_logs":0,"out_stock_days":760,"lost_sales":0,"has_location":true,"update_date":"2026-04-07T08:20:29","atum_locations":[{"id":5967,"name":"Shop Duva","slug":"shop_duva"},{"id":6282,"name":"Tienda Onesport","slug":"tienda_onesport"}],"atum_stock_status":"instock","restock_status":false,"low_stock_amount":"","sales_update_date":"2025-03-27T13:03:46","calc_backorders":null,"_links":{"self":[{"href":"https:\/\/onesportmallorca.com\/ca\/wp-json\/wp\/v2\/product\/22273","targetHints":{"allow":["GET"]}}],"collection":[{"href":"https:\/\/onesportmallorca.com\/ca\/wp-json\/wp\/v2\/product"}],"about":[{"href":"https:\/\/onesportmallorca.com\/ca\/wp-json\/wp\/v2\/types\/product"}],"wp:featuredmedia":[{"embeddable":true,"href":"https:\/\/onesportmallorca.com\/ca\/wp-json\/wp\/v2\/media\/17364"}],"wp:attachment":[{"href":"https:\/\/onesportmallorca.com\/ca\/wp-json\/wp\/v2\/media?parent=22273"}],"wp:term":[{"taxonomy":"product_brand","embeddable":true,"href":"https:\/\/onesportmallorca.com\/ca\/wp-json\/wp\/v2\/product_brand?post=22273"},{"taxonomy":"product_cat","embeddable":true,"href":"https:\/\/onesportmallorca.com\/ca\/wp-json\/wp\/v2\/product_cat?post=22273"},{"taxonomy":"product_tag","embeddable":true,"href":"https:\/\/onesportmallorca.com\/ca\/wp-json\/wp\/v2\/product_tag?post=22273"}],"curies":[{"name":"wp","href":"https:\/\/api.w.org\/{rel}","templated":true}]}}