{"id":20686,"date":"2022-11-03T08:21:58","date_gmt":"2022-11-03T06:21:58","guid":{"rendered":"https:\/\/onesportmallorca.com\/tienda\/headband-on-off-white\/"},"modified":"2024-08-27T12:29:02","modified_gmt":"2024-08-27T10:29:02","slug":"headband-on-off-white","status":"publish","type":"product","link":"https:\/\/onesportmallorca.com\/ca\/producto\/headband-on-off-white\/","title":{"rendered":"Compressport Headband On\/Off"},"content":{"rendered":"<p>Una cinta deportiva amplia y termorreguladora que ofrece un calor \u00f3ptimo y elimina el sudor en condiciones m\u00e1s fr\u00edas. Altura del producto: 8,5 cm<\/p>\n","protected":false},"excerpt":{"rendered":"<p>Una cinta deportiva amplia y termorreguladora que ofrece un calor \u00f3ptimo y elimina el sudor en condiciones m\u00e1s fr\u00edas. Altura<\/p>\n","protected":false},"featured_media":55447,"template":"","meta":[],"product_brand":[],"product_cat":[6633,5852],"product_tag":[],"class_list":{"0":"post-20686","1":"product","2":"type-product","3":"status-publish","4":"has-post-thumbnail","6":"product_cat-compressport-ca","7":"product_cat-complementos-2-ca","9":"first","10":"instock","11":"taxable","12":"shipping-taxable","13":"purchasable","14":"product-type-variable","15":"has-default-attributes","16":"rtwpvg-product"},"supplier_id":null,"supplier_sku":"","barcode":null,"atum_controlled":true,"out_stock_date":null,"out_stock_threshold":null,"inheritable":true,"inbound_stock":0,"stock_on_hold":0,"sold_today":2,"sales_last_days":2,"reserved_stock":0,"customer_returns":0,"warehouse_damage":0,"lost_in_post":0,"other_logs":0,"out_stock_days":0,"lost_sales":0,"has_location":false,"update_date":"2026-04-01T09:50:54","atum_locations":[],"atum_stock_status":"outofstock","restock_status":false,"low_stock_amount":"","sales_update_date":"2025-06-06T16:12:56","calc_backorders":null,"_links":{"self":[{"href":"https:\/\/onesportmallorca.com\/ca\/wp-json\/wp\/v2\/product\/20686","targetHints":{"allow":["GET"]}}],"collection":[{"href":"https:\/\/onesportmallorca.com\/ca\/wp-json\/wp\/v2\/product"}],"about":[{"href":"https:\/\/onesportmallorca.com\/ca\/wp-json\/wp\/v2\/types\/product"}],"wp:featuredmedia":[{"embeddable":true,"href":"https:\/\/onesportmallorca.com\/ca\/wp-json\/wp\/v2\/media\/55447"}],"wp:attachment":[{"href":"https:\/\/onesportmallorca.com\/ca\/wp-json\/wp\/v2\/media?parent=20686"}],"wp:term":[{"taxonomy":"product_brand","embeddable":true,"href":"https:\/\/onesportmallorca.com\/ca\/wp-json\/wp\/v2\/product_brand?post=20686"},{"taxonomy":"product_cat","embeddable":true,"href":"https:\/\/onesportmallorca.com\/ca\/wp-json\/wp\/v2\/product_cat?post=20686"},{"taxonomy":"product_tag","embeddable":true,"href":"https:\/\/onesportmallorca.com\/ca\/wp-json\/wp\/v2\/product_tag?post=20686"}],"curies":[{"name":"wp","href":"https:\/\/api.w.org\/{rel}","templated":true}]}}